{"id":1199,"date":"2025-02-09T11:30:17","date_gmt":"2025-02-09T11:30:17","guid":{"rendered":"https:\/\/chinagxbm.com\/product\/boho-bangle-bracelet-2\/"},"modified":"2025-02-16T09:35:09","modified_gmt":"2025-02-16T09:35:09","slug":"\u062e\u0631\u0632\u0627\u062a-\u0632\u0627\u0648\u064a\u0629-\u0627\u0644\u062c\u0628\u0633-\u0627\u0644\u0645\u062b\u0642\u0628\u0629","status":"publish","type":"product","link":"https:\/\/chinagxbm.com\/ar\/product\/\u062e\u0631\u0632\u0627\u062a-\u0632\u0627\u0648\u064a\u0629-\u0627\u0644\u062c\u0628\u0633-\u0627\u0644\u0645\u062b\u0642\u0628\u0629\/","title":{"rendered":"\u062e\u0631\u0632\u0627\u062a \u0632\u0648\u0627\u064a\u0627 \u0627\u0644\u062c\u0628\u0633 \u0627\u0644\u0645\u062b\u0642\u0628\u0629"},"content":{"rendered":"<p>\u062d\u0628\u0629 \u0627\u0644\u0632\u0627\u0648\u064a\u0629 \u0627\u0644\u062c\u0628\u0633\u064a\u0629 \u0627\u0644\u0645\u062b\u0642\u0628\u0629 \u0647\u064a \u0645\u0627\u062f\u0629 \u0628\u0646\u0627\u0621 \u0645\u062a\u062e\u0635\u0635\u0629 \u0645\u0635\u0645\u0645\u0629 \u0644\u062a\u0642\u0648\u064a\u0629 \u0648\u062d\u0645\u0627\u064a\u0629 \u0632\u0648\u0627\u064a\u0627 \u0627\u0644\u062c\u062f\u0631\u0627\u0646\u060c \u062e\u0627\u0635\u0629\u064b \u062a\u0644\u0643 \u0627\u0644\u0645\u0635\u0646\u0648\u0639\u0629 \u0645\u0646 \u0627\u0644\u062c\u0628\u0633 \u0623\u0648 \u0627\u0644\u062d\u0648\u0627\u0626\u0637 \u0627\u0644\u062c\u0627\u0641\u0629. \u062a\u062a\u0645\u064a\u0632 \u0628\u062b\u0642\u0648\u0628 \u0639\u0644\u0649 \u0637\u0648\u0644 \u0633\u0637\u062d\u0647\u0627\u060c \u0645\u0645\u0627 \u064a\u0633\u0645\u062d \u0628\u0627\u0644\u062a\u062d\u0627\u0645 \u0623\u0641\u0636\u0644 \u0645\u0639 \u0645\u0631\u0643\u0628\u0627\u062a \u0627\u0644\u0648\u0635\u0644\u0627\u062a \u0623\u0648 \u0627\u0644\u062c\u0635 \u0623\u062b\u0646\u0627\u0621 \u0627\u0644\u062a\u0631\u0643\u064a\u0628. \u064a\u064f\u0633\u062a\u062e\u062f\u0645 \u0647\u0630\u0627 \u0627\u0644\u0646\u0648\u0639 \u0645\u0646 \u062e\u0631\u0632 \u0627\u0644\u0632\u0648\u0627\u064a\u0627 \u0628\u0634\u0643\u0644 \u0634\u0627\u0626\u0639 \u0641\u064a \u0643\u0644 \u0645\u0646 \u0627\u0644\u0625\u0646\u0634\u0627\u0621\u0627\u062a \u0627\u0644\u0633\u0643\u0646\u064a\u0629 \u0648\u0627\u0644\u062a\u062c\u0627\u0631\u064a\u0629 \u0644\u062a\u0639\u0632\u064a\u0632 \u0645\u062a\u0627\u0646\u0629 \u0648\u0645\u0638\u0647\u0631 \u0632\u0648\u0627\u064a\u0627 \u0627\u0644\u062c\u062f\u0631\u0627\u0646.\u0641\u064a\u0645\u0627 \u064a\u0644\u064a \u0646\u0638\u0631\u0629 \u0639\u0627\u0645\u0629 \u0639\u0644\u0649 \u0627\u0644\u0645\u064a\u0632\u0627\u062a \u0648\u0627\u0644\u062a\u0637\u0628\u064a\u0642\u0627\u062a \u0627\u0644\u0631\u0626\u064a\u0633\u064a\u0629 \u0644\u062e\u0631\u0632\u0627\u062a \u0632\u0648\u0627\u064a\u0627 \u0627\u0644\u062c\u0628\u0633 \u0627\u0644\u0645\u062b\u0642\u0628\u0629<\/p>\n<table class=\"all magic-16\">\n<tbody>\n<tr>\n<td colspan=\"1\" rowspan=\"1\">\n<div class=\"magic-17\" data-spm-anchor-id=\"a2700.details.0.i67.dafd47e92ADLMj\">\u0627\u0644\u0645\u0648\u0627\u0635\u0641\u0627\u062a<\/div>\n<\/td>\n<td colspan=\"1\" rowspan=\"1\">\n<div class=\"magic-18\">\u0627\u0644\u0646\u0637\u0627\u0642 \u0627\u0644\u0634\u0627\u0626\u0639<\/div>\n<\/td>\n<\/tr>\n<tr>\n<td colspan=\"1\" rowspan=\"1\">\n<div class=\"magic-17\">\u0627\u0644\u0637\u0648\u0644<\/div>\n<\/td>\n<td colspan=\"1\" rowspan=\"1\">\n<div class=\"magic-18\">2.4 \u0645\u060c 2.7 \u0645\u060c 3.0 \u0645 (\u0623\u0637\u0648\u0627\u0644 \u0642\u064a\u0627\u0633\u064a\u0629)<\/div>\n<\/td>\n<\/tr>\n<tr>\n<td colspan=\"1\" rowspan=\"1\">\n<div class=\"magic-17\">\u0627\u0644\u0639\u0631\u0636<\/div>\n<\/td>\n<td colspan=\"1\" rowspan=\"1\">\n<div class=\"magic-18\" data-spm-anchor-id=\"a2700.details.0.i68.dafd47e92ADLMj\">35 \u0645\u0645 - 50 \u0645\u0645 (\u0639\u0631\u0636 \u0627\u0644\u062c\u0646\u0627\u062d \u0639\u0644\u0649 \u0643\u0644 \u062c\u0627\u0646\u0628)<\/div>\n<\/td>\n<\/tr>\n<tr>\n<td colspan=\"1\" rowspan=\"1\">\n<div class=\"magic-17\">\u0627\u0644\u0633\u064f\u0645\u0643<\/div>\n<\/td>\n<td colspan=\"1\" rowspan=\"1\">\n<div class=\"magic-18\">0.3 \u0645\u0645 - 1.0 \u0645\u0645<\/div>\n<\/td>\n<\/tr>\n<tr>\n<td colspan=\"1\" rowspan=\"1\">\n<div class=\"magic-17\">\u062d\u062c\u0645 \u0627\u0644\u0634\u0628\u0643\u0629<\/div>\n<\/td>\n<td colspan=\"1\" rowspan=\"1\">\n<div class=\"magic-18\" data-spm-anchor-id=\"a2700.details.0.i72.dafd47e92ADLMj\">5 \u0645\u0645 \u00d7 15 \u0645\u0645\u060c 10 \u0645\u0645 \u00d7 20 \u0645\u0645\u060c \u0625\u0644\u062e.<\/div>\n<\/td>\n<\/tr>\n<tr>\n<td colspan=\"1\" rowspan=\"1\">\n<div class=\"magic-17\">\u062a\u0634\u0637\u064a\u0628 \u0627\u0644\u0633\u0637\u062d<\/div>\n<\/td>\n<td colspan=\"1\" rowspan=\"1\">\n<div class=\"magic-18\">\u0645\u062c\u0644\u0641\u0646\u0629\u060c \u0645\u0637\u0644\u064a\u0629 \u0628\u0627\u0644\u0645\u0633\u062d\u0648\u0642<\/div>\n<\/td>\n<\/tr>\n<\/tbody>\n<\/table>\n<p>\u0627\u0644\u062a\u0637\u0628\u064a\u0642\u0627\u062a<\/p>\n<p>1- \u062a\u0634\u0637\u064a\u0628\u0627\u062a \u0627\u0644\u062d\u0648\u0627\u0626\u0637 \u0627\u0644\u062c\u0627\u0641\u0629: \u062a\u064f\u0633\u062a\u062e\u062f\u0645 \u062e\u0631\u0632\u0627\u062a \u0632\u0648\u0627\u064a\u0627 \u0627\u0644\u062c\u0628\u0633 \u0627\u0644\u0645\u062b\u0642\u0628\u0629 \u0639\u0644\u0649 \u0646\u0637\u0627\u0642 \u0648\u0627\u0633\u0639 \u0641\u064a \u0645\u0634\u0627\u0631\u064a\u0639 \u062a\u0631\u0643\u064a\u0628 \u0627\u0644\u062d\u0648\u0627\u0626\u0637 \u0627\u0644\u062c\u0627\u0641\u0629 \u0648\u0627\u0644\u062a\u0634\u0637\u064a\u0628\u0627\u062a\u060c \u0645\u0645\u0627 \u064a\u0648\u0641\u0631 \u0627\u0644\u0642\u0648\u0629 \u0648\u0627\u0644\u062d\u0645\u0627\u064a\u0629 \u0644\u0644\u0632\u0648\u0627\u064a\u0627 \u0641\u064a \u0627\u0644\u0645\u0646\u0627\u0632\u0644 \u0648\u0627\u0644\u0645\u0643\u0627\u062a\u0628 \u0648\u0627\u0644\u0645\u0633\u0627\u062d\u0627\u062a \u0627\u0644\u062a\u062c\u0627\u0631\u064a\u0629.<\/p>\n<p>2- \u0628\u0646\u0627\u0621 \u0627\u0644\u062c\u062f\u0631\u0627\u0646 \u0627\u0644\u062f\u0627\u062e\u0644\u064a\u0629: \u0645\u062b\u0627\u0644\u064a\u0629 \u0644\u0644\u0623\u0645\u0627\u0643\u0646 \u0627\u0644\u0633\u0643\u0646\u064a\u0629 \u0648\u0627\u0644\u062a\u062c\u0627\u0631\u064a\u0629 \u0639\u0644\u0649 \u062d\u062f \u0633\u0648\u0627\u0621\u060c \u062d\u064a\u062b \u062a\u0639\u0645\u0644 \u0647\u0630\u0647 \u0627\u0644\u062e\u0631\u0632\u0627\u062a \u0627\u0644\u0632\u0627\u0648\u064a\u0629 \u0639\u0644\u0649 \u062a\u0639\u0632\u064a\u0632 \u0627\u0644\u0645\u0646\u0627\u0637\u0642 \u0627\u0644\u062a\u064a \u062a\u0634\u0647\u062f \u062d\u0631\u0643\u0629 \u0645\u0631\u0648\u0631 \u0639\u0627\u0644\u064a\u0629 \u0645\u062b\u0644 \u0627\u0644\u0645\u0645\u0631\u0627\u062a \u0648\u0627\u0644\u0645\u062f\u0627\u062e\u0644 \u0648\u0627\u0644\u0633\u0644\u0627\u0644\u0645 \u062d\u064a\u062b \u062a\u0643\u0648\u0646 \u0627\u0644\u062c\u062f\u0631\u0627\u0646 \u0623\u0643\u062b\u0631 \u0639\u0631\u0636\u0629 \u0644\u0644\u062a\u0644\u0641.<\/p>\n<p>3- \u0627\u0644\u0645\u0646\u0627\u0637\u0642 \u0627\u0644\u0645\u0639\u0631\u0636\u0629 \u0644\u0644\u0631\u0637\u0648\u0628\u0629: \u0625\u0646 \u0627\u0644\u062e\u0635\u0627\u0626\u0635 \u0627\u0644\u0645\u0642\u0627\u0648\u0645\u0629 \u0644\u0644\u062a\u0622\u0643\u0644 \u0644\u062e\u0631\u0632\u0627\u062a \u0627\u0644\u0632\u0648\u0627\u064a\u0627 \u0627\u0644\u0645\u062b\u0642\u0648\u0628\u0629 \u062a\u062c\u0639\u0644\u0647\u0627 \u0645\u0646\u0627\u0633\u0628\u0629 \u0644\u0644\u0645\u0646\u0627\u0637\u0642 \u0627\u0644\u0645\u0639\u0631\u0636\u0629 \u0644\u0644\u0631\u0637\u0648\u0628\u0629\u060c \u0645\u062b\u0644 \u0627\u0644\u062d\u0645\u0627\u0645\u0627\u062a \u0623\u0648 \u0627\u0644\u0645\u0637\u0627\u0628\u062e \u0623\u0648 \u0627\u0644\u0623\u0642\u0628\u064a\u0629.<\/p>\n<p><img loading=\"lazy\" decoding=\"async\" class=\"alignleft wp-image-6196\" src=\"https:\/\/chinagxbm.com\/wp-content\/uploads\/2025\/02\/T.jpg\" alt=\"\" width=\"700\" height=\"574\" srcset=\"https:\/\/chinagxbm.com\/wp-content\/uploads\/2025\/02\/T.jpg 1000w, https:\/\/chinagxbm.com\/wp-content\/uploads\/2025\/02\/T-300x246.jpg 300w, https:\/\/chinagxbm.com\/wp-content\/uploads\/2025\/02\/T-768x630.jpg 768w, https:\/\/chinagxbm.com\/wp-content\/uploads\/2025\/02\/T-600x492.jpg 600w\" sizes=\"auto, (max-width: 700px) 100vw, 700px\" \/><\/p>\n<p>&nbsp;<\/p>\n<p>&nbsp;<\/p>\n<p>&nbsp;<\/p>\n<p>&nbsp;<\/p>\n<p>&nbsp;<\/p>\n<p>&nbsp;<\/p>\n<p>&nbsp;<\/p>\n<p>&nbsp;<\/p>\n<p>&nbsp;<\/p>\n<p>&nbsp;<\/p>\n<p>&nbsp;<\/p>\n<p>&nbsp;<\/p>\n<p>&nbsp;<\/p>\n<p>&nbsp;<\/p>\n<p>&nbsp;<\/p>\n<p><img loading=\"lazy\" decoding=\"async\" class=\"alignleft wp-image-6197\" src=\"https:\/\/chinagxbm.com\/wp-content\/uploads\/2025\/02\/Studco-Metal-Trims-800x500-1-768x480-1.jpeg\" alt=\"\" width=\"700\" height=\"438\" srcset=\"https:\/\/chinagxbm.com\/wp-content\/uploads\/2025\/02\/Studco-Metal-Trims-800x500-1-768x480-1.jpeg 768w, https:\/\/chinagxbm.com\/wp-content\/uploads\/2025\/02\/Studco-Metal-Trims-800x500-1-768x480-1-300x188.jpeg 300w, https:\/\/chinagxbm.com\/wp-content\/uploads\/2025\/02\/Studco-Metal-Trims-800x500-1-768x480-1-600x375.jpeg 600w\" sizes=\"auto, (max-width: 700px) 100vw, 700px\" \/> <img loading=\"lazy\" decoding=\"async\" class=\"alignleft wp-image-6198\" src=\"https:\/\/chinagxbm.com\/wp-content\/uploads\/2025\/02\/am-i-going-to-regret-metal-corner-bead-here-v0-uw9w7aqt1qac1-scaled.jpeg\" alt=\"\" width=\"700\" height=\"525\" srcset=\"https:\/\/chinagxbm.com\/wp-content\/uploads\/2025\/02\/am-i-going-to-regret-metal-corner-bead-here-v0-uw9w7aqt1qac1-scaled.jpeg 2560w, https:\/\/chinagxbm.com\/wp-content\/uploads\/2025\/02\/am-i-going-to-regret-metal-corner-bead-here-v0-uw9w7aqt1qac1-300x225.jpeg 300w, https:\/\/chinagxbm.com\/wp-content\/uploads\/2025\/02\/am-i-going-to-regret-metal-corner-bead-here-v0-uw9w7aqt1qac1-1024x768.jpeg 1024w, https:\/\/chinagxbm.com\/wp-content\/uploads\/2025\/02\/am-i-going-to-regret-metal-corner-bead-here-v0-uw9w7aqt1qac1-768x576.jpeg 768w, https:\/\/chinagxbm.com\/wp-content\/uploads\/2025\/02\/am-i-going-to-regret-metal-corner-bead-here-v0-uw9w7aqt1qac1-1536x1152.jpeg 1536w, https:\/\/chinagxbm.com\/wp-content\/uploads\/2025\/02\/am-i-going-to-regret-metal-corner-bead-here-v0-uw9w7aqt1qac1-2048x1536.jpeg 2048w, https:\/\/chinagxbm.com\/wp-content\/uploads\/2025\/02\/am-i-going-to-regret-metal-corner-bead-here-v0-uw9w7aqt1qac1-600x450.jpeg 600w\" sizes=\"auto, (max-width: 700px) 100vw, 700px\" \/> <img loading=\"lazy\" decoding=\"async\" class=\"alignnone size-full wp-image-6199\" src=\"https:\/\/chinagxbm.com\/wp-content\/uploads\/2025\/02\/Nail-on-metal-bead.jpeg\" alt=\"\" width=\"700\" height=\"700\" srcset=\"https:\/\/chinagxbm.com\/wp-content\/uploads\/2025\/02\/Nail-on-metal-bead.jpeg 700w, https:\/\/chinagxbm.com\/wp-content\/uploads\/2025\/02\/Nail-on-metal-bead-300x300.jpeg 300w, https:\/\/chinagxbm.com\/wp-content\/uploads\/2025\/02\/Nail-on-metal-bead-150x150.jpeg 150w, https:\/\/chinagxbm.com\/wp-content\/uploads\/2025\/02\/Nail-on-metal-bead-600x600.jpeg 600w, https:\/\/chinagxbm.com\/wp-content\/uploads\/2025\/02\/Nail-on-metal-bead-100x100.jpeg 100w\" sizes=\"auto, (max-width: 700px) 100vw, 700px\" \/><\/p>","protected":false},"excerpt":{"rendered":"<p>25 \u00d7 25 26 \u00d7 26 \u00d7 26 \u0645\u0645 \u062c\u0628\u0633 \u0628\u0648\u0631\u062f \u0645\u0639\u062f\u0646\u064a \u062d\u0645\u0627\u064a\u0629 \u0632\u0627\u0648\u064a\u0629 \u062d\u0627\u0626\u0637 \u0645\u0639\u062f\u0646\u064a\u0629 \u0645\u062b\u0642\u0628\u0629 \u0627\u0644\u0632\u0627\u0648\u064a\u0629<\/p>","protected":false},"featured_media":6201,"template":"","meta":{"_joinchat":[]},"product_brand":[],"product_cat":[126],"product_tag":[],"class_list":{"0":"post-1199","1":"product","2":"type-product","3":"status-publish","4":"has-post-thumbnail","6":"product_cat-drywall-accessories","8":"first","9":"instock","10":"featured","11":"shipping-taxable","12":"purchasable","13":"product-type-simple"},"_links":{"self":[{"href":"https:\/\/chinagxbm.com\/ar\/wp-json\/wp\/v2\/product\/1199","targetHints":{"allow":["GET"]}}],"collection":[{"href":"https:\/\/chinagxbm.com\/ar\/wp-json\/wp\/v2\/product"}],"about":[{"href":"https:\/\/chinagxbm.com\/ar\/wp-json\/wp\/v2\/types\/product"}],"wp:featuredmedia":[{"embeddable":true,"href":"https:\/\/chinagxbm.com\/ar\/wp-json\/wp\/v2\/media\/6201"}],"wp:attachment":[{"href":"https:\/\/chinagxbm.com\/ar\/wp-json\/wp\/v2\/media?parent=1199"}],"wp:term":[{"taxonomy":"product_brand","embeddable":true,"href":"https:\/\/chinagxbm.com\/ar\/wp-json\/wp\/v2\/product_brand?post=1199"},{"taxonomy":"product_cat","embeddable":true,"href":"https:\/\/chinagxbm.com\/ar\/wp-json\/wp\/v2\/product_cat?post=1199"},{"taxonomy":"product_tag","embeddable":true,"href":"https:\/\/chinagxbm.com\/ar\/wp-json\/wp\/v2\/product_tag?post=1199"}],"curies":[{"name":"wp","href":"https:\/\/api.w.org\/{rel}","templated":true}]}}