{"id":1198,"date":"2025-02-09T11:30:17","date_gmt":"2025-02-09T11:30:17","guid":{"rendered":"https:\/\/chinagxbm.com\/product\/anchor-bracelet-2\/"},"modified":"2025-02-13T12:38:16","modified_gmt":"2025-02-13T12:38:16","slug":"placa-de-yeso-normal","status":"publish","type":"product","link":"https:\/\/chinagxbm.com\/es\/product\/placa-de-yeso-normal\/","title":{"rendered":"Placa de yeso normal"},"content":{"rendered":"<p data-start=\"404\" data-end=\"798\">Nuestra <strong data-start=\"408\" data-end=\"433\">Placa de yeso est\u00e1ndar<\/strong> est\u00e1 fabricado con yeso natural de alta calidad, recubierto de papel duradero por ambas caras. Est\u00e1 dise\u00f1ado para su uso en espacios interiores secos, ofreciendo una superficie lisa y estable para pintar, empapelar o alicatar. Este tipo de placa de yeso se utiliza ampliamente en la construcci\u00f3n residencial, comercial e industrial debido a su facilidad de instalaci\u00f3n y excelente rendimiento.<\/p>\n<h4 data-start=\"800\" data-end=\"826\"><strong data-start=\"805\" data-end=\"824\">Especificaciones:<\/strong><\/h4>\n<ul data-start=\"827\" data-end=\"1031\">\n<li data-start=\"827\" data-end=\"951\"><strong data-start=\"829\" data-end=\"849\">Tallas disponibles:<\/strong>\n<ul data-start=\"854\" data-end=\"951\">\n<li data-start=\"854\" data-end=\"871\">1200 \u00d7 2000 mm<\/li>\n<li data-start=\"874\" data-end=\"891\">1200 \u00d7 2400 mm<\/li>\n<li data-start=\"894\" data-end=\"911\">1220 \u00d7 2440 mm<\/li>\n<li data-start=\"914\" data-end=\"931\">1200 \u00d7 2700 mm<\/li>\n<li data-start=\"934\" data-end=\"951\">1200 \u00d7 3000 mm<\/li>\n<\/ul>\n<\/li>\n<li data-start=\"952\" data-end=\"1031\"><strong data-start=\"954\" data-end=\"976\">Opciones de grosor:<\/strong>\n<ul data-start=\"981\" data-end=\"1031\">\n<li data-start=\"981\" data-end=\"1031\">7 mm, 8 mm, 9 mm, 9,5 mm, 10 mm, 12 mm, 12,5 mm, 15 mm<\/li>\n<\/ul>\n<\/li>\n<\/ul>\n<h4 data-start=\"1033\" data-end=\"1057\"><strong data-start=\"1038\" data-end=\"1055\">Caracter\u00edsticas principales:<\/strong><\/h4>\n<p data-start=\"1058\" data-end=\"1439\">\u2705 <strong data-start=\"1060\" data-end=\"1086\">Material de alta calidad:<\/strong> Fabricado con yeso natural de primera calidad, lo que garantiza su resistencia y durabilidad.<br data-start=\"1154\" data-end=\"1157\" \/>\u2705 <strong data-start=\"1159\" data-end=\"1178\">Superficie lisa:<\/strong> Ideal para pintar, empapelar y otros acabados interiores.<br data-start=\"1241\" data-end=\"1244\" \/>\u2705 <strong data-start=\"1246\" data-end=\"1282\">Ligero y de f\u00e1cil instalaci\u00f3n:<\/strong> Reduce los costes de mano de obra y el tiempo de construcci\u00f3n.<br data-start=\"1325\" data-end=\"1328\" \/>\u2705 <strong data-start=\"1330\" data-end=\"1351\">Certificado y seguro:<\/strong> Las fichas de datos de seguridad y las certificaciones CE garantizan el cumplimiento de las normas de seguridad y medioambientales.<\/p>\n<h3 data-start=\"1441\" data-end=\"1464\"><strong data-start=\"1445\" data-end=\"1462\">Aplicaciones:<\/strong><\/h3>\n<ul data-start=\"1465\" data-end=\"1784\">\n<li data-start=\"1465\" data-end=\"1586\"><strong data-start=\"1467\" data-end=\"1488\">Techos y paredes:<\/strong> Perfecto para la construcci\u00f3n de paredes y techos interiores en viviendas, oficinas y edificios comerciales.<\/li>\n<li data-start=\"1587\" data-end=\"1686\"><strong data-start=\"1589\" data-end=\"1604\">Particiones:<\/strong> Se utiliza para crear separadores de espacios y mamparas de oficina para una planificaci\u00f3n flexible del espacio.<\/li>\n<li data-start=\"1687\" data-end=\"1784\"><strong data-start=\"1689\" data-end=\"1726\">Renovaci\u00f3n y decoraci\u00f3n de interiores:<\/strong> Adecuado para proyectos de remodelaci\u00f3n y nuevas construcciones.<\/li>\n<\/ul>\n<p data-start=\"1786\" data-end=\"1953\" data-is-last-node=\"\">Como <strong data-start=\"1791\" data-end=\"1836\">fabricante y exportador chino de confianza<\/strong>ofrecemos <strong data-start=\"1847\" data-end=\"1904\">precios competitivos, calidad estable y entrega r\u00e1pida<\/strong>.<\/p>\n<p data-start=\"1786\" data-end=\"1953\" data-is-last-node=\"\"><img loading=\"lazy\" decoding=\"async\" class=\"wp-image-6040 alignleft\" src=\"https:\/\/chinagxbm.com\/wp-content\/uploads\/2025\/02\/2024050806.jpg\" alt=\"\" width=\"700\" height=\"700\" srcset=\"https:\/\/chinagxbm.com\/wp-content\/uploads\/2025\/02\/2024050806.jpg 1280w, https:\/\/chinagxbm.com\/wp-content\/uploads\/2025\/02\/2024050806-300x300.jpg 300w, https:\/\/chinagxbm.com\/wp-content\/uploads\/2025\/02\/2024050806-1024x1024.jpg 1024w, https:\/\/chinagxbm.com\/wp-content\/uploads\/2025\/02\/2024050806-150x150.jpg 150w, https:\/\/chinagxbm.com\/wp-content\/uploads\/2025\/02\/2024050806-768x768.jpg 768w, https:\/\/chinagxbm.com\/wp-content\/uploads\/2025\/02\/2024050806-600x600.jpg 600w, https:\/\/chinagxbm.com\/wp-content\/uploads\/2025\/02\/2024050806-100x100.jpg 100w\" sizes=\"auto, (max-width: 700px) 100vw, 700px\" \/> <img loading=\"lazy\" decoding=\"async\" class=\"wp-image-6039 alignleft\" src=\"https:\/\/chinagxbm.com\/wp-content\/uploads\/2025\/02\/2024050801.jpg\" alt=\"\" width=\"700\" height=\"700\" srcset=\"https:\/\/chinagxbm.com\/wp-content\/uploads\/2025\/02\/2024050801.jpg 1280w, https:\/\/chinagxbm.com\/wp-content\/uploads\/2025\/02\/2024050801-300x300.jpg 300w, https:\/\/chinagxbm.com\/wp-content\/uploads\/2025\/02\/2024050801-1024x1024.jpg 1024w, https:\/\/chinagxbm.com\/wp-content\/uploads\/2025\/02\/2024050801-150x150.jpg 150w, https:\/\/chinagxbm.com\/wp-content\/uploads\/2025\/02\/2024050801-768x768.jpg 768w, https:\/\/chinagxbm.com\/wp-content\/uploads\/2025\/02\/2024050801-600x600.jpg 600w, https:\/\/chinagxbm.com\/wp-content\/uploads\/2025\/02\/2024050801-100x100.jpg 100w\" sizes=\"auto, (max-width: 700px) 100vw, 700px\" \/><\/p>\n<p><img loading=\"lazy\" decoding=\"async\" class=\"wp-image-6048\" src=\"https:\/\/chinagxbm.com\/wp-content\/uploads\/2025\/02\/IMG20231021164253-scaled.jpg\" alt=\"\" width=\"700\" height=\"700\" srcset=\"https:\/\/chinagxbm.com\/wp-content\/uploads\/2025\/02\/IMG20231021164253-scaled.jpg 2560w, https:\/\/chinagxbm.com\/wp-content\/uploads\/2025\/02\/IMG20231021164253-300x300.jpg 300w, https:\/\/chinagxbm.com\/wp-content\/uploads\/2025\/02\/IMG20231021164253-1024x1024.jpg 1024w, https:\/\/chinagxbm.com\/wp-content\/uploads\/2025\/02\/IMG20231021164253-150x150.jpg 150w, https:\/\/chinagxbm.com\/wp-content\/uploads\/2025\/02\/IMG20231021164253-768x768.jpg 768w, https:\/\/chinagxbm.com\/wp-content\/uploads\/2025\/02\/IMG20231021164253-1536x1536.jpg 1536w, https:\/\/chinagxbm.com\/wp-content\/uploads\/2025\/02\/IMG20231021164253-2048x2048.jpg 2048w, https:\/\/chinagxbm.com\/wp-content\/uploads\/2025\/02\/IMG20231021164253-600x600.jpg 600w, https:\/\/chinagxbm.com\/wp-content\/uploads\/2025\/02\/IMG20231021164253-100x100.jpg 100w\" sizes=\"auto, (max-width: 700px) 100vw, 700px\" \/><\/p>\n<p><img loading=\"lazy\" decoding=\"async\" class=\"wp-image-6049\" src=\"https:\/\/chinagxbm.com\/wp-content\/uploads\/2025\/02\/IMG20231021164341-scaled.jpg\" alt=\"\" width=\"700\" height=\"700\" srcset=\"https:\/\/chinagxbm.com\/wp-content\/uploads\/2025\/02\/IMG20231021164341-scaled.jpg 2560w, https:\/\/chinagxbm.com\/wp-content\/uploads\/2025\/02\/IMG20231021164341-300x300.jpg 300w, https:\/\/chinagxbm.com\/wp-content\/uploads\/2025\/02\/IMG20231021164341-1024x1024.jpg 1024w, https:\/\/chinagxbm.com\/wp-content\/uploads\/2025\/02\/IMG20231021164341-150x150.jpg 150w, https:\/\/chinagxbm.com\/wp-content\/uploads\/2025\/02\/IMG20231021164341-768x768.jpg 768w, https:\/\/chinagxbm.com\/wp-content\/uploads\/2025\/02\/IMG20231021164341-1536x1536.jpg 1536w, https:\/\/chinagxbm.com\/wp-content\/uploads\/2025\/02\/IMG20231021164341-2048x2048.jpg 2048w, https:\/\/chinagxbm.com\/wp-content\/uploads\/2025\/02\/IMG20231021164341-600x600.jpg 600w, https:\/\/chinagxbm.com\/wp-content\/uploads\/2025\/02\/IMG20231021164341-100x100.jpg 100w\" sizes=\"auto, (max-width: 700px) 100vw, 700px\" \/><\/p>\n<p><img loading=\"lazy\" decoding=\"async\" class=\"wp-image-6050\" src=\"https:\/\/chinagxbm.com\/wp-content\/uploads\/2025\/02\/IMG20231021164408-scaled.jpg\" alt=\"\" width=\"700\" height=\"700\" srcset=\"https:\/\/chinagxbm.com\/wp-content\/uploads\/2025\/02\/IMG20231021164408-scaled.jpg 2560w, https:\/\/chinagxbm.com\/wp-content\/uploads\/2025\/02\/IMG20231021164408-300x300.jpg 300w, https:\/\/chinagxbm.com\/wp-content\/uploads\/2025\/02\/IMG20231021164408-1024x1024.jpg 1024w, https:\/\/chinagxbm.com\/wp-content\/uploads\/2025\/02\/IMG20231021164408-150x150.jpg 150w, https:\/\/chinagxbm.com\/wp-content\/uploads\/2025\/02\/IMG20231021164408-768x768.jpg 768w, https:\/\/chinagxbm.com\/wp-content\/uploads\/2025\/02\/IMG20231021164408-1536x1536.jpg 1536w, https:\/\/chinagxbm.com\/wp-content\/uploads\/2025\/02\/IMG20231021164408-2048x2048.jpg 2048w, https:\/\/chinagxbm.com\/wp-content\/uploads\/2025\/02\/IMG20231021164408-600x600.jpg 600w, https:\/\/chinagxbm.com\/wp-content\/uploads\/2025\/02\/IMG20231021164408-100x100.jpg 100w\" sizes=\"auto, (max-width: 700px) 100vw, 700px\" \/><\/p>\n<p><img loading=\"lazy\" decoding=\"async\" class=\"wp-image-6051\" src=\"https:\/\/chinagxbm.com\/wp-content\/uploads\/2025\/02\/IMG20231021165733-scaled.jpg\" alt=\"\" width=\"700\" height=\"700\" srcset=\"https:\/\/chinagxbm.com\/wp-content\/uploads\/2025\/02\/IMG20231021165733-scaled.jpg 2560w, https:\/\/chinagxbm.com\/wp-content\/uploads\/2025\/02\/IMG20231021165733-300x300.jpg 300w, https:\/\/chinagxbm.com\/wp-content\/uploads\/2025\/02\/IMG20231021165733-1024x1024.jpg 1024w, https:\/\/chinagxbm.com\/wp-content\/uploads\/2025\/02\/IMG20231021165733-150x150.jpg 150w, https:\/\/chinagxbm.com\/wp-content\/uploads\/2025\/02\/IMG20231021165733-768x768.jpg 768w, https:\/\/chinagxbm.com\/wp-content\/uploads\/2025\/02\/IMG20231021165733-1536x1536.jpg 1536w, https:\/\/chinagxbm.com\/wp-content\/uploads\/2025\/02\/IMG20231021165733-2048x2048.jpg 2048w, https:\/\/chinagxbm.com\/wp-content\/uploads\/2025\/02\/IMG20231021165733-600x600.jpg 600w, https:\/\/chinagxbm.com\/wp-content\/uploads\/2025\/02\/IMG20231021165733-100x100.jpg 100w\" sizes=\"auto, (max-width: 700px) 100vw, 700px\" \/><\/p>","protected":false},"excerpt":{"rendered":"<p>La placa de yeso est\u00e1ndar es un material de construcci\u00f3n vers\u00e1til y rentable que se utiliza para paredes, techos y tabiques interiores. Es ligero, f\u00e1cil de instalar y proporciona una superficie lisa para pintar o decorar. Nuestras placas de yeso, fabricadas seg\u00fan las normas m\u00e1s exigentes, incluyen <strong data-start=\"308\" data-end=\"338\">FDS y certificaciones CE<\/strong>garantizando la calidad y la seguridad.<\/p>","protected":false},"featured_media":6052,"template":"","meta":{"_joinchat":[]},"product_brand":[],"product_cat":[124],"product_tag":[],"class_list":{"0":"post-1198","1":"product","2":"type-product","3":"status-publish","4":"has-post-thumbnail","6":"product_cat-plasterboard","8":"first","9":"instock","10":"sale","11":"featured","12":"shipping-taxable","13":"purchasable","14":"product-type-simple"},"_links":{"self":[{"href":"https:\/\/chinagxbm.com\/es\/wp-json\/wp\/v2\/product\/1198","targetHints":{"allow":["GET"]}}],"collection":[{"href":"https:\/\/chinagxbm.com\/es\/wp-json\/wp\/v2\/product"}],"about":[{"href":"https:\/\/chinagxbm.com\/es\/wp-json\/wp\/v2\/types\/product"}],"wp:featuredmedia":[{"embeddable":true,"href":"https:\/\/chinagxbm.com\/es\/wp-json\/wp\/v2\/media\/6052"}],"wp:attachment":[{"href":"https:\/\/chinagxbm.com\/es\/wp-json\/wp\/v2\/media?parent=1198"}],"wp:term":[{"taxonomy":"product_brand","embeddable":true,"href":"https:\/\/chinagxbm.com\/es\/wp-json\/wp\/v2\/product_brand?post=1198"},{"taxonomy":"product_cat","embeddable":true,"href":"https:\/\/chinagxbm.com\/es\/wp-json\/wp\/v2\/product_cat?post=1198"},{"taxonomy":"product_tag","embeddable":true,"href":"https:\/\/chinagxbm.com\/es\/wp-json\/wp\/v2\/product_tag?post=1198"}],"curies":[{"name":"wp","href":"https:\/\/api.w.org\/{rel}","templated":true}]}}