{"id":1199,"date":"2025-02-09T11:30:17","date_gmt":"2025-02-09T11:30:17","guid":{"rendered":"https:\/\/chinagxbm.com\/product\/boho-bangle-bracelet-2\/"},"modified":"2025-02-16T09:35:09","modified_gmt":"2025-02-16T09:35:09","slug":"cantoneras-de-yeso-perforado","status":"publish","type":"product","link":"https:\/\/chinagxbm.com\/es\/product\/cantoneras-de-yeso-perforado\/","title":{"rendered":"Cantoneras de yeso perforado"},"content":{"rendered":"<p>Un esquinero de yeso perforado es un material de construcci\u00f3n especializado dise\u00f1ado para reforzar y proteger las esquinas de las paredes, en particular las de yeso o cart\u00f3n yeso. Presenta perforaciones a lo largo de su superficie, que permiten una mejor adherencia con los compuestos para juntas o el yeso durante la instalaci\u00f3n. Este tipo de esquinero se utiliza habitualmente en la construcci\u00f3n residencial y comercial para mejorar la durabilidad y el aspecto de las esquinas de las paredes.<\/p>\n<table class=\"all magic-16\">\n<tbody>\n<tr>\n<td colspan=\"1\" rowspan=\"1\">\n<div class=\"magic-17\" data-spm-anchor-id=\"a2700.details.0.i67.dafd47e92ADLMj\">Especificaci\u00f3n<\/div>\n<\/td>\n<td colspan=\"1\" rowspan=\"1\">\n<div class=\"magic-18\">Alcance com\u00fan<\/div>\n<\/td>\n<\/tr>\n<tr>\n<td colspan=\"1\" rowspan=\"1\">\n<div class=\"magic-17\">Longitud<\/div>\n<\/td>\n<td colspan=\"1\" rowspan=\"1\">\n<div class=\"magic-18\">2,4 m, 2,7 m, 3,0 m (longitudes est\u00e1ndar)<\/div>\n<\/td>\n<\/tr>\n<tr>\n<td colspan=\"1\" rowspan=\"1\">\n<div class=\"magic-17\">Anchura<\/div>\n<\/td>\n<td colspan=\"1\" rowspan=\"1\">\n<div class=\"magic-18\" data-spm-anchor-id=\"a2700.details.0.i68.dafd47e92ADLMj\">35 mm - 50 mm (anchura del ala en cada lado)<\/div>\n<\/td>\n<\/tr>\n<tr>\n<td colspan=\"1\" rowspan=\"1\">\n<div class=\"magic-17\">Espesor<\/div>\n<\/td>\n<td colspan=\"1\" rowspan=\"1\">\n<div class=\"magic-18\">0,3 mm - 1,0 mm<\/div>\n<\/td>\n<\/tr>\n<tr>\n<td colspan=\"1\" rowspan=\"1\">\n<div class=\"magic-17\">Luz de malla<\/div>\n<\/td>\n<td colspan=\"1\" rowspan=\"1\">\n<div class=\"magic-18\" data-spm-anchor-id=\"a2700.details.0.i72.dafd47e92ADLMj\">5 mm x 15 mm, 10 mm x 20 mm, etc.<\/div>\n<\/td>\n<\/tr>\n<tr>\n<td colspan=\"1\" rowspan=\"1\">\n<div class=\"magic-17\">Acabado superficial<\/div>\n<\/td>\n<td colspan=\"1\" rowspan=\"1\">\n<div class=\"magic-18\">Galvanizado, recubierto de polvo<\/div>\n<\/td>\n<\/tr>\n<\/tbody>\n<\/table>\n<p>Aplicaciones<\/p>\n<p>1.Acabado de paneles de yeso: Los esquineros de yeso perforado se utilizan ampliamente en proyectos de instalaci\u00f3n y acabado de paneles de yeso, proporcionando resistencia y protecci\u00f3n a las esquinas en hogares, oficinas y espacios comerciales.<\/p>\n<p>2.Construcci\u00f3n de paredes interiores: Ideales tanto para entornos residenciales como comerciales, estas esquineras refuerzan zonas de mucho tr\u00e1nsito como pasillos, portales y huecos de escalera, donde las paredes son m\u00e1s propensas a sufrir da\u00f1os.<\/p>\n<p>3.Zonas propensas a la humedad: Las propiedades anticorrosivas de las cantoneras perforadas las hacen adecuadas para zonas expuestas a la humedad, como ba\u00f1os, cocinas o s\u00f3tanos.<\/p>\n<p><img loading=\"lazy\" decoding=\"async\" class=\"alignleft wp-image-6196\" src=\"https:\/\/chinagxbm.com\/wp-content\/uploads\/2025\/02\/T.jpg\" alt=\"\" width=\"700\" height=\"574\" srcset=\"https:\/\/chinagxbm.com\/wp-content\/uploads\/2025\/02\/T.jpg 1000w, https:\/\/chinagxbm.com\/wp-content\/uploads\/2025\/02\/T-300x246.jpg 300w, https:\/\/chinagxbm.com\/wp-content\/uploads\/2025\/02\/T-768x630.jpg 768w, https:\/\/chinagxbm.com\/wp-content\/uploads\/2025\/02\/T-600x492.jpg 600w\" sizes=\"auto, (max-width: 700px) 100vw, 700px\" \/><\/p>\n<p>&nbsp;<\/p>\n<p>&nbsp;<\/p>\n<p>&nbsp;<\/p>\n<p>&nbsp;<\/p>\n<p>&nbsp;<\/p>\n<p>&nbsp;<\/p>\n<p>&nbsp;<\/p>\n<p>&nbsp;<\/p>\n<p>&nbsp;<\/p>\n<p>&nbsp;<\/p>\n<p>&nbsp;<\/p>\n<p>&nbsp;<\/p>\n<p>&nbsp;<\/p>\n<p>&nbsp;<\/p>\n<p>&nbsp;<\/p>\n<p><img loading=\"lazy\" decoding=\"async\" class=\"alignleft wp-image-6197\" src=\"https:\/\/chinagxbm.com\/wp-content\/uploads\/2025\/02\/Studco-Metal-Trims-800x500-1-768x480-1.jpeg\" alt=\"\" width=\"700\" height=\"438\" srcset=\"https:\/\/chinagxbm.com\/wp-content\/uploads\/2025\/02\/Studco-Metal-Trims-800x500-1-768x480-1.jpeg 768w, https:\/\/chinagxbm.com\/wp-content\/uploads\/2025\/02\/Studco-Metal-Trims-800x500-1-768x480-1-300x188.jpeg 300w, https:\/\/chinagxbm.com\/wp-content\/uploads\/2025\/02\/Studco-Metal-Trims-800x500-1-768x480-1-600x375.jpeg 600w\" sizes=\"auto, (max-width: 700px) 100vw, 700px\" \/> <img loading=\"lazy\" decoding=\"async\" class=\"alignleft wp-image-6198\" src=\"https:\/\/chinagxbm.com\/wp-content\/uploads\/2025\/02\/am-i-going-to-regret-metal-corner-bead-here-v0-uw9w7aqt1qac1-scaled.jpeg\" alt=\"\" width=\"700\" height=\"525\" srcset=\"https:\/\/chinagxbm.com\/wp-content\/uploads\/2025\/02\/am-i-going-to-regret-metal-corner-bead-here-v0-uw9w7aqt1qac1-scaled.jpeg 2560w, https:\/\/chinagxbm.com\/wp-content\/uploads\/2025\/02\/am-i-going-to-regret-metal-corner-bead-here-v0-uw9w7aqt1qac1-300x225.jpeg 300w, https:\/\/chinagxbm.com\/wp-content\/uploads\/2025\/02\/am-i-going-to-regret-metal-corner-bead-here-v0-uw9w7aqt1qac1-1024x768.jpeg 1024w, https:\/\/chinagxbm.com\/wp-content\/uploads\/2025\/02\/am-i-going-to-regret-metal-corner-bead-here-v0-uw9w7aqt1qac1-768x576.jpeg 768w, https:\/\/chinagxbm.com\/wp-content\/uploads\/2025\/02\/am-i-going-to-regret-metal-corner-bead-here-v0-uw9w7aqt1qac1-1536x1152.jpeg 1536w, https:\/\/chinagxbm.com\/wp-content\/uploads\/2025\/02\/am-i-going-to-regret-metal-corner-bead-here-v0-uw9w7aqt1qac1-2048x1536.jpeg 2048w, https:\/\/chinagxbm.com\/wp-content\/uploads\/2025\/02\/am-i-going-to-regret-metal-corner-bead-here-v0-uw9w7aqt1qac1-600x450.jpeg 600w\" sizes=\"auto, (max-width: 700px) 100vw, 700px\" \/> <img loading=\"lazy\" decoding=\"async\" class=\"alignnone size-full wp-image-6199\" src=\"https:\/\/chinagxbm.com\/wp-content\/uploads\/2025\/02\/Nail-on-metal-bead.jpeg\" alt=\"\" width=\"700\" height=\"700\" srcset=\"https:\/\/chinagxbm.com\/wp-content\/uploads\/2025\/02\/Nail-on-metal-bead.jpeg 700w, https:\/\/chinagxbm.com\/wp-content\/uploads\/2025\/02\/Nail-on-metal-bead-300x300.jpeg 300w, https:\/\/chinagxbm.com\/wp-content\/uploads\/2025\/02\/Nail-on-metal-bead-150x150.jpeg 150w, https:\/\/chinagxbm.com\/wp-content\/uploads\/2025\/02\/Nail-on-metal-bead-600x600.jpeg 600w, https:\/\/chinagxbm.com\/wp-content\/uploads\/2025\/02\/Nail-on-metal-bead-100x100.jpeg 100w\" sizes=\"auto, (max-width: 700px) 100vw, 700px\" \/><\/p>","protected":false},"excerpt":{"rendered":"<p>25\u00d725 26x26mm Placa de yeso Perfil met\u00e1lico Pared \u00c1ngulo de protecci\u00f3n Esquina perforada<\/p>","protected":false},"featured_media":6201,"template":"","meta":{"_joinchat":[]},"product_brand":[],"product_cat":[126],"product_tag":[],"class_list":{"0":"post-1199","1":"product","2":"type-product","3":"status-publish","4":"has-post-thumbnail","6":"product_cat-drywall-accessories","8":"first","9":"instock","10":"featured","11":"shipping-taxable","12":"purchasable","13":"product-type-simple"},"_links":{"self":[{"href":"https:\/\/chinagxbm.com\/es\/wp-json\/wp\/v2\/product\/1199","targetHints":{"allow":["GET"]}}],"collection":[{"href":"https:\/\/chinagxbm.com\/es\/wp-json\/wp\/v2\/product"}],"about":[{"href":"https:\/\/chinagxbm.com\/es\/wp-json\/wp\/v2\/types\/product"}],"wp:featuredmedia":[{"embeddable":true,"href":"https:\/\/chinagxbm.com\/es\/wp-json\/wp\/v2\/media\/6201"}],"wp:attachment":[{"href":"https:\/\/chinagxbm.com\/es\/wp-json\/wp\/v2\/media?parent=1199"}],"wp:term":[{"taxonomy":"product_brand","embeddable":true,"href":"https:\/\/chinagxbm.com\/es\/wp-json\/wp\/v2\/product_brand?post=1199"},{"taxonomy":"product_cat","embeddable":true,"href":"https:\/\/chinagxbm.com\/es\/wp-json\/wp\/v2\/product_cat?post=1199"},{"taxonomy":"product_tag","embeddable":true,"href":"https:\/\/chinagxbm.com\/es\/wp-json\/wp\/v2\/product_tag?post=1199"}],"curies":[{"name":"wp","href":"https:\/\/api.w.org\/{rel}","templated":true}]}}