{"id":1205,"date":"2025-02-09T11:30:18","date_gmt":"2025-02-09T11:30:18","guid":{"rendered":"https:\/\/chinagxbm.com\/product\/basic-blue-jeans-2\/"},"modified":"2025-02-13T13:49:11","modified_gmt":"2025-02-13T13:49:11","slug":"placa-de-yeso-mr","status":"publish","type":"product","link":"https:\/\/chinagxbm.com\/es\/product\/placa-de-yeso-mr\/","title":{"rendered":"Placa de yeso resistente a la humedad"},"content":{"rendered":"<p data-start=\"448\" data-end=\"767\">Nuestra <strong data-start=\"452\" data-end=\"487\">Placa de yeso resistente a la humedad<\/strong> est\u00e1 hecho de yeso de alta calidad con un n\u00facleo resistente al agua, recubierto de papel resistente a la humedad. Es ideal para espacios interiores donde los niveles de humedad son m\u00e1s elevados, ya que proporciona una excelente resistencia contra la humedad, reduce el riesgo de deformaci\u00f3n y evita la aparici\u00f3n de moho.<\/p>\n<h4 data-start=\"769\" data-end=\"795\"><strong data-start=\"774\" data-end=\"793\">Especificaciones:<\/strong><\/h4>\n<ul data-start=\"796\" data-end=\"1000\">\n<li data-start=\"796\" data-end=\"920\"><strong data-start=\"798\" data-end=\"818\">Tallas disponibles:<\/strong>\n<ul data-start=\"823\" data-end=\"920\">\n<li data-start=\"823\" data-end=\"840\">1200 \u00d7 2000 mm<\/li>\n<li data-start=\"843\" data-end=\"860\">1200 \u00d7 2400 mm<\/li>\n<li data-start=\"863\" data-end=\"880\">1220 \u00d7 2440 mm<\/li>\n<li data-start=\"883\" data-end=\"900\">1200 \u00d7 2700 mm<\/li>\n<li data-start=\"903\" data-end=\"920\">1200 \u00d7 3000 mm<\/li>\n<\/ul>\n<\/li>\n<li data-start=\"921\" data-end=\"1000\"><strong data-start=\"923\" data-end=\"945\">Opciones de grosor:<\/strong>\n<ul data-start=\"950\" data-end=\"1000\">\n<li data-start=\"950\" data-end=\"1000\">7 mm, 8 mm, 9 mm, 9,5 mm, 10 mm, 12 mm, 12,5 mm, 15 mm<\/li>\n<\/ul>\n<\/li>\n<\/ul>\n<h4 data-start=\"1002\" data-end=\"1026\"><strong data-start=\"1007\" data-end=\"1024\">Caracter\u00edsticas principales:<\/strong><\/h4>\n<p data-start=\"1027\" data-end=\"1389\">\u2705 <strong data-start=\"1029\" data-end=\"1063\">Resistente a la humedad:<\/strong> Reduce la absorci\u00f3n de agua, evitando el hinchamiento, la deformaci\u00f3n y la aparici\u00f3n de moho.<br data-start=\"1136\" data-end=\"1139\" \/>\u2705 <strong data-start=\"1141\" data-end=\"1162\">Duradero y resistente:<\/strong> Proporciona mayor estabilidad y resistencia a los cambios ambientales.<br data-start=\"1231\" data-end=\"1234\" \/>\u2705 <strong data-start=\"1236\" data-end=\"1255\">Superficie lisa:<\/strong> Adecuado para alicatar, pintar o empapelar.<br data-start=\"1303\" data-end=\"1306\" \/>\u2705 <strong data-start=\"1308\" data-end=\"1329\">Certificado y seguro:<\/strong> Las certificaciones MSDS y CE garantizan unos est\u00e1ndares de alta calidad.<\/p>\n<h3 data-start=\"1391\" data-end=\"1414\"><strong data-start=\"1395\" data-end=\"1412\">Aplicaciones:<\/strong><\/h3>\n<ul data-start=\"1415\" data-end=\"1722\">\n<li data-start=\"1415\" data-end=\"1504\"><strong data-start=\"1417\" data-end=\"1442\">Ba\u00f1os y cocinas:<\/strong> Ideal para paredes y techos expuestos al vapor y la humedad.<\/li>\n<li data-start=\"1505\" data-end=\"1595\"><strong data-start=\"1507\" data-end=\"1537\">Lavaderos y s\u00f3tanos:<\/strong> Ayuda a prevenir la humedad y la formaci\u00f3n de moho en zonas h\u00famedas.<\/li>\n<li data-start=\"1596\" data-end=\"1722\"><strong data-start=\"1598\" data-end=\"1637\">Edificios comerciales y residenciales:<\/strong> Adecuado para hoteles, restaurantes, hospitales y otros entornos de alta humedad.<\/li>\n<\/ul>\n<p data-start=\"1724\" data-end=\"1917\" data-is-last-node=\"\">Como <strong data-start=\"1729\" data-end=\"1774\">principal fabricante y exportador chino<\/strong>proporcionamos <strong data-start=\"1787\" data-end=\"1855\">productos de alta calidad, precios competitivos y entregas fiables<\/strong>.<\/p>\n<p data-start=\"1724\" data-end=\"1917\" data-is-last-node=\"\"><img loading=\"lazy\" decoding=\"async\" class=\"alignnone wp-image-6042\" src=\"https:\/\/chinagxbm.com\/wp-content\/uploads\/2025\/02\/gp4212.jpg\" alt=\"\" width=\"700\" height=\"927\" srcset=\"https:\/\/chinagxbm.com\/wp-content\/uploads\/2025\/02\/gp4212.jpg 873w, https:\/\/chinagxbm.com\/wp-content\/uploads\/2025\/02\/gp4212-227x300.jpg 227w, https:\/\/chinagxbm.com\/wp-content\/uploads\/2025\/02\/gp4212-773x1024.jpg 773w, https:\/\/chinagxbm.com\/wp-content\/uploads\/2025\/02\/gp4212-768x1017.jpg 768w, https:\/\/chinagxbm.com\/wp-content\/uploads\/2025\/02\/gp4212-300x397.jpg 300w, https:\/\/chinagxbm.com\/wp-content\/uploads\/2025\/02\/gp4212-600x795.jpg 600w\" sizes=\"auto, (max-width: 700px) 100vw, 700px\" \/><\/p>\n<p data-start=\"1724\" data-end=\"1917\" data-is-last-node=\"\"><img loading=\"lazy\" decoding=\"async\" class=\"alignnone wp-image-6057\" src=\"https:\/\/chinagxbm.com\/wp-content\/uploads\/2025\/02\/098.jpg\" alt=\"\" width=\"700\" height=\"700\" srcset=\"https:\/\/chinagxbm.com\/wp-content\/uploads\/2025\/02\/098.jpg 873w, https:\/\/chinagxbm.com\/wp-content\/uploads\/2025\/02\/098-300x300.jpg 300w, https:\/\/chinagxbm.com\/wp-content\/uploads\/2025\/02\/098-150x150.jpg 150w, https:\/\/chinagxbm.com\/wp-content\/uploads\/2025\/02\/098-768x768.jpg 768w, https:\/\/chinagxbm.com\/wp-content\/uploads\/2025\/02\/098-600x600.jpg 600w, https:\/\/chinagxbm.com\/wp-content\/uploads\/2025\/02\/098-100x100.jpg 100w\" sizes=\"auto, (max-width: 700px) 100vw, 700px\" \/> <img loading=\"lazy\" decoding=\"async\" class=\"alignnone wp-image-6058\" src=\"https:\/\/chinagxbm.com\/wp-content\/uploads\/2025\/02\/874.jpg\" alt=\"\" width=\"700\" height=\"824\" srcset=\"https:\/\/chinagxbm.com\/wp-content\/uploads\/2025\/02\/874.jpg 873w, https:\/\/chinagxbm.com\/wp-content\/uploads\/2025\/02\/874-255x300.jpg 255w, https:\/\/chinagxbm.com\/wp-content\/uploads\/2025\/02\/874-870x1024.jpg 870w, https:\/\/chinagxbm.com\/wp-content\/uploads\/2025\/02\/874-768x904.jpg 768w, https:\/\/chinagxbm.com\/wp-content\/uploads\/2025\/02\/874-300x353.jpg 300w, https:\/\/chinagxbm.com\/wp-content\/uploads\/2025\/02\/874-600x707.jpg 600w\" sizes=\"auto, (max-width: 700px) 100vw, 700px\" \/><\/p>","protected":false},"excerpt":{"rendered":"<p>La placa de yeso resistente a la humedad est\u00e1 especialmente dise\u00f1ada para zonas expuestas a la humedad, como cocinas, ba\u00f1os y s\u00f3tanos. Cuenta con un n\u00facleo resistente a la humedad y una superficie de papel tratado para evitar la absorci\u00f3n de agua, reduciendo el riesgo de moho y hongos. Certificado con <strong data-start=\"319\" data-end=\"334\">FDS y CE<\/strong>Nuestras placas de yeso resistentes a la humedad garantizan un alto rendimiento y durabilidad.<\/p>","protected":false},"featured_media":6055,"template":"","meta":{"_joinchat":[]},"product_brand":[],"product_cat":[124],"product_tag":[],"class_list":{"0":"post-1205","1":"product","2":"type-product","3":"status-publish","4":"has-post-thumbnail","6":"product_cat-plasterboard","8":"first","9":"instock","10":"sale","11":"featured","12":"shipping-taxable","13":"purchasable","14":"product-type-simple"},"_links":{"self":[{"href":"https:\/\/chinagxbm.com\/es\/wp-json\/wp\/v2\/product\/1205","targetHints":{"allow":["GET"]}}],"collection":[{"href":"https:\/\/chinagxbm.com\/es\/wp-json\/wp\/v2\/product"}],"about":[{"href":"https:\/\/chinagxbm.com\/es\/wp-json\/wp\/v2\/types\/product"}],"wp:featuredmedia":[{"embeddable":true,"href":"https:\/\/chinagxbm.com\/es\/wp-json\/wp\/v2\/media\/6055"}],"wp:attachment":[{"href":"https:\/\/chinagxbm.com\/es\/wp-json\/wp\/v2\/media?parent=1205"}],"wp:term":[{"taxonomy":"product_brand","embeddable":true,"href":"https:\/\/chinagxbm.com\/es\/wp-json\/wp\/v2\/product_brand?post=1205"},{"taxonomy":"product_cat","embeddable":true,"href":"https:\/\/chinagxbm.com\/es\/wp-json\/wp\/v2\/product_cat?post=1205"},{"taxonomy":"product_tag","embeddable":true,"href":"https:\/\/chinagxbm.com\/es\/wp-json\/wp\/v2\/product_tag?post=1205"}],"curies":[{"name":"wp","href":"https:\/\/api.w.org\/{rel}","templated":true}]}}