{"id":1207,"date":"2025-02-09T11:30:18","date_gmt":"2025-02-09T11:30:18","guid":{"rendered":"https:\/\/chinagxbm.com\/product\/dnk-red-sports-shoes\/"},"modified":"2025-02-16T16:15:49","modified_gmt":"2025-02-16T16:15:49","slug":"tachuela-y-pista","status":"publish","type":"product","link":"https:\/\/chinagxbm.com\/es\/product\/tachuela-y-pista\/","title":{"rendered":"Montantes y travesa\u00f1os met\u00e1licos para tabiques"},"content":{"rendered":"<h4><strong>1. Material y durabilidad<\/strong><\/h4>\n<ul>\n<li><strong>Acero galvanizado<\/strong>: El revestimiento antioxidante protege contra la humedad, ideal para cuartos de ba\u00f1o, s\u00f3tanos o zonas costeras.<\/li>\n<li><strong>Ingenier\u00eda de precisi\u00f3n<\/strong>: Los montantes rectos y r\u00edgidos evitan el alabeo para obtener acabados lisos en paneles de yeso.<\/li>\n<\/ul>\n<h4><strong>2. Dise\u00f1o inteligente<\/strong><\/h4>\n<ul>\n<li><strong>Studs<\/strong>: Los canales en forma de C sujetan firmemente los paneles de yeso.<\/li>\n<li><strong>Pistas<\/strong>: Base en forma de U y canales de techo para una r\u00e1pida alineaci\u00f3n de los montantes.<\/li>\n<li><strong>Orificios preperforados<\/strong>: Pase cables o tuber\u00edas sin esfuerzo a trav\u00e9s de los montantes.<\/li>\n<\/ul>\n<h4><strong>3. 3. F\u00e1cil instalaci\u00f3n<\/strong><\/h4>\n<ul>\n<li><strong>Sin soldadura<\/strong>: Encaje los tacos en los ra\u00edles y f\u00edjelos con tornillos.<\/li>\n<li><strong>Ajustable<\/strong>: Cortar con tijeras de hojalatero o una amoladora para alturas personalizadas.<\/li>\n<li><strong>Compatibilidad<\/strong>: Funciona con todos los grosores est\u00e1ndar de paneles de yeso (9 mm-15 mm).<\/li>\n<\/ul>\n<h4><strong>4. D\u00f3nde utilizar<\/strong><\/h4>\n<ul>\n<li><strong>Espacios comerciales<\/strong>: Oficinas, hoteles, hospitales.<\/li>\n<li><strong>Reformas del hogar<\/strong>: A\u00f1ade habitaciones, armarios o paredes insonorizadas.<\/li>\n<li><strong>Tiendas al por menor<\/strong>: Tabiques temporales o permanentes.<\/li>\n<\/ul>\n<h4><strong>5. Tama\u00f1os y envases<\/strong><\/h4>\n<ul>\n<li><strong>Longitud de los esp\u00e1rragos<\/strong>: 2,4 m, 3 m, 3,6 m (longitudes personalizadas disponibles).<\/li>\n<li><strong>Longitud de las v\u00edas<\/strong>: 3m, 4m.<\/li>\n<li><strong>Embalaje<\/strong>: 50-100 esp\u00e1rragos\/pista por haz (envueltos en pl\u00e1stico).<\/li>\n<\/ul>\n<hr \/>\n<h3><strong>\u00bfPor qu\u00e9 elegir nuestro sistema de esp\u00e1rragos y ra\u00edles?<\/strong><\/h3>\n<p>\u2705\u00a0<strong>Construcciones m\u00e1s r\u00e1pidas<\/strong>: Sin dolores de cabeza por flexi\u00f3n o alineaci\u00f3n.<br \/>\n\u2705\u00a0<strong>Ligero<\/strong>: 30% m\u00e1s ligero que los marcos de madera - m\u00e1s f\u00e1cil de manejar.<br \/>\n\u2705\u00a0<strong>Ecol\u00f3gico<\/strong>: Acero reciclable 100% con riesgo cero de termitas.<br \/>\n\u2705\u00a0<strong>Reducci\u00f3n del ruido<\/strong>: Comb\u00ednelo con paneles de yeso ac\u00fasticos para habitaciones silenciosas.<\/p>\n<table class=\"has-title all magic-18\">\n<tbody>\n<tr>\n<td colspan=\"1\" rowspan=\"1\">\n<div class=\"magic-19\" data-spm-anchor-id=\"a2700.details.0.i69.4ca33e9exIF2i7\">Nombre del producto<\/div>\n<\/td>\n<td colspan=\"1\" rowspan=\"1\">\n<div class=\"magic-20\">pista y tachuela<\/div>\n<\/td>\n<\/tr>\n<tr>\n<td colspan=\"1\" rowspan=\"1\">\n<div class=\"magic-19\"><span style=\"font-family: Georgia;\">Servicio posventa<\/span><\/div>\n<\/td>\n<td colspan=\"1\" rowspan=\"1\">\n<div class=\"magic-20\"><span style=\"font-family: Georgia;\">Asistencia t\u00e9cnica en l\u00ednea, instalaci\u00f3n in situ, formaci\u00f3n in situ, inspecci\u00f3n in situ, devoluci\u00f3n y sustituci\u00f3n<\/span><\/div>\n<\/td>\n<\/tr>\n<tr>\n<td colspan=\"1\" rowspan=\"1\">\n<div class=\"magic-19\"><span style=\"font-family: Georgia;\">Material<\/span><\/div>\n<\/td>\n<td colspan=\"1\" rowspan=\"1\">\n<div class=\"magic-20\"><span style=\"font-family: Georgia;\">acero galvanizado<\/span><\/div>\n<\/td>\n<\/tr>\n<tr>\n<td colspan=\"1\" rowspan=\"1\">\n<div class=\"magic-19\"><span style=\"font-family: Georgia;\">Lugar de origen<\/span><\/div>\n<\/td>\n<td colspan=\"1\" rowspan=\"1\">\n<div class=\"magic-20\"><span style=\"font-family: Georgia;\">Shandong<\/span><\/div>\n<\/td>\n<\/tr>\n<tr>\n<td colspan=\"1\" rowspan=\"1\">\n<div class=\"magic-19\"><span style=\"font-family: Georgia;\">Aplicaci\u00f3n<\/span><\/div>\n<\/td>\n<td colspan=\"1\" rowspan=\"1\">\n<div class=\"magic-20\"><span style=\"font-family: Georgia;\">Edificio de oficinas<\/span><\/div>\n<\/td>\n<\/tr>\n<tr>\n<td colspan=\"1\" rowspan=\"1\">\n<div class=\"magic-19\"><span style=\"font-family: Georgia;\">Especificaci\u00f3n<\/span><\/div>\n<\/td>\n<td colspan=\"1\" rowspan=\"1\">\n<div class=\"magic-20\">\n<div data-spm-anchor-id=\"0.0.0.i6.26a74f05UfvyvI\">stud:41*32,50*30,60*30,70*30,75*35,92*32,100*35<\/div>\n<div data-spm-anchor-id=\"0.0.0.i6.26a74f05UfvyvI\">track:41*32,52*25,60*25,72*25,75*32,92*32,100*40<\/div>\n<\/div>\n<\/td>\n<\/tr>\n<tr>\n<td colspan=\"1\" rowspan=\"1\">\n<div class=\"magic-19\"><span style=\"font-family: Georgia;\">Espesor<\/span><\/div>\n<\/td>\n<td colspan=\"1\" rowspan=\"1\">\n<div class=\"magic-20\" data-spm-anchor-id=\"a2700.details.0.i70.4ca33e9exIF2i7\">Espesor: 0,3-1,5 mm,<br \/>\nlongitud: personalizada<\/div>\n<\/td>\n<\/tr>\n<tr>\n<td colspan=\"1\" rowspan=\"1\">\n<div class=\"magic-19\">Materia prima<\/div>\n<\/td>\n<td colspan=\"1\" rowspan=\"1\">\n<div class=\"magic-20\">Bobina de acero galvanizado<\/div>\n<\/td>\n<\/tr>\n<tr>\n<td colspan=\"1\" rowspan=\"1\">\n<div class=\"magic-19\">Tratamiento de superficies<\/div>\n<\/td>\n<td colspan=\"1\" rowspan=\"1\">\n<div class=\"magic-20\">Zinc galvanizado<\/div>\n<\/td>\n<\/tr>\n<tr>\n<td colspan=\"1\" rowspan=\"1\">\n<div class=\"magic-19\">Instalaci\u00f3n<\/div>\n<\/td>\n<td colspan=\"1\" rowspan=\"1\">\n<div class=\"magic-20\">Placas de yeso<\/div>\n<\/td>\n<\/tr>\n<tr>\n<td colspan=\"1\" rowspan=\"1\">\n<div class=\"magic-19\">Longitud<\/div>\n<\/td>\n<td colspan=\"1\" rowspan=\"1\">\n<div class=\"magic-20\">personalizado<\/div>\n<\/td>\n<\/tr>\n<\/tbody>\n<\/table>\n<p><img loading=\"lazy\" decoding=\"async\" class=\"alignnone wp-image-6183\" src=\"https:\/\/chinagxbm.com\/wp-content\/uploads\/2025\/02\/Hd56ccbf87fad4b1cb9210f5b3287f5a4y-scaled.jpeg\" alt=\"\" width=\"700\" height=\"700\" srcset=\"https:\/\/chinagxbm.com\/wp-content\/uploads\/2025\/02\/Hd56ccbf87fad4b1cb9210f5b3287f5a4y-scaled.jpeg 2560w, https:\/\/chinagxbm.com\/wp-content\/uploads\/2025\/02\/Hd56ccbf87fad4b1cb9210f5b3287f5a4y-300x300.jpeg 300w, https:\/\/chinagxbm.com\/wp-content\/uploads\/2025\/02\/Hd56ccbf87fad4b1cb9210f5b3287f5a4y-1024x1024.jpeg 1024w, https:\/\/chinagxbm.com\/wp-content\/uploads\/2025\/02\/Hd56ccbf87fad4b1cb9210f5b3287f5a4y-150x150.jpeg 150w, https:\/\/chinagxbm.com\/wp-content\/uploads\/2025\/02\/Hd56ccbf87fad4b1cb9210f5b3287f5a4y-768x768.jpeg 768w, https:\/\/chinagxbm.com\/wp-content\/uploads\/2025\/02\/Hd56ccbf87fad4b1cb9210f5b3287f5a4y-1536x1536.jpeg 1536w, https:\/\/chinagxbm.com\/wp-content\/uploads\/2025\/02\/Hd56ccbf87fad4b1cb9210f5b3287f5a4y-2048x2048.jpeg 2048w, https:\/\/chinagxbm.com\/wp-content\/uploads\/2025\/02\/Hd56ccbf87fad4b1cb9210f5b3287f5a4y-600x600.jpeg 600w, https:\/\/chinagxbm.com\/wp-content\/uploads\/2025\/02\/Hd56ccbf87fad4b1cb9210f5b3287f5a4y-100x100.jpeg 100w\" sizes=\"auto, (max-width: 700px) 100vw, 700px\" \/><\/p>\n<p><img loading=\"lazy\" decoding=\"async\" class=\"alignnone wp-image-6184\" src=\"https:\/\/chinagxbm.com\/wp-content\/uploads\/2025\/02\/He0a9bcfdb45a4dffa772f9f18a789c1dH-scaled.jpeg\" alt=\"\" width=\"700\" height=\"700\" srcset=\"https:\/\/chinagxbm.com\/wp-content\/uploads\/2025\/02\/He0a9bcfdb45a4dffa772f9f18a789c1dH-scaled.jpeg 2560w, https:\/\/chinagxbm.com\/wp-content\/uploads\/2025\/02\/He0a9bcfdb45a4dffa772f9f18a789c1dH-300x300.jpeg 300w, https:\/\/chinagxbm.com\/wp-content\/uploads\/2025\/02\/He0a9bcfdb45a4dffa772f9f18a789c1dH-1024x1024.jpeg 1024w, https:\/\/chinagxbm.com\/wp-content\/uploads\/2025\/02\/He0a9bcfdb45a4dffa772f9f18a789c1dH-150x150.jpeg 150w, https:\/\/chinagxbm.com\/wp-content\/uploads\/2025\/02\/He0a9bcfdb45a4dffa772f9f18a789c1dH-768x768.jpeg 768w, https:\/\/chinagxbm.com\/wp-content\/uploads\/2025\/02\/He0a9bcfdb45a4dffa772f9f18a789c1dH-1536x1536.jpeg 1536w, https:\/\/chinagxbm.com\/wp-content\/uploads\/2025\/02\/He0a9bcfdb45a4dffa772f9f18a789c1dH-2048x2048.jpeg 2048w, https:\/\/chinagxbm.com\/wp-content\/uploads\/2025\/02\/He0a9bcfdb45a4dffa772f9f18a789c1dH-600x600.jpeg 600w, https:\/\/chinagxbm.com\/wp-content\/uploads\/2025\/02\/He0a9bcfdb45a4dffa772f9f18a789c1dH-100x100.jpeg 100w\" sizes=\"auto, (max-width: 700px) 100vw, 700px\" \/><\/p>\n<p><img loading=\"lazy\" decoding=\"async\" class=\"alignleft wp-image-6185\" src=\"https:\/\/chinagxbm.com\/wp-content\/uploads\/2025\/02\/Ha77ebf74db664b3f9dbc6bfad477e6f8u.png\" alt=\"\" width=\"700\" height=\"444\" srcset=\"https:\/\/chinagxbm.com\/wp-content\/uploads\/2025\/02\/Ha77ebf74db664b3f9dbc6bfad477e6f8u.png 760w, https:\/\/chinagxbm.com\/wp-content\/uploads\/2025\/02\/Ha77ebf74db664b3f9dbc6bfad477e6f8u-300x190.png 300w, https:\/\/chinagxbm.com\/wp-content\/uploads\/2025\/02\/Ha77ebf74db664b3f9dbc6bfad477e6f8u-600x381.png 600w\" sizes=\"auto, (max-width: 700px) 100vw, 700px\" \/><\/p>\n<p>&nbsp;<\/p>\n<p>&nbsp;<\/p>\n<p>&nbsp;<\/p>\n<p>&nbsp;<\/p>\n<p>&nbsp;<\/p>\n<p>&nbsp;<\/p>\n<p>&nbsp;<\/p>\n<p>&nbsp;<\/p>\n<p>&nbsp;<\/p>\n<p>&nbsp;<\/p>\n<p>&nbsp;<\/p>\n<p>&nbsp;<\/p>\n<p><img loading=\"lazy\" decoding=\"async\" class=\"alignleft wp-image-6186\" src=\"https:\/\/chinagxbm.com\/wp-content\/uploads\/2025\/02\/Knauf-Drywall-Metal-Partitions-Knauf.png\" alt=\"\" width=\"700\" height=\"525\" srcset=\"https:\/\/chinagxbm.com\/wp-content\/uploads\/2025\/02\/Knauf-Drywall-Metal-Partitions-Knauf.png 1859w, https:\/\/chinagxbm.com\/wp-content\/uploads\/2025\/02\/Knauf-Drywall-Metal-Partitions-Knauf-300x225.png 300w, https:\/\/chinagxbm.com\/wp-content\/uploads\/2025\/02\/Knauf-Drywall-Metal-Partitions-Knauf-1024x768.png 1024w, https:\/\/chinagxbm.com\/wp-content\/uploads\/2025\/02\/Knauf-Drywall-Metal-Partitions-Knauf-768x576.png 768w, https:\/\/chinagxbm.com\/wp-content\/uploads\/2025\/02\/Knauf-Drywall-Metal-Partitions-Knauf-1536x1152.png 1536w, https:\/\/chinagxbm.com\/wp-content\/uploads\/2025\/02\/Knauf-Drywall-Metal-Partitions-Knauf-600x450.png 600w\" sizes=\"auto, (max-width: 700px) 100vw, 700px\" \/><\/p>","protected":false},"excerpt":{"rendered":"<p><strong>Estructura de acero para paredes rectas y resistentes<\/strong><br \/>\nTravesa\u00f1os y montantes de acero galvanizado de alta resistencia dise\u00f1ados para construir tabiques resistentes y ligeros. Perfectos para crear habitaciones, oficinas o espacios insonorizados. F\u00e1ciles de instalar, resistentes al \u00f3xido y duraderos.<\/p>","protected":false},"featured_media":6180,"template":"","meta":{"_joinchat":[]},"product_brand":[],"product_cat":[126],"product_tag":[],"class_list":{"0":"post-1207","1":"product","2":"type-product","3":"status-publish","4":"has-post-thumbnail","6":"product_cat-drywall-accessories","8":"first","9":"instock","10":"sale","11":"featured","12":"shipping-taxable","13":"purchasable","14":"product-type-simple"},"_links":{"self":[{"href":"https:\/\/chinagxbm.com\/es\/wp-json\/wp\/v2\/product\/1207","targetHints":{"allow":["GET"]}}],"collection":[{"href":"https:\/\/chinagxbm.com\/es\/wp-json\/wp\/v2\/product"}],"about":[{"href":"https:\/\/chinagxbm.com\/es\/wp-json\/wp\/v2\/types\/product"}],"wp:featuredmedia":[{"embeddable":true,"href":"https:\/\/chinagxbm.com\/es\/wp-json\/wp\/v2\/media\/6180"}],"wp:attachment":[{"href":"https:\/\/chinagxbm.com\/es\/wp-json\/wp\/v2\/media?parent=1207"}],"wp:term":[{"taxonomy":"product_brand","embeddable":true,"href":"https:\/\/chinagxbm.com\/es\/wp-json\/wp\/v2\/product_brand?post=1207"},{"taxonomy":"product_cat","embeddable":true,"href":"https:\/\/chinagxbm.com\/es\/wp-json\/wp\/v2\/product_cat?post=1207"},{"taxonomy":"product_tag","embeddable":true,"href":"https:\/\/chinagxbm.com\/es\/wp-json\/wp\/v2\/product_tag?post=1207"}],"curies":[{"name":"wp","href":"https:\/\/api.w.org\/{rel}","templated":true}]}}