{"id":1214,"date":"2025-02-09T11:30:18","date_gmt":"2025-02-09T11:30:18","guid":{"rendered":"https:\/\/chinagxbm.com\/product\/dnk-blue-shoes\/"},"modified":"2025-02-12T12:39:52","modified_gmt":"2025-02-12T12:39:52","slug":"baldosas-de-yeso-pvc-de-color","status":"publish","type":"product","link":"https:\/\/chinagxbm.com\/es\/product\/baldosas-de-yeso-pvc-de-color\/","title":{"rendered":"Placas de yeso de PVC de color"},"content":{"rendered":"<p>Descripci\u00f3n del producto Techo de yeso de alta calidad a base de etileno PVC laminado placa de techo de yeso \/ placa de techo de yeso, yeso PVC<br \/>\nTablero Material: Placa de yeso de alta calidad revestida de papel, con una pel\u00edcula de PVC en la superficie y papel de aluminio en la parte posterior. Est\u00e1 hecho de paneles de yeso de alta calidad con una capa de pel\u00edcula de PVC en la superficie y papel de aluminio en la parte posterior. (El yeso, el PVC y el papel de aluminio son materiales 100% respetuosos con el medio ambiente, con propiedades impermeables y resistentes al fuego).<\/p>\n<table class=\"has-title all magic-8\">\n<tbody>\n<tr>\n<td colspan=\"7\" rowspan=\"1\">\n<div class=\"magic-9\" data-spm-anchor-id=\"a2700.details.0.i77.7061153fC20mRm\">Techo de placas de yeso de PVC<\/div>\n<\/td>\n<\/tr>\n<tr>\n<td colspan=\"1\" rowspan=\"1\">\n<div class=\"magic-17\">Material<\/div>\n<\/td>\n<td colspan=\"2\" rowspan=\"1\">\n<div class=\"magic-18\">Yeso, arena de cuarzo, fibra<\/div>\n<\/td>\n<td colspan=\"1\" rowspan=\"1\">\n<div class=\"magic-13\">Resistencia a la flexi\u00f3n<\/div>\n<\/td>\n<td colspan=\"1\" rowspan=\"1\">\n<div class=\"magic-14\">\u2265187N<\/div>\n<\/td>\n<td colspan=\"1\" rowspan=\"1\">\n<div class=\"magic-15\">Revestimiento de superficies<\/div>\n<\/td>\n<td colspan=\"1\" rowspan=\"1\">\n<div class=\"magic-19\">Cara frontal de PVC y cara posterior de papel de aluminio<\/div>\n<\/td>\n<\/tr>\n<tr>\n<td colspan=\"1\" rowspan=\"1\">\n<div class=\"magic-17\">Espesor<\/div>\n<\/td>\n<td colspan=\"2\" rowspan=\"1\">\n<div class=\"magic-18\">6,4-12 mm<\/div>\n<\/td>\n<td colspan=\"1\" rowspan=\"1\">\n<div class=\"magic-13\">Resistencia al impacto<\/div>\n<\/td>\n<td colspan=\"1\" rowspan=\"1\">\n<div class=\"magic-14\">\u2265472N<\/div>\n<\/td>\n<td colspan=\"1\" rowspan=\"1\">\n<div class=\"magic-15\">Tama\u00f1o habitual<\/div>\n<\/td>\n<td colspan=\"1\" rowspan=\"1\">\n<div class=\"magic-19\">595~605*959~1210<\/div>\n<\/td>\n<\/tr>\n<tr>\n<td colspan=\"1\" rowspan=\"7\">\n<div class=\"magic-17\">Tolerancia<\/div>\n<\/td>\n<td colspan=\"1\" rowspan=\"1\">\n<div class=\"magic-11\">Longitud<\/div>\n<\/td>\n<td colspan=\"1\" rowspan=\"1\">\n<div class=\"magic-12\">2 mm<\/div>\n<\/td>\n<td colspan=\"1\" rowspan=\"1\">\n<div class=\"magic-13\">Densidad<\/div>\n<\/td>\n<td colspan=\"1\" rowspan=\"1\">\n<div class=\"magic-14\">9,2 kg\/m2<\/div>\n<\/td>\n<td colspan=\"1\" rowspan=\"1\">\n<div class=\"magic-15\">\u00cdndice de humedad<\/div>\n<\/td>\n<td colspan=\"1\" rowspan=\"1\">\n<div class=\"magic-19\">\u22641%<\/div>\n<\/td>\n<\/tr>\n<tr>\n<td colspan=\"1\" rowspan=\"1\">\n<div class=\"magic-11\">Anchura<\/div>\n<\/td>\n<td colspan=\"1\" rowspan=\"1\">\n<div class=\"magic-12\">3 mm<\/div>\n<\/td>\n<td colspan=\"1\" rowspan=\"1\">\n<div class=\"magic-13\">Coeficiente de dilataci\u00f3n t\u00e9rmica<\/div>\n<\/td>\n<td colspan=\"1\" rowspan=\"1\">\n<div class=\"magic-14\">\u22645x106m\/m.k<\/div>\n<\/td>\n<td colspan=\"1\" rowspan=\"1\">\n<div class=\"magic-15\">Fuerza<\/div>\n<\/td>\n<td colspan=\"1\" rowspan=\"1\">\n<div class=\"magic-19\">\u2265150N<\/div>\n<\/td>\n<\/tr>\n<tr>\n<td colspan=\"1\" rowspan=\"1\">\n<div class=\"magic-11\">Espesor<\/div>\n<\/td>\n<td colspan=\"1\" rowspan=\"1\">\n<div class=\"magic-12\">0,2 mm<\/div>\n<\/td>\n<td colspan=\"1\" rowspan=\"1\">\n<div class=\"magic-13\">Coeficiente de dilataci\u00f3n por humedad<\/div>\n<\/td>\n<td colspan=\"1\" rowspan=\"1\">\n<div class=\"magic-14\">\u22640.20%<\/div>\n<\/td>\n<td colspan=\"1\" rowspan=\"1\">\n<div class=\"magic-15\">Peso unitario<\/div>\n<\/td>\n<td colspan=\"1\" rowspan=\"1\">\n<div class=\"magic-19\">\u22647kg\/m2<\/div>\n<\/td>\n<\/tr>\n<tr>\n<td colspan=\"1\" rowspan=\"1\">\n<div class=\"magic-11\">No uniformidad del espesor<\/div>\n<\/td>\n<td colspan=\"1\" rowspan=\"1\">\n<div class=\"magic-12\">\u22648%<\/div>\n<\/td>\n<td colspan=\"1\" rowspan=\"1\">\n<div class=\"magic-13\">Coeficiente de dilataci\u00f3n de secado<\/div>\n<\/td>\n<td colspan=\"1\" rowspan=\"1\">\n<div class=\"magic-14\">\u22646*106<\/div>\n<\/td>\n<td colspan=\"1\" rowspan=\"1\">\n<div class=\"magic-15\">Embalaje<\/div>\n<\/td>\n<td colspan=\"1\" rowspan=\"1\">\n<div class=\"magic-19\">6,8 o 10 unidades por caja con film<\/div>\n<\/td>\n<\/tr>\n<tr>\n<td colspan=\"1\" rowspan=\"1\">\n<div class=\"magic-11\">Rectitud del canto<\/div>\n<\/td>\n<td colspan=\"1\" rowspan=\"1\">\n<div class=\"magic-12\">\u22641,5 mm<\/div>\n<\/td>\n<td colspan=\"1\" rowspan=\"1\">\n<div class=\"magic-13\">Conductividad t\u00e9rmica<\/div>\n<\/td>\n<td colspan=\"1\" rowspan=\"1\">\n<div class=\"magic-14\">\u22640.1%<\/div>\n<\/td>\n<td colspan=\"1\" rowspan=\"1\">\n<div class=\"magic-15\">Propiedades de resistencia al pandeo<\/div>\n<\/td>\n<td colspan=\"1\" rowspan=\"1\">\n<div class=\"magic-19\">Garant\u00eda contra la flecha visible<\/div>\n<\/td>\n<\/tr>\n<tr>\n<td colspan=\"1\" rowspan=\"1\">\n<div class=\"magic-11\">Planitud de la superficie<\/div>\n<\/td>\n<td colspan=\"1\" rowspan=\"1\">\n<div class=\"magic-12\">\u22642mm<\/div>\n<\/td>\n<td colspan=\"1\" rowspan=\"1\">\n<div class=\"magic-13\">Radioactividad<\/div>\n<\/td>\n<td colspan=\"1\" rowspan=\"1\">\n<div class=\"magic-14\">&lt;1.0L<\/div>\n<\/td>\n<td colspan=\"1\" rowspan=\"1\">\n<div class=\"magic-15\">Coeficiente de reducci\u00f3n del ruido<\/div>\n<\/td>\n<td colspan=\"1\" rowspan=\"1\">\n<div class=\"magic-19\">0.1-0.3<\/div>\n<\/td>\n<\/tr>\n<tr>\n<td colspan=\"1\" rowspan=\"1\">\n<div class=\"magic-11\">Cuadratura<\/div>\n<\/td>\n<td colspan=\"1\" rowspan=\"1\">\n<div class=\"magic-12\">\u22642mm<\/div>\n<\/td>\n<td colspan=\"1\" rowspan=\"1\">\n<div class=\"magic-13\">No inflamable<\/div>\n<\/td>\n<td colspan=\"1\" rowspan=\"1\">\n<div class=\"magic-14\">Clase A<\/div>\n<\/td>\n<td colspan=\"1\" rowspan=\"1\">\n<div class=\"magic-15\">Conductividad t\u00e9rmica<\/div>\n<\/td>\n<td colspan=\"1\" rowspan=\"1\">\n<div class=\"magic-19\">Resistente a la humedad 95% y al agua estancada<\/div>\n<\/td>\n<\/tr>\n<tr>\n<td colspan=\"5\" rowspan=\"1\">\n<div class=\"magic-20\">100% sin amianto<\/div>\n<\/td>\n<td colspan=\"1\" rowspan=\"1\">\n<div class=\"magic-15\">Reflectancia luminosa<\/div>\n<\/td>\n<td colspan=\"1\" rowspan=\"1\">\n<div class=\"magic-19\">0.75<\/div>\n<\/td>\n<\/tr>\n<\/tbody>\n<\/table>\n<p><img loading=\"lazy\" decoding=\"async\" class=\"alignnone wp-image-6030\" src=\"https:\/\/chinagxbm.com\/wp-content\/uploads\/2025\/02\/H0d5338629b75433c8c13f5a6ff1fde2dH.jpeg\" alt=\"\" width=\"700\" height=\"700\" srcset=\"https:\/\/chinagxbm.com\/wp-content\/uploads\/2025\/02\/H0d5338629b75433c8c13f5a6ff1fde2dH.jpeg 1080w, https:\/\/chinagxbm.com\/wp-content\/uploads\/2025\/02\/H0d5338629b75433c8c13f5a6ff1fde2dH-300x300.jpeg 300w, https:\/\/chinagxbm.com\/wp-content\/uploads\/2025\/02\/H0d5338629b75433c8c13f5a6ff1fde2dH-1024x1024.jpeg 1024w, https:\/\/chinagxbm.com\/wp-content\/uploads\/2025\/02\/H0d5338629b75433c8c13f5a6ff1fde2dH-150x150.jpeg 150w, https:\/\/chinagxbm.com\/wp-content\/uploads\/2025\/02\/H0d5338629b75433c8c13f5a6ff1fde2dH-768x768.jpeg 768w, https:\/\/chinagxbm.com\/wp-content\/uploads\/2025\/02\/H0d5338629b75433c8c13f5a6ff1fde2dH-600x600.jpeg 600w, https:\/\/chinagxbm.com\/wp-content\/uploads\/2025\/02\/H0d5338629b75433c8c13f5a6ff1fde2dH-100x100.jpeg 100w\" sizes=\"auto, (max-width: 700px) 100vw, 700px\" \/> <img loading=\"lazy\" decoding=\"async\" class=\"alignnone wp-image-6031\" src=\"https:\/\/chinagxbm.com\/wp-content\/uploads\/2025\/02\/1dd88f28-4599-4040-a95d-15e5cb6456e7.jpeg\" alt=\"\" width=\"700\" height=\"525\" srcset=\"https:\/\/chinagxbm.com\/wp-content\/uploads\/2025\/02\/1dd88f28-4599-4040-a95d-15e5cb6456e7.jpeg 782w, https:\/\/chinagxbm.com\/wp-content\/uploads\/2025\/02\/1dd88f28-4599-4040-a95d-15e5cb6456e7-300x225.jpeg 300w, https:\/\/chinagxbm.com\/wp-content\/uploads\/2025\/02\/1dd88f28-4599-4040-a95d-15e5cb6456e7-768x576.jpeg 768w, https:\/\/chinagxbm.com\/wp-content\/uploads\/2025\/02\/1dd88f28-4599-4040-a95d-15e5cb6456e7-600x450.jpeg 600w\" sizes=\"auto, (max-width: 700px) 100vw, 700px\" \/> <img loading=\"lazy\" decoding=\"async\" class=\"alignnone wp-image-6032\" src=\"https:\/\/chinagxbm.com\/wp-content\/uploads\/2025\/02\/H49ecc88470a34ee0900dcf6d07966f9av.jpeg\" alt=\"\" width=\"700\" height=\"700\" srcset=\"https:\/\/chinagxbm.com\/wp-content\/uploads\/2025\/02\/H49ecc88470a34ee0900dcf6d07966f9av.jpeg 1368w, https:\/\/chinagxbm.com\/wp-content\/uploads\/2025\/02\/H49ecc88470a34ee0900dcf6d07966f9av-300x300.jpeg 300w, https:\/\/chinagxbm.com\/wp-content\/uploads\/2025\/02\/H49ecc88470a34ee0900dcf6d07966f9av-1024x1024.jpeg 1024w, https:\/\/chinagxbm.com\/wp-content\/uploads\/2025\/02\/H49ecc88470a34ee0900dcf6d07966f9av-150x150.jpeg 150w, https:\/\/chinagxbm.com\/wp-content\/uploads\/2025\/02\/H49ecc88470a34ee0900dcf6d07966f9av-768x768.jpeg 768w, https:\/\/chinagxbm.com\/wp-content\/uploads\/2025\/02\/H49ecc88470a34ee0900dcf6d07966f9av-600x600.jpeg 600w, https:\/\/chinagxbm.com\/wp-content\/uploads\/2025\/02\/H49ecc88470a34ee0900dcf6d07966f9av-100x100.jpeg 100w\" sizes=\"auto, (max-width: 700px) 100vw, 700px\" \/> <img loading=\"lazy\" decoding=\"async\" class=\"alignnone wp-image-6033\" src=\"https:\/\/chinagxbm.com\/wp-content\/uploads\/2025\/02\/H44fb6311d16b4ebc90892ed4a22dfe2co.jpeg\" alt=\"\" width=\"700\" height=\"700\" srcset=\"https:\/\/chinagxbm.com\/wp-content\/uploads\/2025\/02\/H44fb6311d16b4ebc90892ed4a22dfe2co.jpeg 1280w, https:\/\/chinagxbm.com\/wp-content\/uploads\/2025\/02\/H44fb6311d16b4ebc90892ed4a22dfe2co-300x300.jpeg 300w, https:\/\/chinagxbm.com\/wp-content\/uploads\/2025\/02\/H44fb6311d16b4ebc90892ed4a22dfe2co-1024x1024.jpeg 1024w, https:\/\/chinagxbm.com\/wp-content\/uploads\/2025\/02\/H44fb6311d16b4ebc90892ed4a22dfe2co-150x150.jpeg 150w, https:\/\/chinagxbm.com\/wp-content\/uploads\/2025\/02\/H44fb6311d16b4ebc90892ed4a22dfe2co-768x768.jpeg 768w, https:\/\/chinagxbm.com\/wp-content\/uploads\/2025\/02\/H44fb6311d16b4ebc90892ed4a22dfe2co-600x600.jpeg 600w, https:\/\/chinagxbm.com\/wp-content\/uploads\/2025\/02\/H44fb6311d16b4ebc90892ed4a22dfe2co-100x100.jpeg 100w\" sizes=\"auto, (max-width: 700px) 100vw, 700px\" \/><\/p>\n<p>Si necesita otros dise\u00f1os, p\u00f3ngase en contacto con nosotros.<\/p>","protected":false},"excerpt":{"rendered":"<p>Las placas de techo de yeso laminado con PVC son placas de techo decorativas duraderas, ligeras y de alta calidad. Fabricadas con placas de yeso de primera calidad revestidas de papel con una capa de PVC en la superficie y un soporte de papel de aluminio, ofrecen una excelente resistencia al fuego, al agua y a la corrosi\u00f3n, lo que las convierte en la opci\u00f3n ideal para soluciones de techos modernas.<\/p>","protected":false},"featured_media":6027,"template":"","meta":{"_joinchat":[]},"product_brand":[],"product_cat":[125],"product_tag":[],"class_list":{"0":"post-1214","1":"product","2":"type-product","3":"status-publish","4":"has-post-thumbnail","6":"product_cat-vinyl-gypsum-ceilingspvc-laminated-gypsum-ceiling-tiles","8":"first","9":"instock","10":"sale","11":"shipping-taxable","12":"purchasable","13":"product-type-simple"},"_links":{"self":[{"href":"https:\/\/chinagxbm.com\/es\/wp-json\/wp\/v2\/product\/1214","targetHints":{"allow":["GET"]}}],"collection":[{"href":"https:\/\/chinagxbm.com\/es\/wp-json\/wp\/v2\/product"}],"about":[{"href":"https:\/\/chinagxbm.com\/es\/wp-json\/wp\/v2\/types\/product"}],"wp:featuredmedia":[{"embeddable":true,"href":"https:\/\/chinagxbm.com\/es\/wp-json\/wp\/v2\/media\/6027"}],"wp:attachment":[{"href":"https:\/\/chinagxbm.com\/es\/wp-json\/wp\/v2\/media?parent=1214"}],"wp:term":[{"taxonomy":"product_brand","embeddable":true,"href":"https:\/\/chinagxbm.com\/es\/wp-json\/wp\/v2\/product_brand?post=1214"},{"taxonomy":"product_cat","embeddable":true,"href":"https:\/\/chinagxbm.com\/es\/wp-json\/wp\/v2\/product_cat?post=1214"},{"taxonomy":"product_tag","embeddable":true,"href":"https:\/\/chinagxbm.com\/es\/wp-json\/wp\/v2\/product_tag?post=1214"}],"curies":[{"name":"wp","href":"https:\/\/api.w.org\/{rel}","templated":true}]}}