{"id":1215,"date":"2025-02-09T11:30:18","date_gmt":"2025-02-09T11:30:18","guid":{"rendered":"https:\/\/chinagxbm.com\/product\/dnk-black-shoes\/"},"modified":"2025-02-12T11:26:51","modified_gmt":"2025-02-12T11:26:51","slug":"baldosas-de-yeso-vinilico","status":"publish","type":"product","link":"https:\/\/chinagxbm.com\/es\/product\/baldosas-de-yeso-vinilico\/","title":{"rendered":"Placas de yeso para techos de PVC"},"content":{"rendered":"<p data-start=\"410\" data-end=\"802\">Las placas de techo de yeso laminado con PVC son una soluci\u00f3n de techo vers\u00e1til y duradera, dise\u00f1ada para mejorar tanto la est\u00e9tica como la funcionalidad de diversos espacios interiores. Estas placas se fabrican con cart\u00f3n yeso de alta calidad revestido de papel, laminado con una pel\u00edcula de PVC en la superficie para un acabado elegante, mientras que el soporte de papel de aluminio mejora el aislamiento t\u00e9rmico y la resistencia a la humedad.<\/p>\n<h4 data-start=\"804\" data-end=\"830\"><strong data-start=\"809\" data-end=\"828\">Especificaciones:<\/strong><\/h4>\n<ul data-start=\"831\" data-end=\"976\">\n<li data-start=\"831\" data-end=\"877\"><strong data-start=\"833\" data-end=\"855\">Opciones de grosor:<\/strong> 7 mm, 8 mm, 9 mm, 12 mm<\/li>\n<li data-start=\"878\" data-end=\"976\"><strong data-start=\"880\" data-end=\"900\">Tallas disponibles:<\/strong>\n<ul data-start=\"905\" data-end=\"976\">\n<li data-start=\"905\" data-end=\"920\">595 \u00d7 595 mm<\/li>\n<li data-start=\"923\" data-end=\"938\">603 \u00d7 603 mm<\/li>\n<li data-start=\"941\" data-end=\"957\">595 \u00d7 1195 mm<\/li>\n<li data-start=\"960\" data-end=\"976\">603 \u00d7 1213 mm<\/li>\n<\/ul>\n<\/li>\n<\/ul>\n<h4 data-start=\"978\" data-end=\"1002\"><strong data-start=\"983\" data-end=\"1000\">Caracter\u00edsticas principales:<\/strong><\/h4>\n<p data-start=\"1003\" data-end=\"1434\">\u2705 <strong data-start=\"1005\" data-end=\"1037\">Ign\u00edfugo y resistente al agua:<\/strong> Garantiza la durabilidad a largo plazo en entornos h\u00famedos.<br data-start=\"1089\" data-end=\"1092\" \/>\u2705 <strong data-start=\"1094\" data-end=\"1125\">Resistente a la corrosi\u00f3n y al moho:<\/strong> Ideal para aplicaciones comerciales y residenciales.<br data-start=\"1176\" data-end=\"1179\" \/>\u2705 <strong data-start=\"1181\" data-end=\"1215\">Ligero y f\u00e1cil de instalar:<\/strong> Reduce el tiempo de instalaci\u00f3n y los costes de mano de obra.<br data-start=\"1258\" data-end=\"1261\" \/>\u2705 <strong data-start=\"1263\" data-end=\"1290\">Materiales ecol\u00f3gicos:<\/strong> No t\u00f3xico y seguro para uso en interiores.<br data-start=\"1325\" data-end=\"1328\" \/>\u2705 <strong data-start=\"1330\" data-end=\"1361\">Varios dise\u00f1os y patrones:<\/strong> Disponible en varios colores y texturas para adaptarse a diferentes interiores.<\/p>\n<p data-start=\"1003\" data-end=\"1434\">\u2705 <strong data-start=\"947\" data-end=\"978\">Varios dise\u00f1os y patrones:<\/strong> Los dise\u00f1os de PVC m\u00e1s habituales son <strong data-start=\"1006\" data-end=\"1028\">154, 996, 995, 238<\/strong>y muchos m\u00e1s que se adaptan a diferentes estilos de interior.<\/p>\n<h3 data-start=\"1436\" data-end=\"1459\"><strong data-start=\"1440\" data-end=\"1457\">Aplicaciones:<\/strong><\/h3>\n<p data-start=\"1460\" data-end=\"1710\">Las placas de techo de yeso laminado de PVC se utilizan ampliamente en oficinas, hospitales, centros comerciales, hoteles, escuelas y edificios residenciales. Su combinaci\u00f3n de atractivo est\u00e9tico y rendimiento superior las convierte en la mejor opci\u00f3n para los dise\u00f1os de techos modernos.<\/p>\n<p data-start=\"1460\" data-end=\"1710\"><img loading=\"lazy\" decoding=\"async\" class=\"alignnone size-full wp-image-6017\" src=\"https:\/\/chinagxbm.com\/wp-content\/uploads\/2025\/02\/screenshot_1737381147.png\" alt=\"\" width=\"976\" height=\"365\" srcset=\"https:\/\/chinagxbm.com\/wp-content\/uploads\/2025\/02\/screenshot_1737381147.png 976w, https:\/\/chinagxbm.com\/wp-content\/uploads\/2025\/02\/screenshot_1737381147-300x112.png 300w, https:\/\/chinagxbm.com\/wp-content\/uploads\/2025\/02\/screenshot_1737381147-768x287.png 768w, https:\/\/chinagxbm.com\/wp-content\/uploads\/2025\/02\/screenshot_1737381147-600x224.png 600w\" sizes=\"auto, (max-width: 976px) 100vw, 976px\" \/><img loading=\"lazy\" decoding=\"async\" class=\"alignnone wp-image-6014\" src=\"https:\/\/chinagxbm.com\/wp-content\/uploads\/2025\/02\/996.png\" alt=\"\" width=\"700\" height=\"690\" srcset=\"https:\/\/chinagxbm.com\/wp-content\/uploads\/2025\/02\/996.png 800w, https:\/\/chinagxbm.com\/wp-content\/uploads\/2025\/02\/996-300x296.png 300w, https:\/\/chinagxbm.com\/wp-content\/uploads\/2025\/02\/996-768x756.png 768w, https:\/\/chinagxbm.com\/wp-content\/uploads\/2025\/02\/996-600x591.png 600w, https:\/\/chinagxbm.com\/wp-content\/uploads\/2025\/02\/996-100x100.png 100w\" sizes=\"auto, (max-width: 700px) 100vw, 700px\" \/><\/p>\n<p data-start=\"1460\" data-end=\"1710\"><img loading=\"lazy\" decoding=\"async\" class=\"alignnone wp-image-6016\" src=\"https:\/\/chinagxbm.com\/wp-content\/uploads\/2025\/02\/\u5fae\u4fe1\u56fe\u7247_20221216171055.jpg\" alt=\"\" width=\"700\" height=\"525\" srcset=\"https:\/\/chinagxbm.com\/wp-content\/uploads\/2025\/02\/\u5fae\u4fe1\u56fe\u7247_20221216171055.jpg 992w, https:\/\/chinagxbm.com\/wp-content\/uploads\/2025\/02\/\u5fae\u4fe1\u56fe\u7247_20221216171055-300x225.jpg 300w, https:\/\/chinagxbm.com\/wp-content\/uploads\/2025\/02\/\u5fae\u4fe1\u56fe\u7247_20221216171055-768x576.jpg 768w, https:\/\/chinagxbm.com\/wp-content\/uploads\/2025\/02\/\u5fae\u4fe1\u56fe\u7247_20221216171055-600x450.jpg 600w\" sizes=\"auto, (max-width: 700px) 100vw, 700px\" \/><\/p>\n<p data-start=\"1460\" data-end=\"1710\"><img loading=\"lazy\" decoding=\"async\" class=\"alignnone wp-image-6018\" src=\"https:\/\/chinagxbm.com\/wp-content\/uploads\/2025\/02\/154PVC.jpg\" alt=\"\" width=\"700\" height=\"394\" srcset=\"https:\/\/chinagxbm.com\/wp-content\/uploads\/2025\/02\/154PVC.jpg 1920w, https:\/\/chinagxbm.com\/wp-content\/uploads\/2025\/02\/154PVC-300x169.jpg 300w, https:\/\/chinagxbm.com\/wp-content\/uploads\/2025\/02\/154PVC-1024x576.jpg 1024w, https:\/\/chinagxbm.com\/wp-content\/uploads\/2025\/02\/154PVC-768x432.jpg 768w, https:\/\/chinagxbm.com\/wp-content\/uploads\/2025\/02\/154PVC-1536x864.jpg 1536w, https:\/\/chinagxbm.com\/wp-content\/uploads\/2025\/02\/154PVC-600x338.jpg 600w\" sizes=\"auto, (max-width: 700px) 100vw, 700px\" \/> <img loading=\"lazy\" decoding=\"async\" class=\"alignnone wp-image-6019\" src=\"https:\/\/chinagxbm.com\/wp-content\/uploads\/2025\/02\/600PVC.jpg\" alt=\"\" width=\"700\" height=\"394\" srcset=\"https:\/\/chinagxbm.com\/wp-content\/uploads\/2025\/02\/600PVC.jpg 1920w, https:\/\/chinagxbm.com\/wp-content\/uploads\/2025\/02\/600PVC-300x169.jpg 300w, https:\/\/chinagxbm.com\/wp-content\/uploads\/2025\/02\/600PVC-1024x576.jpg 1024w, https:\/\/chinagxbm.com\/wp-content\/uploads\/2025\/02\/600PVC-768x432.jpg 768w, https:\/\/chinagxbm.com\/wp-content\/uploads\/2025\/02\/600PVC-1536x864.jpg 1536w, https:\/\/chinagxbm.com\/wp-content\/uploads\/2025\/02\/600PVC-600x338.jpg 600w\" sizes=\"auto, (max-width: 700px) 100vw, 700px\" \/> <img loading=\"lazy\" decoding=\"async\" class=\"alignnone wp-image-6020\" src=\"https:\/\/chinagxbm.com\/wp-content\/uploads\/2025\/02\/pvc-pack.png\" alt=\"\" width=\"700\" height=\"575\" srcset=\"https:\/\/chinagxbm.com\/wp-content\/uploads\/2025\/02\/pvc-pack.png 567w, https:\/\/chinagxbm.com\/wp-content\/uploads\/2025\/02\/pvc-pack-300x247.png 300w\" sizes=\"auto, (max-width: 700px) 100vw, 700px\" \/><\/p>","protected":false},"excerpt":{"rendered":"<p>Las placas de techo de yeso laminado con PVC son placas de techo decorativas duraderas, ligeras y de alta calidad. Fabricadas con placas de yeso de primera calidad revestidas de papel con una capa de PVC en la superficie y un soporte de papel de aluminio, ofrecen una excelente resistencia al fuego, al agua y a la corrosi\u00f3n, lo que las convierte en la opci\u00f3n ideal para soluciones de techos modernas.<\/p>","protected":false},"featured_media":6022,"template":"","meta":{"_joinchat":[]},"product_brand":[],"product_cat":[125],"product_tag":[],"class_list":{"0":"post-1215","1":"product","2":"type-product","3":"status-publish","4":"has-post-thumbnail","6":"product_cat-vinyl-gypsum-ceilingspvc-laminated-gypsum-ceiling-tiles","8":"first","9":"instock","10":"featured","11":"shipping-taxable","12":"purchasable","13":"product-type-simple"},"_links":{"self":[{"href":"https:\/\/chinagxbm.com\/es\/wp-json\/wp\/v2\/product\/1215","targetHints":{"allow":["GET"]}}],"collection":[{"href":"https:\/\/chinagxbm.com\/es\/wp-json\/wp\/v2\/product"}],"about":[{"href":"https:\/\/chinagxbm.com\/es\/wp-json\/wp\/v2\/types\/product"}],"wp:featuredmedia":[{"embeddable":true,"href":"https:\/\/chinagxbm.com\/es\/wp-json\/wp\/v2\/media\/6022"}],"wp:attachment":[{"href":"https:\/\/chinagxbm.com\/es\/wp-json\/wp\/v2\/media?parent=1215"}],"wp:term":[{"taxonomy":"product_brand","embeddable":true,"href":"https:\/\/chinagxbm.com\/es\/wp-json\/wp\/v2\/product_brand?post=1215"},{"taxonomy":"product_cat","embeddable":true,"href":"https:\/\/chinagxbm.com\/es\/wp-json\/wp\/v2\/product_cat?post=1215"},{"taxonomy":"product_tag","embeddable":true,"href":"https:\/\/chinagxbm.com\/es\/wp-json\/wp\/v2\/product_tag?post=1215"}],"curies":[{"name":"wp","href":"https:\/\/api.w.org\/{rel}","templated":true}]}}