{"id":596,"date":"2021-04-14T11:49:26","date_gmt":"2021-04-14T11:49:26","guid":{"rendered":"https:\/\/startersites.io\/blocksy\/homi\/?post_type=product&#038;p=596"},"modified":"2025-02-16T16:18:17","modified_gmt":"2025-02-16T16:18:17","slug":"doble-canal-metalico-para-techo","status":"publish","type":"product","link":"https:\/\/chinagxbm.com\/es\/product\/doble-canal-metalico-para-techo\/","title":{"rendered":"Techo Met\u00e1lico Doble Canal"},"content":{"rendered":"<p data-spm-anchor-id=\"a2700.details.0.i84.355656baIeAgnT\"><img loading=\"lazy\" decoding=\"async\" class=\"alignnone size-full wp-image-6148\" src=\"https:\/\/chinagxbm.com\/wp-content\/uploads\/2021\/04\/HTB1fk_iSFXXXXb1XVXXq6xXFXXXv.jpeg\" alt=\"\" width=\"700\" height=\"700\" srcset=\"https:\/\/chinagxbm.com\/wp-content\/uploads\/2021\/04\/HTB1fk_iSFXXXXb1XVXXq6xXFXXXv.jpeg 700w, https:\/\/chinagxbm.com\/wp-content\/uploads\/2021\/04\/HTB1fk_iSFXXXXb1XVXXq6xXFXXXv-300x300.jpeg 300w, https:\/\/chinagxbm.com\/wp-content\/uploads\/2021\/04\/HTB1fk_iSFXXXXb1XVXXq6xXFXXXv-150x150.jpeg 150w, https:\/\/chinagxbm.com\/wp-content\/uploads\/2021\/04\/HTB1fk_iSFXXXXb1XVXXq6xXFXXXv-600x600.jpeg 600w, https:\/\/chinagxbm.com\/wp-content\/uploads\/2021\/04\/HTB1fk_iSFXXXXb1XVXXq6xXFXXXv-100x100.jpeg 100w\" sizes=\"auto, (max-width: 700px) 100vw, 700px\" \/><\/p>\n<p class=\"magic-5\" data-spm-anchor-id=\"a2700.details.0.i84.355656baIeAgnT\">Tama\u00f1o del canal: 50\u00d719<\/p>\n<p class=\"magic-5\" data-spm-anchor-id=\"a2700.details.0.i84.355656baIeAgnT\">Los Productos relacionados a instalar: Canal de gancho, Canal principal<\/p>\n<p class=\"magic-5\" data-spm-anchor-id=\"a2700.details.0.i85.355656baIeAgnT\">Longitud y grosor: seg\u00fan las necesidades.<\/p>\n<p class=\"magic-5\">Paquete: 10 unidades\/paquete<\/p>\n<p class=\"magic-5\">Revestimiento de zinc: 40g\/m2-275g\/m2<\/p>\n<p class=\"magic-5\">MOQ: 2 Ton<\/p>\n<p><img loading=\"lazy\" decoding=\"async\" class=\"alignnone wp-image-6149\" src=\"https:\/\/chinagxbm.com\/wp-content\/uploads\/2021\/04\/HTB1iUGyXu7JL1JjSZFvq6AcYFXau.jpeg\" alt=\"\" width=\"700\" height=\"648\" srcset=\"https:\/\/chinagxbm.com\/wp-content\/uploads\/2021\/04\/HTB1iUGyXu7JL1JjSZFvq6AcYFXau.jpeg 364w, https:\/\/chinagxbm.com\/wp-content\/uploads\/2021\/04\/HTB1iUGyXu7JL1JjSZFvq6AcYFXau-300x278.jpeg 300w\" sizes=\"auto, (max-width: 700px) 100vw, 700px\" \/><\/p>\n<p>Tama\u00f1o del canal: 47\u00d719<br \/>\nEl Producto relacionado a instalar : F47 Clip<br \/>\nLongitud y grosor: seg\u00fan sus necesidades<br \/>\nPaquete: 10 unidades\/paquete<br \/>\nRevestimiento de zinc : 40g\/m2-275g\/m2<br \/>\nMOQ: 2 Ton<\/p>\n<p>&nbsp;<\/p>\n<figure id=\"attachment_6150\" aria-describedby=\"caption-attachment-6150\" style=\"width: 700px\" class=\"wp-caption alignnone\"><img loading=\"lazy\" decoding=\"async\" class=\"wp-image-6150\" src=\"https:\/\/chinagxbm.com\/wp-content\/uploads\/2021\/04\/H3d71c2b7f19c497bbb425912151ff443p.jpeg\" alt=\"\" width=\"700\" height=\"700\" srcset=\"https:\/\/chinagxbm.com\/wp-content\/uploads\/2021\/04\/H3d71c2b7f19c497bbb425912151ff443p.jpeg 800w, https:\/\/chinagxbm.com\/wp-content\/uploads\/2021\/04\/H3d71c2b7f19c497bbb425912151ff443p-300x300.jpeg 300w, https:\/\/chinagxbm.com\/wp-content\/uploads\/2021\/04\/H3d71c2b7f19c497bbb425912151ff443p-150x150.jpeg 150w, https:\/\/chinagxbm.com\/wp-content\/uploads\/2021\/04\/H3d71c2b7f19c497bbb425912151ff443p-768x768.jpeg 768w, https:\/\/chinagxbm.com\/wp-content\/uploads\/2021\/04\/H3d71c2b7f19c497bbb425912151ff443p-600x600.jpeg 600w, https:\/\/chinagxbm.com\/wp-content\/uploads\/2021\/04\/H3d71c2b7f19c497bbb425912151ff443p-100x100.jpeg 100w\" sizes=\"auto, (max-width: 700px) 100vw, 700px\" \/><figcaption id=\"caption-attachment-6150\" class=\"wp-caption-text\">Tama\u00f1o del canal: 35x22x68<br \/>El Producto relacionado a instalar : Canal Principal<br \/>Longitud y grosor: seg\u00fan sus necesidades <br \/>Paquete: 10 unidades\/paquete<br \/>Revestimiento de zinc : 40g\/m2-275g\/m2<br \/>MOQ: 2 Ton<\/figcaption><\/figure>\n<table class=\"all magic-6\" style=\"height: 112px;\" width=\"713\">\n<tbody>\n<tr>\n<td>\n<div class=\"magic-7\" data-spm-anchor-id=\"a2700.details.0.i87.355656baIeAgnT\">Especificaci\u00f3n<\/div>\n<\/td>\n<td>\n<div class=\"magic-8\">Espesor<\/div>\n<\/td>\n<td>\n<div class=\"magic-9\">Longitud<\/div>\n<\/td>\n<\/tr>\n<tr>\n<td>\n<div class=\"magic-7\">Canal enrasado 68*35*22<\/div>\n<\/td>\n<td>\n<div class=\"magic-8\" data-spm-anchor-id=\"a2700.details.0.i83.355656baIeAgnT\">0,35-0,6 mm<\/div>\n<\/td>\n<td>\n<div class=\"magic-9\">3m<\/div>\n<\/td>\n<\/tr>\n<tr>\n<td>\n<div class=\"magic-7\" data-spm-anchor-id=\"a2700.details.0.i79.355656baIeAgnT\">Canal enrasado 50*19<\/div>\n<\/td>\n<td>\n<div class=\"magic-8\">0,35-0,6 mm<\/div>\n<\/td>\n<td>\n<div class=\"magic-9\">3m<\/div>\n<\/td>\n<\/tr>\n<tr>\n<td>\n<div class=\"magic-7\">Canal de enrasado 47*19<\/div>\n<\/td>\n<td>\n<div class=\"magic-8\">0,35-0,6 mm<\/div>\n<\/td>\n<td>\n<div class=\"magic-9\">3m<\/div>\n<\/td>\n<\/tr>\n<\/tbody>\n<\/table>\n<p>&nbsp;<\/p>\n<p><img loading=\"lazy\" decoding=\"async\" class=\"alignleft wp-image-6153\" src=\"https:\/\/chinagxbm.com\/wp-content\/uploads\/2021\/04\/\u5fae\u4fe1\u56fe\u7247_20250215220536.jpg\" alt=\"\" width=\"700\" height=\"394\" srcset=\"https:\/\/chinagxbm.com\/wp-content\/uploads\/2021\/04\/\u5fae\u4fe1\u56fe\u7247_20250215220536.jpg 1920w, https:\/\/chinagxbm.com\/wp-content\/uploads\/2021\/04\/\u5fae\u4fe1\u56fe\u7247_20250215220536-300x169.jpg 300w, https:\/\/chinagxbm.com\/wp-content\/uploads\/2021\/04\/\u5fae\u4fe1\u56fe\u7247_20250215220536-1024x576.jpg 1024w, https:\/\/chinagxbm.com\/wp-content\/uploads\/2021\/04\/\u5fae\u4fe1\u56fe\u7247_20250215220536-768x432.jpg 768w, https:\/\/chinagxbm.com\/wp-content\/uploads\/2021\/04\/\u5fae\u4fe1\u56fe\u7247_20250215220536-1536x864.jpg 1536w, https:\/\/chinagxbm.com\/wp-content\/uploads\/2021\/04\/\u5fae\u4fe1\u56fe\u7247_20250215220536-600x338.jpg 600w\" sizes=\"auto, (max-width: 700px) 100vw, 700px\" \/><\/p>\n<p><img loading=\"lazy\" decoding=\"async\" class=\"alignleft wp-image-6151\" src=\"https:\/\/chinagxbm.com\/wp-content\/uploads\/2021\/04\/HTB1Dtktb6uhSKJjSspa760FgFXaI.png\" alt=\"\" width=\"700\" height=\"700\" srcset=\"https:\/\/chinagxbm.com\/wp-content\/uploads\/2021\/04\/HTB1Dtktb6uhSKJjSspa760FgFXaI.png 626w, https:\/\/chinagxbm.com\/wp-content\/uploads\/2021\/04\/HTB1Dtktb6uhSKJjSspa760FgFXaI-300x300.png 300w, https:\/\/chinagxbm.com\/wp-content\/uploads\/2021\/04\/HTB1Dtktb6uhSKJjSspa760FgFXaI-150x150.png 150w, https:\/\/chinagxbm.com\/wp-content\/uploads\/2021\/04\/HTB1Dtktb6uhSKJjSspa760FgFXaI-600x600.png 600w, https:\/\/chinagxbm.com\/wp-content\/uploads\/2021\/04\/HTB1Dtktb6uhSKJjSspa760FgFXaI-100x100.png 100w\" sizes=\"auto, (max-width: 700px) 100vw, 700px\" \/> <img loading=\"lazy\" decoding=\"async\" class=\"alignleft wp-image-6152\" src=\"https:\/\/chinagxbm.com\/wp-content\/uploads\/2021\/04\/C-Metal-Stud-Cw75-Gypsum-Drywall-Profile-Frame-Interior-Partition-Wall.png\" alt=\"\" width=\"700\" height=\"700\" srcset=\"https:\/\/chinagxbm.com\/wp-content\/uploads\/2021\/04\/C-Metal-Stud-Cw75-Gypsum-Drywall-Profile-Frame-Interior-Partition-Wall.png 1060w, https:\/\/chinagxbm.com\/wp-content\/uploads\/2021\/04\/C-Metal-Stud-Cw75-Gypsum-Drywall-Profile-Frame-Interior-Partition-Wall-300x300.png 300w, https:\/\/chinagxbm.com\/wp-content\/uploads\/2021\/04\/C-Metal-Stud-Cw75-Gypsum-Drywall-Profile-Frame-Interior-Partition-Wall-1024x1024.png 1024w, https:\/\/chinagxbm.com\/wp-content\/uploads\/2021\/04\/C-Metal-Stud-Cw75-Gypsum-Drywall-Profile-Frame-Interior-Partition-Wall-150x150.png 150w, https:\/\/chinagxbm.com\/wp-content\/uploads\/2021\/04\/C-Metal-Stud-Cw75-Gypsum-Drywall-Profile-Frame-Interior-Partition-Wall-768x768.png 768w, https:\/\/chinagxbm.com\/wp-content\/uploads\/2021\/04\/C-Metal-Stud-Cw75-Gypsum-Drywall-Profile-Frame-Interior-Partition-Wall-600x600.png 600w, https:\/\/chinagxbm.com\/wp-content\/uploads\/2021\/04\/C-Metal-Stud-Cw75-Gypsum-Drywall-Profile-Frame-Interior-Partition-Wall-100x100.png 100w\" sizes=\"auto, (max-width: 700px) 100vw, 700px\" \/><\/p>","protected":false},"excerpt":{"rendered":"<p><strong>Estructura de acero de primera calidad para techos duraderos<\/strong><br \/>\nNuestros perfiles met\u00e1licos dobles combinan\u00a0<strong>acero de alta resistencia<\/strong>El dise\u00f1o ligero y el galvanizado resistente a la corrosi\u00f3n proporcionan un soporte fiable para paneles de yeso, paneles ac\u00fasticos y falsos techos. Dise\u00f1ado para proyectos comerciales y residenciales.<\/p>","protected":false},"featured_media":6145,"template":"","meta":{"_joinchat":[]},"product_brand":[],"product_cat":[72,126],"product_tag":[],"class_list":{"0":"post-596","1":"product","2":"type-product","3":"status-publish","4":"has-post-thumbnail","6":"product_cat-accessories","7":"product_cat-drywall-accessories","9":"first","10":"instock","11":"sale","12":"shipping-taxable","13":"purchasable","14":"product-type-simple"},"_links":{"self":[{"href":"https:\/\/chinagxbm.com\/es\/wp-json\/wp\/v2\/product\/596","targetHints":{"allow":["GET"]}}],"collection":[{"href":"https:\/\/chinagxbm.com\/es\/wp-json\/wp\/v2\/product"}],"about":[{"href":"https:\/\/chinagxbm.com\/es\/wp-json\/wp\/v2\/types\/product"}],"wp:featuredmedia":[{"embeddable":true,"href":"https:\/\/chinagxbm.com\/es\/wp-json\/wp\/v2\/media\/6145"}],"wp:attachment":[{"href":"https:\/\/chinagxbm.com\/es\/wp-json\/wp\/v2\/media?parent=596"}],"wp:term":[{"taxonomy":"product_brand","embeddable":true,"href":"https:\/\/chinagxbm.com\/es\/wp-json\/wp\/v2\/product_brand?post=596"},{"taxonomy":"product_cat","embeddable":true,"href":"https:\/\/chinagxbm.com\/es\/wp-json\/wp\/v2\/product_cat?post=596"},{"taxonomy":"product_tag","embeddable":true,"href":"https:\/\/chinagxbm.com\/es\/wp-json\/wp\/v2\/product_tag?post=596"}],"curies":[{"name":"wp","href":"https:\/\/api.w.org\/{rel}","templated":true}]}}