{"id":88,"date":"2021-04-09T16:52:26","date_gmt":"2021-04-09T16:52:26","guid":{"rendered":"https:\/\/startersites.io\/blocksy\/homi\/?post_type=product&#038;p=88"},"modified":"2025-02-15T13:22:54","modified_gmt":"2025-02-15T13:22:54","slug":"placa-de-yeso-ignifuga","status":"publish","type":"product","link":"https:\/\/chinagxbm.com\/es\/product\/placa-de-yeso-ignifuga\/","title":{"rendered":"Placa de yeso ign\u00edfuga"},"content":{"rendered":"<p data-start=\"382\" data-end=\"785\">La placa de yeso ign\u00edfuga es un material de construcci\u00f3n de alto rendimiento especialmente desarrollado para aplicaciones resistentes al fuego. Se fabrica con yeso de alta calidad y se refuerza con fibra de vidrio para mejorar su resistencia al fuego. Este tipo de placa de yeso se utiliza ampliamente en edificios comerciales y residenciales, especialmente en zonas donde se requiere una mayor protecci\u00f3n contra el fuego, como paredes, techos y tabiques.<\/p>\n<h4 data-start=\"787\" data-end=\"811\"><strong data-start=\"792\" data-end=\"809\">Caracter\u00edsticas principales:<\/strong><\/h4>\n<p data-start=\"812\" data-end=\"1230\">\u2714 <strong data-start=\"814\" data-end=\"833\">Resistencia al fuego<\/strong> - Rendimiento ign\u00edfugo mejorado gracias al refuerzo de fibra de vidrio.<br data-start=\"899\" data-end=\"902\" \/>\u2714 <strong data-start=\"904\" data-end=\"921\">Alta resistencia<\/strong> - Estructura duradera y resistente a los impactos.<br data-start=\"963\" data-end=\"966\" \/>\u2714 <strong data-start=\"968\" data-end=\"986\">Superficie lisa<\/strong> - Apto para pintura y acabado.<br data-start=\"1025\" data-end=\"1028\" \/>\u2714 <strong data-start=\"1030\" data-end=\"1051\">F\u00e1cil instalaci\u00f3n<\/strong> - Puede cortarse, clavarse y atornillarse como una placa de yeso est\u00e1ndar.<br data-start=\"1113\" data-end=\"1116\" \/>\u2714 <strong data-start=\"1118\" data-end=\"1139\">Calidad certificada<\/strong> - Cumple las normas internacionales de seguridad, entre ellas <strong data-start=\"1198\" data-end=\"1227\">FDS y certificaci\u00f3n CE<\/strong>.<\/p>\n<h4 data-start=\"1232\" data-end=\"1259\"><strong data-start=\"1237\" data-end=\"1257\">Tallas disponibles:<\/strong><\/h4>\n<p data-start=\"1260\" data-end=\"1284\">\ud83d\udccc <strong data-start=\"1263\" data-end=\"1282\">Anchura \u00d7 Longitud:<\/strong><\/p>\n<ul data-start=\"1285\" data-end=\"1379\">\n<li data-start=\"1285\" data-end=\"1303\">1200 \u00d7 2000 mm<\/li>\n<li data-start=\"1304\" data-end=\"1322\">1200 \u00d7 2400 mm<\/li>\n<li data-start=\"1323\" data-end=\"1341\">1220 \u00d7 2440 mm<\/li>\n<li data-start=\"1342\" data-end=\"1360\">1200 \u00d7 2700 mm<\/li>\n<li data-start=\"1361\" data-end=\"1379\">1200 \u00d7 3000 mm<\/li>\n<\/ul>\n<p data-start=\"1381\" data-end=\"1408\">\ud83d\udccc <strong data-start=\"1384\" data-end=\"1406\">Opciones de grosor:<\/strong><\/p>\n<ul data-start=\"1409\" data-end=\"1459\">\n<li data-start=\"1409\" data-end=\"1459\">7 mm, 8 mm, 9 mm, 9,5 mm, 10 mm, 12 mm, 12,5 mm, 15 mm<\/li>\n<\/ul>\n<h4 data-start=\"1461\" data-end=\"1485\"><strong data-start=\"1466\" data-end=\"1483\">Aplicaciones:<\/strong><\/h4>\n<p data-start=\"1486\" data-end=\"1726\">\ud83c\udfe2 <strong data-start=\"1489\" data-end=\"1527\">Edificios comerciales y residenciales<\/strong> - Se utiliza para paredes y techos resistentes al fuego.<br data-start=\"1569\" data-end=\"1572\" \/>\ud83c\udfed <strong data-start=\"1575\" data-end=\"1600\">Instalaciones industriales<\/strong> - Adecuado para zonas que requieren protecci\u00f3n contra incendios.<br data-start=\"1648\" data-end=\"1651\" \/>\ud83c\udfe5 <strong data-start=\"1654\" data-end=\"1677\">Hospitales y escuelas<\/strong> - Garantiza la seguridad en entornos muy transitados.<\/p>\n<p data-start=\"1728\" data-end=\"1902\" data-is-last-node=\"\">Como exportador y fabricante l\u00edder de placas de yeso en China, ofrecemos productos de la mejor calidad a precios competitivos.<\/p>\n<p data-start=\"1728\" data-end=\"1902\" data-is-last-node=\"\"><img loading=\"lazy\" decoding=\"async\" class=\"alignnone size-full wp-image-6140\" src=\"https:\/\/chinagxbm.com\/wp-content\/uploads\/2021\/04\/fireproof-11.jpg\" alt=\"\" width=\"750\" height=\"511\" srcset=\"https:\/\/chinagxbm.com\/wp-content\/uploads\/2021\/04\/fireproof-11.jpg 750w, https:\/\/chinagxbm.com\/wp-content\/uploads\/2021\/04\/fireproof-11-300x204.jpg 300w, https:\/\/chinagxbm.com\/wp-content\/uploads\/2021\/04\/fireproof-11-600x409.jpg 600w\" sizes=\"auto, (max-width: 750px) 100vw, 750px\" \/> <img loading=\"lazy\" decoding=\"async\" class=\"alignnone size-full wp-image-6141\" src=\"https:\/\/chinagxbm.com\/wp-content\/uploads\/2021\/04\/fireproof22.jpg\" alt=\"\" width=\"750\" height=\"422\" srcset=\"https:\/\/chinagxbm.com\/wp-content\/uploads\/2021\/04\/fireproof22.jpg 750w, https:\/\/chinagxbm.com\/wp-content\/uploads\/2021\/04\/fireproof22-300x169.jpg 300w, https:\/\/chinagxbm.com\/wp-content\/uploads\/2021\/04\/fireproof22-600x338.jpg 600w\" sizes=\"auto, (max-width: 750px) 100vw, 750px\" \/> <img loading=\"lazy\" decoding=\"async\" class=\"alignnone size-full wp-image-6142\" src=\"https:\/\/chinagxbm.com\/wp-content\/uploads\/2021\/04\/fireproof33.jpg\" alt=\"\" width=\"750\" height=\"559\" srcset=\"https:\/\/chinagxbm.com\/wp-content\/uploads\/2021\/04\/fireproof33.jpg 750w, https:\/\/chinagxbm.com\/wp-content\/uploads\/2021\/04\/fireproof33-300x224.jpg 300w, https:\/\/chinagxbm.com\/wp-content\/uploads\/2021\/04\/fireproof33-600x447.jpg 600w\" sizes=\"auto, (max-width: 750px) 100vw, 750px\" \/> <img loading=\"lazy\" decoding=\"async\" class=\"alignnone size-full wp-image-6143\" src=\"https:\/\/chinagxbm.com\/wp-content\/uploads\/2021\/04\/fireproof44.jpg\" alt=\"\" width=\"750\" height=\"422\" srcset=\"https:\/\/chinagxbm.com\/wp-content\/uploads\/2021\/04\/fireproof44.jpg 750w, https:\/\/chinagxbm.com\/wp-content\/uploads\/2021\/04\/fireproof44-300x169.jpg 300w, https:\/\/chinagxbm.com\/wp-content\/uploads\/2021\/04\/fireproof44-600x338.jpg 600w\" sizes=\"auto, (max-width: 750px) 100vw, 750px\" \/><\/p>","protected":false},"excerpt":{"rendered":"<p>La placa de yeso ign\u00edfuga est\u00e1 dise\u00f1ada para ofrecer una mayor resistencia al fuego en diversas aplicaciones. Se fabrica con un n\u00facleo especial resistente al fuego reforzado con fibra de vidrio, por lo que es una opci\u00f3n ideal para zonas que requieren una mayor protecci\u00f3n contra incendios.<\/p>","protected":false},"featured_media":6138,"template":"","meta":{"_joinchat":[]},"product_brand":[],"product_cat":[124],"product_tag":[],"class_list":{"0":"post-88","1":"product","2":"type-product","3":"status-publish","4":"has-post-thumbnail","6":"product_cat-plasterboard","8":"first","9":"instock","10":"shipping-taxable","11":"purchasable","12":"product-type-simple"},"_links":{"self":[{"href":"https:\/\/chinagxbm.com\/es\/wp-json\/wp\/v2\/product\/88","targetHints":{"allow":["GET"]}}],"collection":[{"href":"https:\/\/chinagxbm.com\/es\/wp-json\/wp\/v2\/product"}],"about":[{"href":"https:\/\/chinagxbm.com\/es\/wp-json\/wp\/v2\/types\/product"}],"wp:featuredmedia":[{"embeddable":true,"href":"https:\/\/chinagxbm.com\/es\/wp-json\/wp\/v2\/media\/6138"}],"wp:attachment":[{"href":"https:\/\/chinagxbm.com\/es\/wp-json\/wp\/v2\/media?parent=88"}],"wp:term":[{"taxonomy":"product_brand","embeddable":true,"href":"https:\/\/chinagxbm.com\/es\/wp-json\/wp\/v2\/product_brand?post=88"},{"taxonomy":"product_cat","embeddable":true,"href":"https:\/\/chinagxbm.com\/es\/wp-json\/wp\/v2\/product_cat?post=88"},{"taxonomy":"product_tag","embeddable":true,"href":"https:\/\/chinagxbm.com\/es\/wp-json\/wp\/v2\/product_tag?post=88"}],"curies":[{"name":"wp","href":"https:\/\/api.w.org\/{rel}","templated":true}]}}