{"id":1193,"date":"2025-02-09T11:30:17","date_gmt":"2025-02-09T11:30:17","guid":{"rendered":"https:\/\/chinagxbm.com\/product\/black-over-the-shoulder-handbag-2\/"},"modified":"2025-02-13T14:35:26","modified_gmt":"2025-02-13T14:35:26","slug":"contreplaque-polaire","status":"publish","type":"product","link":"https:\/\/chinagxbm.com\/fr\/product\/contreplaque-polaire\/","title":{"rendered":"Contreplaqu\u00e9 de peuplier d'ing\u00e9nierie blanchi sur deux faces"},"content":{"rendered":"<p data-start=\"536\" data-end=\"887\"><strong data-start=\"536\" data-end=\"586\">Contreplaqu\u00e9 de peuplier d'ing\u00e9nierie blanchi sur deux faces<\/strong> est un contreplaqu\u00e9 de qualit\u00e9 sup\u00e9rieure qui combine <strong data-start=\"628\" data-end=\"674\">l'attrait esth\u00e9tique et l'int\u00e9grit\u00e9 structurelle<\/strong>. Sa surface est recouverte d'une <strong data-start=\"706\" data-end=\"741\">placage de bois d'ing\u00e9nierie blanchi<\/strong>qui lui conf\u00e8re un aspect propre, lumineux et uniforme, tandis que son c\u0153ur est constitu\u00e9 d'\u00e9l\u00e9ments de haute qualit\u00e9. <strong data-start=\"828\" data-end=\"845\">placage de peuplier<\/strong> pour une r\u00e9sistance et une stabilit\u00e9 l\u00e9g\u00e8res.<\/p>\n<h4 data-start=\"889\" data-end=\"915\"><strong data-start=\"894\" data-end=\"913\">Sp\u00e9cifications :<\/strong><\/h4>\n<ul data-start=\"916\" data-end=\"1212\">\n<li data-start=\"916\" data-end=\"956\"><strong data-start=\"918\" data-end=\"936\">Taille standard :<\/strong> <strong data-start=\"937\" data-end=\"954\">1220 \u00d7 2440mm<\/strong><\/li>\n<li data-start=\"957\" data-end=\"1031\"><strong data-start=\"959\" data-end=\"981\">Options d'\u00e9paisseur :<\/strong> <strong data-start=\"982\" data-end=\"1029\">3mm, 5mm, 9mm, 12mm, 15mm, 18mm, 21mm, 25mm<\/strong><\/li>\n<li data-start=\"1032\" data-end=\"1073\"><strong data-start=\"1034\" data-end=\"1052\">Mat\u00e9riau de base :<\/strong> 100% Placage peuplier<\/li>\n<li data-start=\"1074\" data-end=\"1136\"><strong data-start=\"1076\" data-end=\"1088\">Surface :<\/strong> Placage en bois d'ing\u00e9nierie blanchi sur les deux faces<\/li>\n<li data-start=\"1137\" data-end=\"1212\"><strong data-start=\"1139\" data-end=\"1153\">Type de colle :<\/strong> Normes d'\u00e9missions de formald\u00e9hyde MR.E0, E1 ou E2 disponibles<\/li>\n<\/ul>\n<h4 data-start=\"1214\" data-end=\"1238\"><strong data-start=\"1219\" data-end=\"1236\">Caract\u00e9ristiques principales :<\/strong><\/h4>\n<p data-start=\"1239\" data-end=\"1724\">\u2705 <strong data-start=\"1241\" data-end=\"1270\">Surface lisse et uniforme :<\/strong> Id\u00e9al pour les applications de mobilier haut de gamme avec un aspect propre et raffin\u00e9.<br data-start=\"1340\" data-end=\"1343\" \/>\u2705 <strong data-start=\"1345\" data-end=\"1370\">L\u00e9ger et solide :<\/strong> L'\u00e2me en peuplier offre une excellente r\u00e9sistance tout en restant facile \u00e0 manipuler.<br data-start=\"1442\" data-end=\"1445\" \/>\u2705 <strong data-start=\"1447\" data-end=\"1469\">Facile \u00e0 travailler :<\/strong> Convient \u00e0 la d\u00e9coupe, au per\u00e7age, \u00e0 la peinture et \u00e0 la stratification.<br data-start=\"1527\" data-end=\"1530\" \/>\u2705 <strong data-start=\"1532\" data-end=\"1577\">Respectueux de l'environnement et \u00e0 faible \u00e9mission de formald\u00e9hyde :<\/strong> Conforme aux normes de s\u00e9curit\u00e9 internationales (E0\/E1\/E2).<br data-start=\"1626\" data-end=\"1629\" \/>\u2705 <strong data-start=\"1631\" data-end=\"1652\">Durable et stable :<\/strong> R\u00e9sistant \u00e0 la d\u00e9formation et \u00e0 la fissuration, il garantit des performances durables.<\/p>\n<h3 data-start=\"1726\" data-end=\"1749\"><strong data-start=\"1730\" data-end=\"1747\">Applications :<\/strong><\/h3>\n<ul data-start=\"1750\" data-end=\"2004\">\n<li data-start=\"1750\" data-end=\"1834\"><strong data-start=\"1752\" data-end=\"1780\">Fabrication de meubles :<\/strong> Id\u00e9al pour les armoires, les penderies, les tables et les \u00e9tag\u00e8res.<\/li>\n<li data-start=\"1835\" data-end=\"1917\"><strong data-start=\"1837\" data-end=\"1861\">D\u00e9coration int\u00e9rieure :<\/strong> Utilis\u00e9 pour les panneaux muraux, les portes et les finitions d\u00e9coratives.<\/li>\n<li data-start=\"1918\" data-end=\"2004\"><strong data-start=\"1920\" data-end=\"1943\">Travail du bois sur mesure :<\/strong> Convient aux dessins d\u00e9coup\u00e9s avec pr\u00e9cision et aux travaux de menuiserie d\u00e9taill\u00e9s.<\/li>\n<\/ul>\n<p data-start=\"2006\" data-end=\"2183\" data-is-last-node=\"\">En tant que <strong data-start=\"2011\" data-end=\"2056\">Fabricant et exportateur chinois de confiance<\/strong>Nous fournissons <strong data-start=\"2069\" data-end=\"2132\">contreplaqu\u00e9 de haute qualit\u00e9, prix comp\u00e9titifs et livraison rapide<\/strong>.<\/p>\n<p><img loading=\"lazy\" decoding=\"async\" class=\"wp-image-6064\" src=\"https:\/\/chinagxbm.com\/wp-content\/uploads\/2025\/02\/IMG20250101125631-scaled.jpg\" alt=\"\" width=\"700\" height=\"525\" srcset=\"https:\/\/chinagxbm.com\/wp-content\/uploads\/2025\/02\/IMG20250101125631-scaled.jpg 2560w, https:\/\/chinagxbm.com\/wp-content\/uploads\/2025\/02\/IMG20250101125631-300x225.jpg 300w, https:\/\/chinagxbm.com\/wp-content\/uploads\/2025\/02\/IMG20250101125631-1024x768.jpg 1024w, https:\/\/chinagxbm.com\/wp-content\/uploads\/2025\/02\/IMG20250101125631-768x576.jpg 768w, https:\/\/chinagxbm.com\/wp-content\/uploads\/2025\/02\/IMG20250101125631-1536x1152.jpg 1536w, https:\/\/chinagxbm.com\/wp-content\/uploads\/2025\/02\/IMG20250101125631-2048x1536.jpg 2048w, https:\/\/chinagxbm.com\/wp-content\/uploads\/2025\/02\/IMG20250101125631-600x450.jpg 600w\" sizes=\"auto, (max-width: 700px) 100vw, 700px\" \/><\/p>\n<p><img loading=\"lazy\" decoding=\"async\" class=\"wp-image-6065\" src=\"https:\/\/chinagxbm.com\/wp-content\/uploads\/2025\/02\/IMG20250101130203-scaled.jpg\" alt=\"\" width=\"700\" height=\"700\" srcset=\"https:\/\/chinagxbm.com\/wp-content\/uploads\/2025\/02\/IMG20250101130203-scaled.jpg 2560w, https:\/\/chinagxbm.com\/wp-content\/uploads\/2025\/02\/IMG20250101130203-300x300.jpg 300w, https:\/\/chinagxbm.com\/wp-content\/uploads\/2025\/02\/IMG20250101130203-1024x1024.jpg 1024w, https:\/\/chinagxbm.com\/wp-content\/uploads\/2025\/02\/IMG20250101130203-150x150.jpg 150w, https:\/\/chinagxbm.com\/wp-content\/uploads\/2025\/02\/IMG20250101130203-768x768.jpg 768w, https:\/\/chinagxbm.com\/wp-content\/uploads\/2025\/02\/IMG20250101130203-1536x1536.jpg 1536w, https:\/\/chinagxbm.com\/wp-content\/uploads\/2025\/02\/IMG20250101130203-2048x2048.jpg 2048w, https:\/\/chinagxbm.com\/wp-content\/uploads\/2025\/02\/IMG20250101130203-600x600.jpg 600w, https:\/\/chinagxbm.com\/wp-content\/uploads\/2025\/02\/IMG20250101130203-100x100.jpg 100w\" sizes=\"auto, (max-width: 700px) 100vw, 700px\" \/><\/p>\n<p><img loading=\"lazy\" decoding=\"async\" class=\"wp-image-6066\" src=\"https:\/\/chinagxbm.com\/wp-content\/uploads\/2025\/02\/IMG20250101130219-scaled.jpg\" alt=\"\" width=\"700\" height=\"700\" srcset=\"https:\/\/chinagxbm.com\/wp-content\/uploads\/2025\/02\/IMG20250101130219-scaled.jpg 2560w, https:\/\/chinagxbm.com\/wp-content\/uploads\/2025\/02\/IMG20250101130219-300x300.jpg 300w, https:\/\/chinagxbm.com\/wp-content\/uploads\/2025\/02\/IMG20250101130219-1024x1024.jpg 1024w, https:\/\/chinagxbm.com\/wp-content\/uploads\/2025\/02\/IMG20250101130219-150x150.jpg 150w, https:\/\/chinagxbm.com\/wp-content\/uploads\/2025\/02\/IMG20250101130219-768x768.jpg 768w, https:\/\/chinagxbm.com\/wp-content\/uploads\/2025\/02\/IMG20250101130219-1536x1536.jpg 1536w, https:\/\/chinagxbm.com\/wp-content\/uploads\/2025\/02\/IMG20250101130219-2048x2048.jpg 2048w, https:\/\/chinagxbm.com\/wp-content\/uploads\/2025\/02\/IMG20250101130219-600x600.jpg 600w, https:\/\/chinagxbm.com\/wp-content\/uploads\/2025\/02\/IMG20250101130219-100x100.jpg 100w\" sizes=\"auto, (max-width: 700px) 100vw, 700px\" \/><\/p>\n<p><img loading=\"lazy\" decoding=\"async\" class=\"wp-image-6067\" src=\"https:\/\/chinagxbm.com\/wp-content\/uploads\/2025\/02\/IMG20250101130235-scaled.jpg\" alt=\"\" width=\"700\" height=\"700\" srcset=\"https:\/\/chinagxbm.com\/wp-content\/uploads\/2025\/02\/IMG20250101130235-scaled.jpg 2560w, https:\/\/chinagxbm.com\/wp-content\/uploads\/2025\/02\/IMG20250101130235-300x300.jpg 300w, https:\/\/chinagxbm.com\/wp-content\/uploads\/2025\/02\/IMG20250101130235-1024x1024.jpg 1024w, https:\/\/chinagxbm.com\/wp-content\/uploads\/2025\/02\/IMG20250101130235-150x150.jpg 150w, https:\/\/chinagxbm.com\/wp-content\/uploads\/2025\/02\/IMG20250101130235-768x768.jpg 768w, https:\/\/chinagxbm.com\/wp-content\/uploads\/2025\/02\/IMG20250101130235-1536x1536.jpg 1536w, https:\/\/chinagxbm.com\/wp-content\/uploads\/2025\/02\/IMG20250101130235-2048x2048.jpg 2048w, https:\/\/chinagxbm.com\/wp-content\/uploads\/2025\/02\/IMG20250101130235-600x600.jpg 600w, https:\/\/chinagxbm.com\/wp-content\/uploads\/2025\/02\/IMG20250101130235-100x100.jpg 100w\" sizes=\"auto, (max-width: 700px) 100vw, 700px\" \/><\/p>","protected":false},"excerpt":{"rendered":"<p>Le contreplaqu\u00e9 de peuplier d'ing\u00e9nierie blanchi sur deux faces est un contreplaqu\u00e9 de haute qualit\u00e9 con\u00e7u pour la fabrication de meubles. Il se caract\u00e9rise par une <strong data-start=\"154\" data-end=\"189\">placage de bois d'ing\u00e9nierie blanchi<\/strong> sur les deux faces, offrant une surface lisse et \u00e9l\u00e9gante, tandis que l'\u00e2me est en <strong data-start=\"270\" data-end=\"292\">100% placage peuplier<\/strong>Les panneaux sont fabriqu\u00e9s en acier inoxydable, ce qui garantit leur durabilit\u00e9 et leur stabilit\u00e9. Disponible en diff\u00e9rentes \u00e9paisseurs de <strong data-start=\"367\" data-end=\"382\">3mm \u00e0 25mm<\/strong>Ce contreplaqu\u00e9 offre une excellente r\u00e9sistance, une bonne maniabilit\u00e9 et un aspect raffin\u00e9 pour les applications de mobilier haut de gamme.<\/p>","protected":false},"featured_media":6061,"template":"","meta":{"_joinchat":[]},"product_brand":[],"product_cat":[127],"product_tag":[],"class_list":{"0":"post-1193","1":"product","2":"type-product","3":"status-publish","4":"has-post-thumbnail","6":"product_cat-plywood","8":"first","9":"instock","10":"featured","11":"shipping-taxable","12":"purchasable","13":"product-type-simple"},"_links":{"self":[{"href":"https:\/\/chinagxbm.com\/fr\/wp-json\/wp\/v2\/product\/1193","targetHints":{"allow":["GET"]}}],"collection":[{"href":"https:\/\/chinagxbm.com\/fr\/wp-json\/wp\/v2\/product"}],"about":[{"href":"https:\/\/chinagxbm.com\/fr\/wp-json\/wp\/v2\/types\/product"}],"wp:featuredmedia":[{"embeddable":true,"href":"https:\/\/chinagxbm.com\/fr\/wp-json\/wp\/v2\/media\/6061"}],"wp:attachment":[{"href":"https:\/\/chinagxbm.com\/fr\/wp-json\/wp\/v2\/media?parent=1193"}],"wp:term":[{"taxonomy":"product_brand","embeddable":true,"href":"https:\/\/chinagxbm.com\/fr\/wp-json\/wp\/v2\/product_brand?post=1193"},{"taxonomy":"product_cat","embeddable":true,"href":"https:\/\/chinagxbm.com\/fr\/wp-json\/wp\/v2\/product_cat?post=1193"},{"taxonomy":"product_tag","embeddable":true,"href":"https:\/\/chinagxbm.com\/fr\/wp-json\/wp\/v2\/product_tag?post=1193"}],"curies":[{"name":"wp","href":"https:\/\/api.w.org\/{rel}","templated":true}]}}