{"id":1198,"date":"2025-02-09T11:30:17","date_gmt":"2025-02-09T11:30:17","guid":{"rendered":"https:\/\/chinagxbm.com\/product\/anchor-bracelet-2\/"},"modified":"2025-02-13T12:38:16","modified_gmt":"2025-02-13T12:38:16","slug":"plaque-de-platre-ordinaire","status":"publish","type":"product","link":"https:\/\/chinagxbm.com\/fr\/product\/plaque-de-platre-ordinaire\/","title":{"rendered":"Plaque de pl\u00e2tre ordinaire"},"content":{"rendered":"<p data-start=\"404\" data-end=\"798\">Notre <strong data-start=\"408\" data-end=\"433\">Plaque de pl\u00e2tre standard<\/strong> est fabriqu\u00e9 \u00e0 partir de gypse naturel de haute qualit\u00e9, recouvert d'un papier durable sur les deux faces. Elle est con\u00e7ue pour \u00eatre utilis\u00e9e dans des espaces int\u00e9rieurs secs, offrant une surface lisse et stable pour la peinture, le papier peint ou le carrelage. Ce type de plaque de pl\u00e2tre est largement utilis\u00e9 dans la construction r\u00e9sidentielle, commerciale et industrielle en raison de sa facilit\u00e9 d'installation et de ses excellentes performances.<\/p>\n<h4 data-start=\"800\" data-end=\"826\"><strong data-start=\"805\" data-end=\"824\">Sp\u00e9cifications :<\/strong><\/h4>\n<ul data-start=\"827\" data-end=\"1031\">\n<li data-start=\"827\" data-end=\"951\"><strong data-start=\"829\" data-end=\"849\">Tailles disponibles :<\/strong>\n<ul data-start=\"854\" data-end=\"951\">\n<li data-start=\"854\" data-end=\"871\">1200 \u00d7 2000mm<\/li>\n<li data-start=\"874\" data-end=\"891\">1200 \u00d7 2400mm<\/li>\n<li data-start=\"894\" data-end=\"911\">1220 \u00d7 2440mm<\/li>\n<li data-start=\"914\" data-end=\"931\">1200 \u00d7 2700mm<\/li>\n<li data-start=\"934\" data-end=\"951\">1200 \u00d7 3000mm<\/li>\n<\/ul>\n<\/li>\n<li data-start=\"952\" data-end=\"1031\"><strong data-start=\"954\" data-end=\"976\">Options d'\u00e9paisseur :<\/strong>\n<ul data-start=\"981\" data-end=\"1031\">\n<li data-start=\"981\" data-end=\"1031\">7mm, 8mm, 9mm, 9.5mm, 10mm, 12mm, 12.5mm, 15mm<\/li>\n<\/ul>\n<\/li>\n<\/ul>\n<h4 data-start=\"1033\" data-end=\"1057\"><strong data-start=\"1038\" data-end=\"1055\">Caract\u00e9ristiques principales :<\/strong><\/h4>\n<p data-start=\"1058\" data-end=\"1439\">\u2705 <strong data-start=\"1060\" data-end=\"1086\">Mat\u00e9riau de haute qualit\u00e9 :<\/strong> Fabriqu\u00e9 \u00e0 partir de gypse naturel de premi\u00e8re qualit\u00e9, ce qui garantit sa solidit\u00e9 et sa durabilit\u00e9.<br data-start=\"1154\" data-end=\"1157\" \/>\u2705 <strong data-start=\"1159\" data-end=\"1178\">Surface lisse :<\/strong> Id\u00e9al pour la peinture, le papier peint et d'autres finitions int\u00e9rieures.<br data-start=\"1241\" data-end=\"1244\" \/>\u2705 <strong data-start=\"1246\" data-end=\"1282\">L\u00e9ger et facile \u00e0 installer :<\/strong> R\u00e9duit les co\u00fbts de main-d'\u0153uvre et le temps de construction.<br data-start=\"1325\" data-end=\"1328\" \/>\u2705 <strong data-start=\"1330\" data-end=\"1351\">Certifi\u00e9 et s\u00fbr :<\/strong> Les fiches de donn\u00e9es de s\u00e9curit\u00e9 et les certifications CE garantissent la conformit\u00e9 aux normes de s\u00e9curit\u00e9 et d'environnement.<\/p>\n<h3 data-start=\"1441\" data-end=\"1464\"><strong data-start=\"1445\" data-end=\"1462\">Applications :<\/strong><\/h3>\n<ul data-start=\"1465\" data-end=\"1784\">\n<li data-start=\"1465\" data-end=\"1586\"><strong data-start=\"1467\" data-end=\"1488\">Plafonds et murs :<\/strong> Parfait pour la construction de murs et de plafonds int\u00e9rieurs dans les maisons, les bureaux et les b\u00e2timents commerciaux.<\/li>\n<li data-start=\"1587\" data-end=\"1686\"><strong data-start=\"1589\" data-end=\"1604\">Les partitions :<\/strong> Utilis\u00e9 pour cr\u00e9er des s\u00e9parations de pi\u00e8ces et des cloisons de bureaux pour un am\u00e9nagement flexible de l'espace.<\/li>\n<li data-start=\"1687\" data-end=\"1784\"><strong data-start=\"1689\" data-end=\"1726\">R\u00e9novation et d\u00e9coration int\u00e9rieure :<\/strong> Convient aux projets de r\u00e9novation et aux nouvelles constructions.<\/li>\n<\/ul>\n<p data-start=\"1786\" data-end=\"1953\" data-is-last-node=\"\">En tant que <strong data-start=\"1791\" data-end=\"1836\">Fabricant et exportateur chinois de confiance<\/strong>Nous offrons <strong data-start=\"1847\" data-end=\"1904\">des prix comp\u00e9titifs, une qualit\u00e9 stable et une livraison rapide<\/strong>.<\/p>\n<p data-start=\"1786\" data-end=\"1953\" data-is-last-node=\"\"><img loading=\"lazy\" decoding=\"async\" class=\"wp-image-6040 alignleft\" src=\"https:\/\/chinagxbm.com\/wp-content\/uploads\/2025\/02\/2024050806.jpg\" alt=\"\" width=\"700\" height=\"700\" srcset=\"https:\/\/chinagxbm.com\/wp-content\/uploads\/2025\/02\/2024050806.jpg 1280w, https:\/\/chinagxbm.com\/wp-content\/uploads\/2025\/02\/2024050806-300x300.jpg 300w, https:\/\/chinagxbm.com\/wp-content\/uploads\/2025\/02\/2024050806-1024x1024.jpg 1024w, https:\/\/chinagxbm.com\/wp-content\/uploads\/2025\/02\/2024050806-150x150.jpg 150w, https:\/\/chinagxbm.com\/wp-content\/uploads\/2025\/02\/2024050806-768x768.jpg 768w, https:\/\/chinagxbm.com\/wp-content\/uploads\/2025\/02\/2024050806-600x600.jpg 600w, https:\/\/chinagxbm.com\/wp-content\/uploads\/2025\/02\/2024050806-100x100.jpg 100w\" sizes=\"auto, (max-width: 700px) 100vw, 700px\" \/> <img loading=\"lazy\" decoding=\"async\" class=\"wp-image-6039 alignleft\" src=\"https:\/\/chinagxbm.com\/wp-content\/uploads\/2025\/02\/2024050801.jpg\" alt=\"\" width=\"700\" height=\"700\" srcset=\"https:\/\/chinagxbm.com\/wp-content\/uploads\/2025\/02\/2024050801.jpg 1280w, https:\/\/chinagxbm.com\/wp-content\/uploads\/2025\/02\/2024050801-300x300.jpg 300w, https:\/\/chinagxbm.com\/wp-content\/uploads\/2025\/02\/2024050801-1024x1024.jpg 1024w, https:\/\/chinagxbm.com\/wp-content\/uploads\/2025\/02\/2024050801-150x150.jpg 150w, https:\/\/chinagxbm.com\/wp-content\/uploads\/2025\/02\/2024050801-768x768.jpg 768w, https:\/\/chinagxbm.com\/wp-content\/uploads\/2025\/02\/2024050801-600x600.jpg 600w, https:\/\/chinagxbm.com\/wp-content\/uploads\/2025\/02\/2024050801-100x100.jpg 100w\" sizes=\"auto, (max-width: 700px) 100vw, 700px\" \/><\/p>\n<p><img loading=\"lazy\" decoding=\"async\" class=\"wp-image-6048\" src=\"https:\/\/chinagxbm.com\/wp-content\/uploads\/2025\/02\/IMG20231021164253-scaled.jpg\" alt=\"\" width=\"700\" height=\"700\" srcset=\"https:\/\/chinagxbm.com\/wp-content\/uploads\/2025\/02\/IMG20231021164253-scaled.jpg 2560w, https:\/\/chinagxbm.com\/wp-content\/uploads\/2025\/02\/IMG20231021164253-300x300.jpg 300w, https:\/\/chinagxbm.com\/wp-content\/uploads\/2025\/02\/IMG20231021164253-1024x1024.jpg 1024w, https:\/\/chinagxbm.com\/wp-content\/uploads\/2025\/02\/IMG20231021164253-150x150.jpg 150w, https:\/\/chinagxbm.com\/wp-content\/uploads\/2025\/02\/IMG20231021164253-768x768.jpg 768w, https:\/\/chinagxbm.com\/wp-content\/uploads\/2025\/02\/IMG20231021164253-1536x1536.jpg 1536w, https:\/\/chinagxbm.com\/wp-content\/uploads\/2025\/02\/IMG20231021164253-2048x2048.jpg 2048w, https:\/\/chinagxbm.com\/wp-content\/uploads\/2025\/02\/IMG20231021164253-600x600.jpg 600w, https:\/\/chinagxbm.com\/wp-content\/uploads\/2025\/02\/IMG20231021164253-100x100.jpg 100w\" sizes=\"auto, (max-width: 700px) 100vw, 700px\" \/><\/p>\n<p><img loading=\"lazy\" decoding=\"async\" class=\"wp-image-6049\" src=\"https:\/\/chinagxbm.com\/wp-content\/uploads\/2025\/02\/IMG20231021164341-scaled.jpg\" alt=\"\" width=\"700\" height=\"700\" srcset=\"https:\/\/chinagxbm.com\/wp-content\/uploads\/2025\/02\/IMG20231021164341-scaled.jpg 2560w, https:\/\/chinagxbm.com\/wp-content\/uploads\/2025\/02\/IMG20231021164341-300x300.jpg 300w, https:\/\/chinagxbm.com\/wp-content\/uploads\/2025\/02\/IMG20231021164341-1024x1024.jpg 1024w, https:\/\/chinagxbm.com\/wp-content\/uploads\/2025\/02\/IMG20231021164341-150x150.jpg 150w, https:\/\/chinagxbm.com\/wp-content\/uploads\/2025\/02\/IMG20231021164341-768x768.jpg 768w, https:\/\/chinagxbm.com\/wp-content\/uploads\/2025\/02\/IMG20231021164341-1536x1536.jpg 1536w, https:\/\/chinagxbm.com\/wp-content\/uploads\/2025\/02\/IMG20231021164341-2048x2048.jpg 2048w, https:\/\/chinagxbm.com\/wp-content\/uploads\/2025\/02\/IMG20231021164341-600x600.jpg 600w, https:\/\/chinagxbm.com\/wp-content\/uploads\/2025\/02\/IMG20231021164341-100x100.jpg 100w\" sizes=\"auto, (max-width: 700px) 100vw, 700px\" \/><\/p>\n<p><img loading=\"lazy\" decoding=\"async\" class=\"wp-image-6050\" src=\"https:\/\/chinagxbm.com\/wp-content\/uploads\/2025\/02\/IMG20231021164408-scaled.jpg\" alt=\"\" width=\"700\" height=\"700\" srcset=\"https:\/\/chinagxbm.com\/wp-content\/uploads\/2025\/02\/IMG20231021164408-scaled.jpg 2560w, https:\/\/chinagxbm.com\/wp-content\/uploads\/2025\/02\/IMG20231021164408-300x300.jpg 300w, https:\/\/chinagxbm.com\/wp-content\/uploads\/2025\/02\/IMG20231021164408-1024x1024.jpg 1024w, https:\/\/chinagxbm.com\/wp-content\/uploads\/2025\/02\/IMG20231021164408-150x150.jpg 150w, https:\/\/chinagxbm.com\/wp-content\/uploads\/2025\/02\/IMG20231021164408-768x768.jpg 768w, https:\/\/chinagxbm.com\/wp-content\/uploads\/2025\/02\/IMG20231021164408-1536x1536.jpg 1536w, https:\/\/chinagxbm.com\/wp-content\/uploads\/2025\/02\/IMG20231021164408-2048x2048.jpg 2048w, https:\/\/chinagxbm.com\/wp-content\/uploads\/2025\/02\/IMG20231021164408-600x600.jpg 600w, https:\/\/chinagxbm.com\/wp-content\/uploads\/2025\/02\/IMG20231021164408-100x100.jpg 100w\" sizes=\"auto, (max-width: 700px) 100vw, 700px\" \/><\/p>\n<p><img loading=\"lazy\" decoding=\"async\" class=\"wp-image-6051\" src=\"https:\/\/chinagxbm.com\/wp-content\/uploads\/2025\/02\/IMG20231021165733-scaled.jpg\" alt=\"\" width=\"700\" height=\"700\" srcset=\"https:\/\/chinagxbm.com\/wp-content\/uploads\/2025\/02\/IMG20231021165733-scaled.jpg 2560w, https:\/\/chinagxbm.com\/wp-content\/uploads\/2025\/02\/IMG20231021165733-300x300.jpg 300w, https:\/\/chinagxbm.com\/wp-content\/uploads\/2025\/02\/IMG20231021165733-1024x1024.jpg 1024w, https:\/\/chinagxbm.com\/wp-content\/uploads\/2025\/02\/IMG20231021165733-150x150.jpg 150w, https:\/\/chinagxbm.com\/wp-content\/uploads\/2025\/02\/IMG20231021165733-768x768.jpg 768w, https:\/\/chinagxbm.com\/wp-content\/uploads\/2025\/02\/IMG20231021165733-1536x1536.jpg 1536w, https:\/\/chinagxbm.com\/wp-content\/uploads\/2025\/02\/IMG20231021165733-2048x2048.jpg 2048w, https:\/\/chinagxbm.com\/wp-content\/uploads\/2025\/02\/IMG20231021165733-600x600.jpg 600w, https:\/\/chinagxbm.com\/wp-content\/uploads\/2025\/02\/IMG20231021165733-100x100.jpg 100w\" sizes=\"auto, (max-width: 700px) 100vw, 700px\" \/><\/p>","protected":false},"excerpt":{"rendered":"<p>La plaque de pl\u00e2tre standard est un mat\u00e9riau de construction polyvalent et rentable utilis\u00e9 pour les murs int\u00e9rieurs, les plafonds et les cloisons. Elles sont l\u00e9g\u00e8res, faciles \u00e0 installer et offrent une surface lisse pour la peinture ou la d\u00e9coration. Fabriqu\u00e9es selon des normes rigoureuses, nos plaques de pl\u00e2tre sont dot\u00e9es des caract\u00e9ristiques suivantes <strong data-start=\"308\" data-end=\"338\">Fiches de donn\u00e9es de s\u00e9curit\u00e9 et certifications CE<\/strong>et d'assurer la qualit\u00e9 et la s\u00e9curit\u00e9.<\/p>","protected":false},"featured_media":6052,"template":"","meta":{"_joinchat":[]},"product_brand":[],"product_cat":[124],"product_tag":[],"class_list":{"0":"post-1198","1":"product","2":"type-product","3":"status-publish","4":"has-post-thumbnail","6":"product_cat-plasterboard","8":"first","9":"instock","10":"sale","11":"featured","12":"shipping-taxable","13":"purchasable","14":"product-type-simple"},"_links":{"self":[{"href":"https:\/\/chinagxbm.com\/fr\/wp-json\/wp\/v2\/product\/1198","targetHints":{"allow":["GET"]}}],"collection":[{"href":"https:\/\/chinagxbm.com\/fr\/wp-json\/wp\/v2\/product"}],"about":[{"href":"https:\/\/chinagxbm.com\/fr\/wp-json\/wp\/v2\/types\/product"}],"wp:featuredmedia":[{"embeddable":true,"href":"https:\/\/chinagxbm.com\/fr\/wp-json\/wp\/v2\/media\/6052"}],"wp:attachment":[{"href":"https:\/\/chinagxbm.com\/fr\/wp-json\/wp\/v2\/media?parent=1198"}],"wp:term":[{"taxonomy":"product_brand","embeddable":true,"href":"https:\/\/chinagxbm.com\/fr\/wp-json\/wp\/v2\/product_brand?post=1198"},{"taxonomy":"product_cat","embeddable":true,"href":"https:\/\/chinagxbm.com\/fr\/wp-json\/wp\/v2\/product_cat?post=1198"},{"taxonomy":"product_tag","embeddable":true,"href":"https:\/\/chinagxbm.com\/fr\/wp-json\/wp\/v2\/product_tag?post=1198"}],"curies":[{"name":"wp","href":"https:\/\/api.w.org\/{rel}","templated":true}]}}