{"id":1199,"date":"2025-02-09T11:30:17","date_gmt":"2025-02-09T11:30:17","guid":{"rendered":"https:\/\/chinagxbm.com\/product\/boho-bangle-bracelet-2\/"},"modified":"2025-02-16T09:35:09","modified_gmt":"2025-02-16T09:35:09","slug":"cornieres-en-platre-perforees","status":"publish","type":"product","link":"https:\/\/chinagxbm.com\/fr\/product\/cornieres-en-platre-perforees\/","title":{"rendered":"Corni\u00e8res perfor\u00e9es en pl\u00e2tre"},"content":{"rendered":"<p>Une corni\u00e8re en pl\u00e2tre perfor\u00e9e est un mat\u00e9riau de construction sp\u00e9cialis\u00e9 con\u00e7u pour renforcer et prot\u00e9ger les angles des murs, en particulier ceux qui sont en pl\u00e2tre ou en cloison s\u00e8che. Elle pr\u00e9sente des perforations sur sa surface, qui permettent une meilleure adh\u00e9rence avec les compos\u00e9s pour joints ou le pl\u00e2tre lors de l'installation. Ce type de corni\u00e8re est couramment utilis\u00e9 dans la construction r\u00e9sidentielle et commerciale pour am\u00e9liorer la durabilit\u00e9 et l'apparence des angles des murs.<\/p>\n<table class=\"all magic-16\">\n<tbody>\n<tr>\n<td colspan=\"1\" rowspan=\"1\">\n<div class=\"magic-17\" data-spm-anchor-id=\"a2700.details.0.i67.dafd47e92ADLMj\">Sp\u00e9cifications<\/div>\n<\/td>\n<td colspan=\"1\" rowspan=\"1\">\n<div class=\"magic-18\">Gamme commune<\/div>\n<\/td>\n<\/tr>\n<tr>\n<td colspan=\"1\" rowspan=\"1\">\n<div class=\"magic-17\">Longueur<\/div>\n<\/td>\n<td colspan=\"1\" rowspan=\"1\">\n<div class=\"magic-18\">2,4m, 2,7m, 3,0m (longueurs standard)<\/div>\n<\/td>\n<\/tr>\n<tr>\n<td colspan=\"1\" rowspan=\"1\">\n<div class=\"magic-17\">Largeur<\/div>\n<\/td>\n<td colspan=\"1\" rowspan=\"1\">\n<div class=\"magic-18\" data-spm-anchor-id=\"a2700.details.0.i68.dafd47e92ADLMj\">35mm - 50mm (largeur de l'aile de chaque c\u00f4t\u00e9)<\/div>\n<\/td>\n<\/tr>\n<tr>\n<td colspan=\"1\" rowspan=\"1\">\n<div class=\"magic-17\">\u00c9paisseur<\/div>\n<\/td>\n<td colspan=\"1\" rowspan=\"1\">\n<div class=\"magic-18\">0,3 mm - 1,0 mm<\/div>\n<\/td>\n<\/tr>\n<tr>\n<td colspan=\"1\" rowspan=\"1\">\n<div class=\"magic-17\">Taille des mailles<\/div>\n<\/td>\n<td colspan=\"1\" rowspan=\"1\">\n<div class=\"magic-18\" data-spm-anchor-id=\"a2700.details.0.i72.dafd47e92ADLMj\">5mm x 15mm, 10mm x 20mm, etc.<\/div>\n<\/td>\n<\/tr>\n<tr>\n<td colspan=\"1\" rowspan=\"1\">\n<div class=\"magic-17\">Finition de la surface<\/div>\n<\/td>\n<td colspan=\"1\" rowspan=\"1\">\n<div class=\"magic-18\">Galvanis\u00e9, Rev\u00eatement par poudre<\/div>\n<\/td>\n<\/tr>\n<\/tbody>\n<\/table>\n<p>Applications<\/p>\n<p>1) Finition des cloisons s\u00e8ches : les corni\u00e8res perfor\u00e9es en pl\u00e2tre sont largement utilis\u00e9es dans les projets d'installation et de finition des cloisons s\u00e8ches, pour renforcer et prot\u00e9ger les angles dans les habitations, les bureaux et les espaces commerciaux.<\/p>\n<p>2. construction de murs int\u00e9rieurs : Id\u00e9ales pour les environnements r\u00e9sidentiels et commerciaux, ces baguettes d'angle renforcent les zones tr\u00e8s fr\u00e9quent\u00e9es telles que les couloirs, les entr\u00e9es de porte et les cages d'escalier, o\u00f9 les murs sont plus susceptibles d'\u00eatre endommag\u00e9s.<\/p>\n<p>3. les zones expos\u00e9es \u00e0 l'humidit\u00e9 : Les propri\u00e9t\u00e9s de r\u00e9sistance \u00e0 la corrosion des corni\u00e8res perfor\u00e9es les rendent adapt\u00e9es aux zones expos\u00e9es \u00e0 l'humidit\u00e9, telles que les salles de bains, les cuisines ou les sous-sols.<\/p>\n<p><img loading=\"lazy\" decoding=\"async\" class=\"alignleft wp-image-6196\" src=\"https:\/\/chinagxbm.com\/wp-content\/uploads\/2025\/02\/T.jpg\" alt=\"\" width=\"700\" height=\"574\" srcset=\"https:\/\/chinagxbm.com\/wp-content\/uploads\/2025\/02\/T.jpg 1000w, https:\/\/chinagxbm.com\/wp-content\/uploads\/2025\/02\/T-300x246.jpg 300w, https:\/\/chinagxbm.com\/wp-content\/uploads\/2025\/02\/T-768x630.jpg 768w, https:\/\/chinagxbm.com\/wp-content\/uploads\/2025\/02\/T-600x492.jpg 600w\" sizes=\"auto, (max-width: 700px) 100vw, 700px\" \/><\/p>\n<p>&nbsp;<\/p>\n<p>&nbsp;<\/p>\n<p>&nbsp;<\/p>\n<p>&nbsp;<\/p>\n<p>&nbsp;<\/p>\n<p>&nbsp;<\/p>\n<p>&nbsp;<\/p>\n<p>&nbsp;<\/p>\n<p>&nbsp;<\/p>\n<p>&nbsp;<\/p>\n<p>&nbsp;<\/p>\n<p>&nbsp;<\/p>\n<p>&nbsp;<\/p>\n<p>&nbsp;<\/p>\n<p>&nbsp;<\/p>\n<p><img loading=\"lazy\" decoding=\"async\" class=\"alignleft wp-image-6197\" src=\"https:\/\/chinagxbm.com\/wp-content\/uploads\/2025\/02\/Studco-Metal-Trims-800x500-1-768x480-1.jpeg\" alt=\"\" width=\"700\" height=\"438\" srcset=\"https:\/\/chinagxbm.com\/wp-content\/uploads\/2025\/02\/Studco-Metal-Trims-800x500-1-768x480-1.jpeg 768w, https:\/\/chinagxbm.com\/wp-content\/uploads\/2025\/02\/Studco-Metal-Trims-800x500-1-768x480-1-300x188.jpeg 300w, https:\/\/chinagxbm.com\/wp-content\/uploads\/2025\/02\/Studco-Metal-Trims-800x500-1-768x480-1-600x375.jpeg 600w\" sizes=\"auto, (max-width: 700px) 100vw, 700px\" \/> <img loading=\"lazy\" decoding=\"async\" class=\"alignleft wp-image-6198\" src=\"https:\/\/chinagxbm.com\/wp-content\/uploads\/2025\/02\/am-i-going-to-regret-metal-corner-bead-here-v0-uw9w7aqt1qac1-scaled.jpeg\" alt=\"\" width=\"700\" height=\"525\" srcset=\"https:\/\/chinagxbm.com\/wp-content\/uploads\/2025\/02\/am-i-going-to-regret-metal-corner-bead-here-v0-uw9w7aqt1qac1-scaled.jpeg 2560w, https:\/\/chinagxbm.com\/wp-content\/uploads\/2025\/02\/am-i-going-to-regret-metal-corner-bead-here-v0-uw9w7aqt1qac1-300x225.jpeg 300w, https:\/\/chinagxbm.com\/wp-content\/uploads\/2025\/02\/am-i-going-to-regret-metal-corner-bead-here-v0-uw9w7aqt1qac1-1024x768.jpeg 1024w, https:\/\/chinagxbm.com\/wp-content\/uploads\/2025\/02\/am-i-going-to-regret-metal-corner-bead-here-v0-uw9w7aqt1qac1-768x576.jpeg 768w, https:\/\/chinagxbm.com\/wp-content\/uploads\/2025\/02\/am-i-going-to-regret-metal-corner-bead-here-v0-uw9w7aqt1qac1-1536x1152.jpeg 1536w, https:\/\/chinagxbm.com\/wp-content\/uploads\/2025\/02\/am-i-going-to-regret-metal-corner-bead-here-v0-uw9w7aqt1qac1-2048x1536.jpeg 2048w, https:\/\/chinagxbm.com\/wp-content\/uploads\/2025\/02\/am-i-going-to-regret-metal-corner-bead-here-v0-uw9w7aqt1qac1-600x450.jpeg 600w\" sizes=\"auto, (max-width: 700px) 100vw, 700px\" \/> <img loading=\"lazy\" decoding=\"async\" class=\"alignnone size-full wp-image-6199\" src=\"https:\/\/chinagxbm.com\/wp-content\/uploads\/2025\/02\/Nail-on-metal-bead.jpeg\" alt=\"\" width=\"700\" height=\"700\" srcset=\"https:\/\/chinagxbm.com\/wp-content\/uploads\/2025\/02\/Nail-on-metal-bead.jpeg 700w, https:\/\/chinagxbm.com\/wp-content\/uploads\/2025\/02\/Nail-on-metal-bead-300x300.jpeg 300w, https:\/\/chinagxbm.com\/wp-content\/uploads\/2025\/02\/Nail-on-metal-bead-150x150.jpeg 150w, https:\/\/chinagxbm.com\/wp-content\/uploads\/2025\/02\/Nail-on-metal-bead-600x600.jpeg 600w, https:\/\/chinagxbm.com\/wp-content\/uploads\/2025\/02\/Nail-on-metal-bead-100x100.jpeg 100w\" sizes=\"auto, (max-width: 700px) 100vw, 700px\" \/><\/p>","protected":false},"excerpt":{"rendered":"<p>25\u00d725 26x26mm Plaque de pl\u00e2tre Profil m\u00e9tallique Protection murale Angle perfor\u00e9<\/p>","protected":false},"featured_media":6201,"template":"","meta":{"_joinchat":[]},"product_brand":[],"product_cat":[126],"product_tag":[],"class_list":{"0":"post-1199","1":"product","2":"type-product","3":"status-publish","4":"has-post-thumbnail","6":"product_cat-drywall-accessories","8":"first","9":"instock","10":"featured","11":"shipping-taxable","12":"purchasable","13":"product-type-simple"},"_links":{"self":[{"href":"https:\/\/chinagxbm.com\/fr\/wp-json\/wp\/v2\/product\/1199","targetHints":{"allow":["GET"]}}],"collection":[{"href":"https:\/\/chinagxbm.com\/fr\/wp-json\/wp\/v2\/product"}],"about":[{"href":"https:\/\/chinagxbm.com\/fr\/wp-json\/wp\/v2\/types\/product"}],"wp:featuredmedia":[{"embeddable":true,"href":"https:\/\/chinagxbm.com\/fr\/wp-json\/wp\/v2\/media\/6201"}],"wp:attachment":[{"href":"https:\/\/chinagxbm.com\/fr\/wp-json\/wp\/v2\/media?parent=1199"}],"wp:term":[{"taxonomy":"product_brand","embeddable":true,"href":"https:\/\/chinagxbm.com\/fr\/wp-json\/wp\/v2\/product_brand?post=1199"},{"taxonomy":"product_cat","embeddable":true,"href":"https:\/\/chinagxbm.com\/fr\/wp-json\/wp\/v2\/product_cat?post=1199"},{"taxonomy":"product_tag","embeddable":true,"href":"https:\/\/chinagxbm.com\/fr\/wp-json\/wp\/v2\/product_tag?post=1199"}],"curies":[{"name":"wp","href":"https:\/\/api.w.org\/{rel}","templated":true}]}}