{"id":1205,"date":"2025-02-09T11:30:18","date_gmt":"2025-02-09T11:30:18","guid":{"rendered":"https:\/\/chinagxbm.com\/product\/basic-blue-jeans-2\/"},"modified":"2025-02-13T13:49:11","modified_gmt":"2025-02-13T13:49:11","slug":"mr-plaques-de-platre","status":"publish","type":"product","link":"https:\/\/chinagxbm.com\/fr\/product\/mr-plaques-de-platre\/","title":{"rendered":"Plaque de pl\u00e2tre r\u00e9sistante \u00e0 l'humidit\u00e9"},"content":{"rendered":"<p data-start=\"448\" data-end=\"767\">Notre <strong data-start=\"452\" data-end=\"487\">Plaque de pl\u00e2tre r\u00e9sistante \u00e0 l'humidit\u00e9<\/strong> est fabriqu\u00e9 \u00e0 partir de gypse de haute qualit\u00e9 avec un noyau r\u00e9sistant \u00e0 l'eau, recouvert d'un papier r\u00e9sistant \u00e0 l'humidit\u00e9. Il est id\u00e9al pour les espaces int\u00e9rieurs o\u00f9 les niveaux d'humidit\u00e9 sont plus \u00e9lev\u00e9s, offrant une excellente r\u00e9sistance \u00e0 l'humidit\u00e9, r\u00e9duisant le risque de d\u00e9formation et emp\u00eachant la formation de moisissures.<\/p>\n<h4 data-start=\"769\" data-end=\"795\"><strong data-start=\"774\" data-end=\"793\">Sp\u00e9cifications :<\/strong><\/h4>\n<ul data-start=\"796\" data-end=\"1000\">\n<li data-start=\"796\" data-end=\"920\"><strong data-start=\"798\" data-end=\"818\">Tailles disponibles :<\/strong>\n<ul data-start=\"823\" data-end=\"920\">\n<li data-start=\"823\" data-end=\"840\">1200 \u00d7 2000mm<\/li>\n<li data-start=\"843\" data-end=\"860\">1200 \u00d7 2400mm<\/li>\n<li data-start=\"863\" data-end=\"880\">1220 \u00d7 2440mm<\/li>\n<li data-start=\"883\" data-end=\"900\">1200 \u00d7 2700mm<\/li>\n<li data-start=\"903\" data-end=\"920\">1200 \u00d7 3000mm<\/li>\n<\/ul>\n<\/li>\n<li data-start=\"921\" data-end=\"1000\"><strong data-start=\"923\" data-end=\"945\">Options d'\u00e9paisseur :<\/strong>\n<ul data-start=\"950\" data-end=\"1000\">\n<li data-start=\"950\" data-end=\"1000\">7mm, 8mm, 9mm, 9.5mm, 10mm, 12mm, 12.5mm, 15mm<\/li>\n<\/ul>\n<\/li>\n<\/ul>\n<h4 data-start=\"1002\" data-end=\"1026\"><strong data-start=\"1007\" data-end=\"1024\">Caract\u00e9ristiques principales :<\/strong><\/h4>\n<p data-start=\"1027\" data-end=\"1389\">\u2705 <strong data-start=\"1029\" data-end=\"1063\">R\u00e9sistant \u00e0 l'humidit\u00e9 :<\/strong> R\u00e9duit l'absorption d'eau, emp\u00eachant le gonflement, le gauchissement et la formation de moisissures.<br data-start=\"1136\" data-end=\"1139\" \/>\u2705 <strong data-start=\"1141\" data-end=\"1162\">Durable et solide :<\/strong> Offre une stabilit\u00e9 et une r\u00e9sistance accrues aux changements environnementaux.<br data-start=\"1231\" data-end=\"1234\" \/>\u2705 <strong data-start=\"1236\" data-end=\"1255\">Surface lisse :<\/strong> Convient pour le carrelage, la peinture ou le papier peint.<br data-start=\"1303\" data-end=\"1306\" \/>\u2705 <strong data-start=\"1308\" data-end=\"1329\">Certifi\u00e9 et s\u00fbr :<\/strong> Les certifications MSDS et CE garantissent des normes de haute qualit\u00e9.<\/p>\n<h3 data-start=\"1391\" data-end=\"1414\"><strong data-start=\"1395\" data-end=\"1412\">Applications :<\/strong><\/h3>\n<ul data-start=\"1415\" data-end=\"1722\">\n<li data-start=\"1415\" data-end=\"1504\"><strong data-start=\"1417\" data-end=\"1442\">Salles de bains et cuisines :<\/strong> Id\u00e9al pour les murs et les plafonds expos\u00e9s \u00e0 la vapeur et \u00e0 l'humidit\u00e9.<\/li>\n<li data-start=\"1505\" data-end=\"1595\"><strong data-start=\"1507\" data-end=\"1537\">Salles de lavage et sous-sols :<\/strong> Aide \u00e0 pr\u00e9venir l'humidit\u00e9 et la formation de moisissures dans les zones humides.<\/li>\n<li data-start=\"1596\" data-end=\"1722\"><strong data-start=\"1598\" data-end=\"1637\">B\u00e2timents commerciaux et r\u00e9sidentiels :<\/strong> Convient aux h\u00f4tels, restaurants, h\u00f4pitaux et autres environnements \u00e0 forte humidit\u00e9.<\/li>\n<\/ul>\n<p data-start=\"1724\" data-end=\"1917\" data-is-last-node=\"\">En tant que <strong data-start=\"1729\" data-end=\"1774\">fabricant et exportateur chinois de premier plan<\/strong>Nous fournissons <strong data-start=\"1787\" data-end=\"1855\">des produits de haute qualit\u00e9, des prix comp\u00e9titifs et des livraisons fiables<\/strong>.<\/p>\n<p data-start=\"1724\" data-end=\"1917\" data-is-last-node=\"\"><img loading=\"lazy\" decoding=\"async\" class=\"alignnone wp-image-6042\" src=\"https:\/\/chinagxbm.com\/wp-content\/uploads\/2025\/02\/gp4212.jpg\" alt=\"\" width=\"700\" height=\"927\" srcset=\"https:\/\/chinagxbm.com\/wp-content\/uploads\/2025\/02\/gp4212.jpg 873w, https:\/\/chinagxbm.com\/wp-content\/uploads\/2025\/02\/gp4212-227x300.jpg 227w, https:\/\/chinagxbm.com\/wp-content\/uploads\/2025\/02\/gp4212-773x1024.jpg 773w, https:\/\/chinagxbm.com\/wp-content\/uploads\/2025\/02\/gp4212-768x1017.jpg 768w, https:\/\/chinagxbm.com\/wp-content\/uploads\/2025\/02\/gp4212-300x397.jpg 300w, https:\/\/chinagxbm.com\/wp-content\/uploads\/2025\/02\/gp4212-600x795.jpg 600w\" sizes=\"auto, (max-width: 700px) 100vw, 700px\" \/><\/p>\n<p data-start=\"1724\" data-end=\"1917\" data-is-last-node=\"\"><img loading=\"lazy\" decoding=\"async\" class=\"alignnone wp-image-6057\" src=\"https:\/\/chinagxbm.com\/wp-content\/uploads\/2025\/02\/098.jpg\" alt=\"\" width=\"700\" height=\"700\" srcset=\"https:\/\/chinagxbm.com\/wp-content\/uploads\/2025\/02\/098.jpg 873w, https:\/\/chinagxbm.com\/wp-content\/uploads\/2025\/02\/098-300x300.jpg 300w, https:\/\/chinagxbm.com\/wp-content\/uploads\/2025\/02\/098-150x150.jpg 150w, https:\/\/chinagxbm.com\/wp-content\/uploads\/2025\/02\/098-768x768.jpg 768w, https:\/\/chinagxbm.com\/wp-content\/uploads\/2025\/02\/098-600x600.jpg 600w, https:\/\/chinagxbm.com\/wp-content\/uploads\/2025\/02\/098-100x100.jpg 100w\" sizes=\"auto, (max-width: 700px) 100vw, 700px\" \/> <img loading=\"lazy\" decoding=\"async\" class=\"alignnone wp-image-6058\" src=\"https:\/\/chinagxbm.com\/wp-content\/uploads\/2025\/02\/874.jpg\" alt=\"\" width=\"700\" height=\"824\" srcset=\"https:\/\/chinagxbm.com\/wp-content\/uploads\/2025\/02\/874.jpg 873w, https:\/\/chinagxbm.com\/wp-content\/uploads\/2025\/02\/874-255x300.jpg 255w, https:\/\/chinagxbm.com\/wp-content\/uploads\/2025\/02\/874-870x1024.jpg 870w, https:\/\/chinagxbm.com\/wp-content\/uploads\/2025\/02\/874-768x904.jpg 768w, https:\/\/chinagxbm.com\/wp-content\/uploads\/2025\/02\/874-300x353.jpg 300w, https:\/\/chinagxbm.com\/wp-content\/uploads\/2025\/02\/874-600x707.jpg 600w\" sizes=\"auto, (max-width: 700px) 100vw, 700px\" \/><\/p>","protected":false},"excerpt":{"rendered":"<p>Les plaques de pl\u00e2tre r\u00e9sistantes \u00e0 l'humidit\u00e9 sont sp\u00e9cialement con\u00e7ues pour les zones expos\u00e9es \u00e0 l'humidit\u00e9, telles que les cuisines, les salles de bains et les sous-sols. Elle comporte une \u00e2me r\u00e9sistante \u00e0 l'humidit\u00e9 et une surface en papier trait\u00e9 qui emp\u00eache l'absorption d'eau, r\u00e9duisant ainsi le risque de moisissures. Certifi\u00e9 par <strong data-start=\"319\" data-end=\"334\">FDS et CE<\/strong>Nos plaques de pl\u00e2tre r\u00e9sistantes \u00e0 l'humidit\u00e9 garantissent des performances \u00e9lev\u00e9es et une grande durabilit\u00e9.<\/p>","protected":false},"featured_media":6055,"template":"","meta":{"_joinchat":[]},"product_brand":[],"product_cat":[124],"product_tag":[],"class_list":{"0":"post-1205","1":"product","2":"type-product","3":"status-publish","4":"has-post-thumbnail","6":"product_cat-plasterboard","8":"first","9":"instock","10":"sale","11":"featured","12":"shipping-taxable","13":"purchasable","14":"product-type-simple"},"_links":{"self":[{"href":"https:\/\/chinagxbm.com\/fr\/wp-json\/wp\/v2\/product\/1205","targetHints":{"allow":["GET"]}}],"collection":[{"href":"https:\/\/chinagxbm.com\/fr\/wp-json\/wp\/v2\/product"}],"about":[{"href":"https:\/\/chinagxbm.com\/fr\/wp-json\/wp\/v2\/types\/product"}],"wp:featuredmedia":[{"embeddable":true,"href":"https:\/\/chinagxbm.com\/fr\/wp-json\/wp\/v2\/media\/6055"}],"wp:attachment":[{"href":"https:\/\/chinagxbm.com\/fr\/wp-json\/wp\/v2\/media?parent=1205"}],"wp:term":[{"taxonomy":"product_brand","embeddable":true,"href":"https:\/\/chinagxbm.com\/fr\/wp-json\/wp\/v2\/product_brand?post=1205"},{"taxonomy":"product_cat","embeddable":true,"href":"https:\/\/chinagxbm.com\/fr\/wp-json\/wp\/v2\/product_cat?post=1205"},{"taxonomy":"product_tag","embeddable":true,"href":"https:\/\/chinagxbm.com\/fr\/wp-json\/wp\/v2\/product_tag?post=1205"}],"curies":[{"name":"wp","href":"https:\/\/api.w.org\/{rel}","templated":true}]}}