{"id":1208,"date":"2025-02-09T11:30:18","date_gmt":"2025-02-09T11:30:18","guid":{"rendered":"https:\/\/chinagxbm.com\/product\/faint-blue-jeans\/"},"modified":"2025-02-16T06:06:47","modified_gmt":"2025-02-16T06:06:47","slug":"vis-pour-cloisons-seches","status":"publish","type":"product","link":"https:\/\/chinagxbm.com\/fr\/product\/vis-pour-cloisons-seches\/","title":{"rendered":"Vis pour cloisons s\u00e8ches"},"content":{"rendered":"<h4><strong>1. Mat\u00e9riaux et durabilit\u00e9<\/strong><\/h4>\n<ul>\n<li><strong>Acier \u00e0 haute teneur en carbone<\/strong>: Tremp\u00e9 pour \u00e9viter toute d\u00e9formation ou rupture, m\u00eame en cas d'utilisation intensive.<\/li>\n<li><strong>Protection contre la rouille<\/strong>: Le rev\u00eatement en phosphate noir ou en zinc r\u00e9siste \u00e0 la corrosion dans les zones humides (salles de bains, caves).<\/li>\n<\/ul>\n<h4><strong>2. Conception intelligente<\/strong><\/h4>\n<ul>\n<li><strong>Embout autoforeur<\/strong>: Aucun pr\u00e9-per\u00e7age n'est n\u00e9cessaire - s'enfonce en douceur dans les montants en bois ou en m\u00e9tal.<\/li>\n<li><strong>Fils profonds<\/strong>: Fixe fermement les cloisons s\u00e8ches sans se d\u00e9tacher avec le temps.<\/li>\n<li><strong>T\u00eate plate ou t\u00eate de bourdon<\/strong>: Il affleure la surface pour une finition sans faille.<\/li>\n<\/ul>\n<h4><strong>3. O\u00f9 utiliser<\/strong><\/h4>\n<ul>\n<li><strong>Murs et plafonds<\/strong>: Fixer les cloisons s\u00e8ches sur des cadres en bois ou des montants m\u00e9talliques.<\/li>\n<li><strong>Installations multicouches<\/strong>: Fonctionne avec des panneaux standard ou ignifug\u00e9s de 9 mm \u00e0 15 mm.<\/li>\n<li><strong>Petits et grands projets<\/strong>: De la r\u00e9novation de maisons \u00e0 la construction de b\u00e2timents commerciaux.<\/li>\n<\/ul>\n<h4><strong>4. Options de taille<\/strong><\/h4>\n<ul>\n<li><strong>Longueur<\/strong>Les dimensions sont les suivantes : 25 mm (1\u2033), 32 mm (1-1\/4\u2033), 38 mm (1-1\/2\u2033).<\/li>\n<li><strong>Diam\u00e8tre<\/strong>: 3,5 mm (parfait pour les montants m\u00e9talliques), 4,2 mm (tout usage pour le bois).<\/li>\n<li><strong>Emballage<\/strong>: 1kg\/bo\u00eete (~200-300 vis), 5kg\/carton. Emballage personnalis\u00e9 disponible.<\/li>\n<\/ul>\n<h4><strong>5. Pourquoi choisir nos vis ?<\/strong><\/h4>\n<ul>\n<li><strong>Gagner du temps<\/strong>: Percez en une seule fois - pas de glissement ni de repositionnement.<\/li>\n<li><strong>Fonctionne avec des outils \u00e9lectriques<\/strong>: Les m\u00e8ches magn\u00e9tiques maintiennent les vis en toute s\u00e9curit\u00e9.<\/li>\n<li><strong>Rentabilit\u00e9<\/strong>: R\u00e9duire les pertes de mat\u00e9riaux et les retouches.<\/li>\n<\/ul>\n<p><img loading=\"lazy\" decoding=\"async\" class=\"alignleft wp-image-6175\" src=\"https:\/\/chinagxbm.com\/wp-content\/uploads\/2025\/02\/H38da110d4eec42bb9626b06038b0712aT.png\" alt=\"\" width=\"700\" height=\"901\" srcset=\"https:\/\/chinagxbm.com\/wp-content\/uploads\/2025\/02\/H38da110d4eec42bb9626b06038b0712aT.png 1471w, https:\/\/chinagxbm.com\/wp-content\/uploads\/2025\/02\/H38da110d4eec42bb9626b06038b0712aT-233x300.png 233w, https:\/\/chinagxbm.com\/wp-content\/uploads\/2025\/02\/H38da110d4eec42bb9626b06038b0712aT-795x1024.png 795w, https:\/\/chinagxbm.com\/wp-content\/uploads\/2025\/02\/H38da110d4eec42bb9626b06038b0712aT-768x989.png 768w, https:\/\/chinagxbm.com\/wp-content\/uploads\/2025\/02\/H38da110d4eec42bb9626b06038b0712aT-1193x1536.png 1193w, https:\/\/chinagxbm.com\/wp-content\/uploads\/2025\/02\/H38da110d4eec42bb9626b06038b0712aT-300x386.png 300w, https:\/\/chinagxbm.com\/wp-content\/uploads\/2025\/02\/H38da110d4eec42bb9626b06038b0712aT-600x773.png 600w\" sizes=\"auto, (max-width: 700px) 100vw, 700px\" \/><\/p>\n<p>&nbsp;<\/p>\n<p>&nbsp;<\/p>\n<p>&nbsp;<\/p>\n<p>&nbsp;<\/p>\n<p>&nbsp;<\/p>\n<p>&nbsp;<\/p>\n<p>&nbsp;<\/p>\n<p>&nbsp;<\/p>\n<p>&nbsp;<\/p>\n<p>&nbsp;<\/p>\n<p>&nbsp;<\/p>\n<p>&nbsp;<\/p>\n<p>&nbsp;<\/p>\n<p>&nbsp;<\/p>\n<p>&nbsp;<\/p>\n<p>&nbsp;<\/p>\n<p>&nbsp;<\/p>\n<p>&nbsp;<\/p>\n<p>&nbsp;<\/p>\n<p>&nbsp;<\/p>\n<p>&nbsp;<\/p>\n<p>&nbsp;<\/p>\n<p>&nbsp;<\/p>\n<table class=\"all magic-11\" style=\"height: 280px;\" width=\"700\">\n<tbody>\n<tr>\n<td colspan=\"1\" rowspan=\"1\">\n<div class=\"magic-12\"><b>Nom du produit :<\/b><\/div>\n<\/td>\n<td colspan=\"1\" rowspan=\"1\">\n<div class=\"magic-13\">Vis \u00e0 cloison s\u00e8che noire \u00e0 filetage fin de haute qualit\u00e9 Fourniture de vis \u00e0 cloison s\u00e8che \u00e0 t\u00eate bomb\u00e9e noire pour plaques de pl\u00e2tre<\/div>\n<\/td>\n<\/tr>\n<tr>\n<td colspan=\"1\" rowspan=\"1\">\n<div class=\"magic-12\"><b>Mat\u00e9riau :<\/b><\/div>\n<\/td>\n<td colspan=\"1\" rowspan=\"1\">\n<div class=\"magic-13\" data-spm-anchor-id=\"a2700.details.0.i76.6540adec4z1tqH\">C1022\/C1022A<\/div>\n<\/td>\n<\/tr>\n<tr>\n<td colspan=\"1\" rowspan=\"1\">\n<div class=\"magic-12\"><b>Diam\u00e8tre :<\/b><\/div>\n<\/td>\n<td colspan=\"1\" rowspan=\"1\">\n<div class=\"magic-13\">M3.5 \/M4.2 \/M4.8 ou taille non standard<\/div>\n<\/td>\n<\/tr>\n<tr>\n<td colspan=\"1\" rowspan=\"1\">\n<div class=\"magic-12\"><b>Finition :<\/b><\/div>\n<\/td>\n<td colspan=\"1\" rowspan=\"1\">\n<div class=\"magic-13\">phosphat\u00e9 noir\/gris, zingu\u00e9\/galvanis\u00e9 \u00e9lectrique<\/div>\n<\/td>\n<\/tr>\n<tr>\n<td colspan=\"1\" rowspan=\"1\">\n<div class=\"magic-12\"><b>Type de filetage :<\/b><\/div>\n<\/td>\n<td colspan=\"1\" rowspan=\"1\">\n<div class=\"magic-13\">fil rapide fin\/jumeau, fil grossier<\/div>\n<\/td>\n<\/tr>\n<tr>\n<td colspan=\"1\" rowspan=\"1\">\n<div class=\"magic-12\"><b>Conduire :<\/b><\/div>\n<\/td>\n<td colspan=\"1\" rowspan=\"1\">\n<div class=\"magic-13\" data-spm-anchor-id=\"a2700.details.0.i72.6540adec4z1tqH\">slot, Pozi, Philips<\/div>\n<\/td>\n<\/tr>\n<tr>\n<td colspan=\"1\" rowspan=\"1\">\n<div class=\"magic-12\"><b>Couleur :<\/b><\/div>\n<\/td>\n<td colspan=\"1\" rowspan=\"1\">\n<div class=\"magic-13\">blanc\/bleu\/jaune zingu\u00e9, noir\/gris phosphat\u00e9<\/div>\n<\/td>\n<\/tr>\n<tr>\n<td colspan=\"1\" rowspan=\"1\">\n<div class=\"magic-12\"><b>Utilisation :<\/b><\/div>\n<\/td>\n<td colspan=\"1\" rowspan=\"1\">\n<div class=\"magic-13\" data-spm-anchor-id=\"a2700.details.0.i75.6540adec4z1tqH\">Principalement utilis\u00e9es pour fixer les panneaux de placopl\u00e2tre aux montants m\u00e9talliques ou en bois, les vis pour placopl\u00e2tre sont dot\u00e9es d'un filetage fin pour les montants m\u00e9talliques et d'un filetage grossier pour les montants en bois.<\/div>\n<\/td>\n<\/tr>\n<\/tbody>\n<\/table>\n<p><img loading=\"lazy\" decoding=\"async\" class=\"alignleft wp-image-6176\" src=\"https:\/\/chinagxbm.com\/wp-content\/uploads\/2025\/02\/HTB1K3xfau6sK1RjSsrbq6xbDXXa9.jpeg\" alt=\"\" width=\"700\" height=\"933\" srcset=\"https:\/\/chinagxbm.com\/wp-content\/uploads\/2025\/02\/HTB1K3xfau6sK1RjSsrbq6xbDXXa9.jpeg 1000w, https:\/\/chinagxbm.com\/wp-content\/uploads\/2025\/02\/HTB1K3xfau6sK1RjSsrbq6xbDXXa9-225x300.jpeg 225w, https:\/\/chinagxbm.com\/wp-content\/uploads\/2025\/02\/HTB1K3xfau6sK1RjSsrbq6xbDXXa9-768x1024.jpeg 768w, https:\/\/chinagxbm.com\/wp-content\/uploads\/2025\/02\/HTB1K3xfau6sK1RjSsrbq6xbDXXa9-300x400.jpeg 300w, https:\/\/chinagxbm.com\/wp-content\/uploads\/2025\/02\/HTB1K3xfau6sK1RjSsrbq6xbDXXa9-600x800.jpeg 600w\" sizes=\"auto, (max-width: 700px) 100vw, 700px\" \/><\/p>","protected":false},"excerpt":{"rendered":"<p>Vis autoperceuses r\u00e9sistantes \u00e0 la rouille pour une installation rapide et s\u00fbre des plaques de pl\u00e2tre. Les pointes ac\u00e9r\u00e9es et les filets profonds s'agrippent fermement, minimisant les fissures et les glissements. Parfaites pour les projets de bricolage et les constructions professionnelles.<\/p>","protected":false},"featured_media":6174,"template":"","meta":{"_joinchat":[]},"product_brand":[],"product_cat":[126],"product_tag":[],"class_list":{"0":"post-1208","1":"product","2":"type-product","3":"status-publish","4":"has-post-thumbnail","6":"product_cat-drywall-accessories","8":"first","9":"instock","10":"sale","11":"featured","12":"shipping-taxable","13":"purchasable","14":"product-type-simple"},"_links":{"self":[{"href":"https:\/\/chinagxbm.com\/fr\/wp-json\/wp\/v2\/product\/1208","targetHints":{"allow":["GET"]}}],"collection":[{"href":"https:\/\/chinagxbm.com\/fr\/wp-json\/wp\/v2\/product"}],"about":[{"href":"https:\/\/chinagxbm.com\/fr\/wp-json\/wp\/v2\/types\/product"}],"wp:featuredmedia":[{"embeddable":true,"href":"https:\/\/chinagxbm.com\/fr\/wp-json\/wp\/v2\/media\/6174"}],"wp:attachment":[{"href":"https:\/\/chinagxbm.com\/fr\/wp-json\/wp\/v2\/media?parent=1208"}],"wp:term":[{"taxonomy":"product_brand","embeddable":true,"href":"https:\/\/chinagxbm.com\/fr\/wp-json\/wp\/v2\/product_brand?post=1208"},{"taxonomy":"product_cat","embeddable":true,"href":"https:\/\/chinagxbm.com\/fr\/wp-json\/wp\/v2\/product_cat?post=1208"},{"taxonomy":"product_tag","embeddable":true,"href":"https:\/\/chinagxbm.com\/fr\/wp-json\/wp\/v2\/product_tag?post=1208"}],"curies":[{"name":"wp","href":"https:\/\/api.w.org\/{rel}","templated":true}]}}