{"id":1210,"date":"2025-02-09T11:30:18","date_gmt":"2025-02-09T11:30:18","guid":{"rendered":"https:\/\/chinagxbm.com\/product\/dark-grey-jeans\/"},"modified":"2025-02-15T16:42:31","modified_gmt":"2025-02-15T16:42:31","slug":"panneau-dacces-en-platre","status":"publish","type":"product","link":"https:\/\/chinagxbm.com\/fr\/product\/panneau-dacces-en-platre\/","title":{"rendered":"Panneau d'acc\u00e8s en aluminium pour mur et plafond"},"content":{"rendered":"<p>Notre\u00a0<strong>Panneaux d'acc\u00e8s aux plafonds en pl\u00e2tre<\/strong>\u00a0offrent un acc\u00e8s discret et s\u00e9curis\u00e9 aux \u00e9quipements cach\u00e9s (\u00e9lectricit\u00e9, plomberie, chauffage, ventilation et climatisation). Fabriqu\u00e9s en alliage d'aluminium 6063 r\u00e9sistant \u00e0 la corrosion et en plaques de pl\u00e2tre ignifug\u00e9es, ils s'int\u00e8grent parfaitement dans les int\u00e9rieurs modernes tout en garantissant un acc\u00e8s rapide pour la maintenance.<\/p>\n<table style=\"height: 238px;\" border=\"1\" width=\"864\">\n<tbody>\n<tr>\n<td rowspan=\"2\">Nom du produit<\/td>\n<td rowspan=\"2\">Taille nominale (mm)<\/td>\n<td colspan=\"3\">Taille de l'emballage (mm)<\/td>\n<td rowspan=\"2\">PCS\/CTN<\/td>\n<\/tr>\n<tr>\n<td>L<\/td>\n<td>W<\/td>\n<td>H<\/td>\n<\/tr>\n<tr>\n<td rowspan=\"6\"><strong>Panneaux d'acc\u00e8s aux plafonds en pl\u00e2tre<\/strong><\/td>\n<td>200*200<\/td>\n<td>445<\/td>\n<td><span data-spm-anchor-id=\"a2700.details.0.i79.7f73aa814prhXJ\">265<\/span><\/td>\n<td>265<\/td>\n<td>10<\/td>\n<\/tr>\n<tr>\n<td>300*300<\/td>\n<td>445<\/td>\n<td>365<\/td>\n<td>365<\/td>\n<td>10<\/td>\n<\/tr>\n<tr>\n<td>400*400<\/td>\n<td>465<\/td>\n<td>445<\/td>\n<td>465<\/td>\n<td>10<\/td>\n<\/tr>\n<tr>\n<td>500*500<\/td>\n<td>565<\/td>\n<td>275<\/td>\n<td>565<\/td>\n<td>6<\/td>\n<\/tr>\n<tr>\n<td>600*600<\/td>\n<td>665<\/td>\n<td>275<\/td>\n<td>665<\/td>\n<td>6<\/td>\n<\/tr>\n<tr>\n<td>600*1200<\/td>\n<td>665<\/td>\n<td>90<\/td>\n<td>1265<\/td>\n<td data-spm-anchor-id=\"a2700.details.0.i78.7f73aa814prhXJ\">2<\/td>\n<\/tr>\n<\/tbody>\n<\/table>\n<h4><strong>Caract\u00e9ristiques principales<\/strong><\/h4>\n<p>\u2705\u00a0<strong>R\u00e9sistance \u00e0 l'humidit\u00e9 et aux moisissures<\/strong><\/p>\n<ul>\n<li>Noyau en gypse trait\u00e9 avec des additifs hydrophobes (compatibilit\u00e9 avec l'humidit\u00e9 \u226495%).<\/li>\n<li>Un joint en caoutchouc emp\u00eache la p\u00e9n\u00e9tration de l'eau (conforme \u00e0 la norme IP54).<br \/>\n\u2705\u00a0<strong>Int\u00e9gration esth\u00e9tique<\/strong><\/li>\n<li>Conception encastr\u00e9e avec une tol\u00e9rance d'espacement de 1 mm pour une continuit\u00e9 parfaite du plafond.<\/li>\n<li>Les cadres rev\u00eatus de poudre s'adaptent \u00e0 tous les d\u00e9cors (plus de 50 couleurs RAL).<br \/>\n\u2705\u00a0<strong>Acc\u00e8s rapide<\/strong><\/li>\n<li>Ouverture sans outil avec des serrures \u00e0 pression ou des cames \u00e0 cl\u00e9.<\/li>\n<li>Les charni\u00e8res renforc\u00e9es supportent plus de 10 000 cycles d'ouverture\/fermeture.<\/li>\n<\/ul>\n<hr \/>\n<h4><strong>Applications<\/strong><\/h4>\n<ul>\n<li><strong>Commercial<\/strong>: Bureaux, h\u00f4pitaux, centres commerciaux (CVC\/acc\u00e8s \u00e9lectrique).<\/li>\n<li><strong>R\u00e9sidentiel<\/strong>: Faux plafonds, inspections des combles.<\/li>\n<li><strong>Industriel<\/strong>: Salles blanches, centres de donn\u00e9es (mod\u00e8les \u00e9tanches \u00e0 la poussi\u00e8re).<\/li>\n<\/ul>\n<hr \/>\n<h4><strong>Installation et conformit\u00e9<\/strong><\/h4>\n<ul>\n<li><strong>Montage<\/strong>: Fixation par vis ou par adh\u00e9sif (trous pr\u00e9-perc\u00e9s inclus).<\/li>\n<li><strong>Classement au feu<\/strong>: Classe A1 (EN 13501-1) avec noyau de gypse.<\/li>\n<li><strong>Capacit\u00e9 de charge<\/strong>: Jusqu'\u00e0 20 kg (charge statique, panneau de 12 mm).<\/li>\n<\/ul>\n<hr \/>\n<h4><strong>Emballage<\/strong><\/h4>\n<ul>\n<li><strong>Emballage int\u00e9rieur<\/strong>2pcs\/sac \u00e0 bulles d'air ou film r\u00e9tractable.<\/li>\n<li><strong>Emballage ext\u00e9rieur<\/strong>Nombre de pi\u00e8ces : 6\/8\/10 pi\u00e8ces par carton (double paroi ondul\u00e9e).<\/li>\n<li><strong>En vrac<\/strong>: Palettes (40 cartons\/palette, sous film \u00e9tirable).<\/li>\n<\/ul>\n<hr \/>\n<h4><strong>Pourquoi choisir nos panneaux d'acc\u00e8s ?<\/strong><\/h4>\n<ul>\n<li><strong>Durabilit\u00e9<\/strong>: Les finitions anodis\u00e9es ou rev\u00eatues de poudre r\u00e9sistent aux agents de nettoyage agressifs.<\/li>\n<li><strong>Flexibilit\u00e9<\/strong>: M\u00e9lange de serrures et de joints pour r\u00e9pondre aux besoins sp\u00e9cifiques d'un projet.<\/li>\n<li><strong>Conformit\u00e9 mondiale<\/strong>: CE, RoHS, ASTM E119 test\u00e9 au feu.<\/li>\n<\/ul>\n<p><img loading=\"lazy\" decoding=\"async\" class=\"alignleft wp-image-6164\" src=\"https:\/\/chinagxbm.com\/wp-content\/uploads\/2025\/02\/Hdf1d5f10352c495d8ed13f27f3a682b6j.jpeg\" alt=\"\" width=\"700\" height=\"464\" srcset=\"https:\/\/chinagxbm.com\/wp-content\/uploads\/2025\/02\/Hdf1d5f10352c495d8ed13f27f3a682b6j.jpeg 750w, https:\/\/chinagxbm.com\/wp-content\/uploads\/2025\/02\/Hdf1d5f10352c495d8ed13f27f3a682b6j-300x199.jpeg 300w, https:\/\/chinagxbm.com\/wp-content\/uploads\/2025\/02\/Hdf1d5f10352c495d8ed13f27f3a682b6j-600x398.jpeg 600w\" sizes=\"auto, (max-width: 700px) 100vw, 700px\" \/><\/p>\n<p>&nbsp;<\/p>\n<p>&nbsp;<\/p>\n<p>&nbsp;<\/p>\n<p>&nbsp;<\/p>\n<p>&nbsp;<\/p>\n<p>&nbsp;<\/p>\n<p>&nbsp;<\/p>\n<p>&nbsp;<\/p>\n<p>&nbsp;<\/p>\n<p>&nbsp;<\/p>\n<p>&nbsp;<\/p>\n<p>&nbsp;<\/p>\n<p>&nbsp;<\/p>\n<p>&nbsp;<\/p>","protected":false},"excerpt":{"rendered":"<p>Cadres en alliage d'aluminium r\u00e9sistants \u00e0 l'humidit\u00e9 avec remplissage en plaques de pl\u00e2tre. Disponibles dans les dimensions 200x200 mm \u00e0 600x1200 mm, ils se caract\u00e9risent par leur conception encastr\u00e9e, leurs options de verrouillage multiple et leurs finitions durables. Parfait pour les plafonds et les murs dans les espaces commerciaux, r\u00e9sidentiels et industriels.<\/p>","protected":false},"featured_media":6165,"template":"","meta":{"_joinchat":[]},"product_brand":[],"product_cat":[126],"product_tag":[],"class_list":{"0":"post-1210","1":"product","2":"type-product","3":"status-publish","4":"has-post-thumbnail","6":"product_cat-drywall-accessories","8":"first","9":"instock","10":"shipping-taxable","11":"purchasable","12":"product-type-simple"},"_links":{"self":[{"href":"https:\/\/chinagxbm.com\/fr\/wp-json\/wp\/v2\/product\/1210","targetHints":{"allow":["GET"]}}],"collection":[{"href":"https:\/\/chinagxbm.com\/fr\/wp-json\/wp\/v2\/product"}],"about":[{"href":"https:\/\/chinagxbm.com\/fr\/wp-json\/wp\/v2\/types\/product"}],"wp:featuredmedia":[{"embeddable":true,"href":"https:\/\/chinagxbm.com\/fr\/wp-json\/wp\/v2\/media\/6165"}],"wp:attachment":[{"href":"https:\/\/chinagxbm.com\/fr\/wp-json\/wp\/v2\/media?parent=1210"}],"wp:term":[{"taxonomy":"product_brand","embeddable":true,"href":"https:\/\/chinagxbm.com\/fr\/wp-json\/wp\/v2\/product_brand?post=1210"},{"taxonomy":"product_cat","embeddable":true,"href":"https:\/\/chinagxbm.com\/fr\/wp-json\/wp\/v2\/product_cat?post=1210"},{"taxonomy":"product_tag","embeddable":true,"href":"https:\/\/chinagxbm.com\/fr\/wp-json\/wp\/v2\/product_tag?post=1210"}],"curies":[{"name":"wp","href":"https:\/\/api.w.org\/{rel}","templated":true}]}}