{"id":1214,"date":"2025-02-09T11:30:18","date_gmt":"2025-02-09T11:30:18","guid":{"rendered":"https:\/\/chinagxbm.com\/product\/dnk-blue-shoes\/"},"modified":"2025-02-12T12:39:52","modified_gmt":"2025-02-12T12:39:52","slug":"carreaux-de-platre-pvc-colores","status":"publish","type":"product","link":"https:\/\/chinagxbm.com\/fr\/product\/carreaux-de-platre-pvc-colores\/","title":{"rendered":"Dalles de plafond en PVC color\u00e9es"},"content":{"rendered":"<p>Description du produit Plafond en pl\u00e2tre \u00e0 base d'\u00e9thyl\u00e8ne de haute qualit\u00e9 Plaque de plafond en pl\u00e2tre stratifi\u00e9 PVC\/plaque de plafond en pl\u00e2tre, Plaque de plafond en pl\u00e2tre PVC<br \/>\nMat\u00e9riau de la plaque : Plaque de pl\u00e2tre de haute qualit\u00e9 recouverte d'un film PVC en surface et d'une feuille d'aluminium au dos. Il s'agit d'une plaque de pl\u00e2tre de haute qualit\u00e9, recouverte d'un film PVC en surface et d'une feuille d'aluminium au dos. (Le gypse, le PVC et la feuille d'aluminium sont tous des mat\u00e9riaux 100% respectueux de l'environnement qui pr\u00e9sentent des propri\u00e9t\u00e9s d'imperm\u00e9abilit\u00e9 et de r\u00e9sistance au feu).<\/p>\n<table class=\"has-title all magic-8\">\n<tbody>\n<tr>\n<td colspan=\"7\" rowspan=\"1\">\n<div class=\"magic-9\" data-spm-anchor-id=\"a2700.details.0.i77.7061153fC20mRm\">Plafond en plaques de pl\u00e2tre PVC<\/div>\n<\/td>\n<\/tr>\n<tr>\n<td colspan=\"1\" rowspan=\"1\">\n<div class=\"magic-17\">Mat\u00e9riau<\/div>\n<\/td>\n<td colspan=\"2\" rowspan=\"1\">\n<div class=\"magic-18\">Gypse, sable de quartz, fibre<\/div>\n<\/td>\n<td colspan=\"1\" rowspan=\"1\">\n<div class=\"magic-13\">R\u00e9sistance \u00e0 la flexion<\/div>\n<\/td>\n<td colspan=\"1\" rowspan=\"1\">\n<div class=\"magic-14\">\u2265187N<\/div>\n<\/td>\n<td colspan=\"1\" rowspan=\"1\">\n<div class=\"magic-15\">Rev\u00eatement de surface<\/div>\n<\/td>\n<td colspan=\"1\" rowspan=\"1\">\n<div class=\"magic-19\">PVC au recto et feuille d'aluminium au verso<\/div>\n<\/td>\n<\/tr>\n<tr>\n<td colspan=\"1\" rowspan=\"1\">\n<div class=\"magic-17\">\u00c9paisseur<\/div>\n<\/td>\n<td colspan=\"2\" rowspan=\"1\">\n<div class=\"magic-18\">6,4-12 mm<\/div>\n<\/td>\n<td colspan=\"1\" rowspan=\"1\">\n<div class=\"magic-13\">R\u00e9sistance aux chocs<\/div>\n<\/td>\n<td colspan=\"1\" rowspan=\"1\">\n<div class=\"magic-14\">\u2265472N<\/div>\n<\/td>\n<td colspan=\"1\" rowspan=\"1\">\n<div class=\"magic-15\">Taille habituelle<\/div>\n<\/td>\n<td colspan=\"1\" rowspan=\"1\">\n<div class=\"magic-19\">595~605*959~1210<\/div>\n<\/td>\n<\/tr>\n<tr>\n<td colspan=\"1\" rowspan=\"7\">\n<div class=\"magic-17\">Tol\u00e9rance<\/div>\n<\/td>\n<td colspan=\"1\" rowspan=\"1\">\n<div class=\"magic-11\">Longueur<\/div>\n<\/td>\n<td colspan=\"1\" rowspan=\"1\">\n<div class=\"magic-12\">2mm<\/div>\n<\/td>\n<td colspan=\"1\" rowspan=\"1\">\n<div class=\"magic-13\">Densit\u00e9<\/div>\n<\/td>\n<td colspan=\"1\" rowspan=\"1\">\n<div class=\"magic-14\">9,2 kg\/m2<\/div>\n<\/td>\n<td colspan=\"1\" rowspan=\"1\">\n<div class=\"magic-15\">Taux d'humidit\u00e9<\/div>\n<\/td>\n<td colspan=\"1\" rowspan=\"1\">\n<div class=\"magic-19\">\u22641%<\/div>\n<\/td>\n<\/tr>\n<tr>\n<td colspan=\"1\" rowspan=\"1\">\n<div class=\"magic-11\">Largeur<\/div>\n<\/td>\n<td colspan=\"1\" rowspan=\"1\">\n<div class=\"magic-12\">3mm<\/div>\n<\/td>\n<td colspan=\"1\" rowspan=\"1\">\n<div class=\"magic-13\">Coefficient de dilatation thermique<\/div>\n<\/td>\n<td colspan=\"1\" rowspan=\"1\">\n<div class=\"magic-14\">\u22645x106m\/m.k<\/div>\n<\/td>\n<td colspan=\"1\" rowspan=\"1\">\n<div class=\"magic-15\">La force<\/div>\n<\/td>\n<td colspan=\"1\" rowspan=\"1\">\n<div class=\"magic-19\">\u2265150N<\/div>\n<\/td>\n<\/tr>\n<tr>\n<td colspan=\"1\" rowspan=\"1\">\n<div class=\"magic-11\">\u00c9paisseur<\/div>\n<\/td>\n<td colspan=\"1\" rowspan=\"1\">\n<div class=\"magic-12\">0,2 mm<\/div>\n<\/td>\n<td colspan=\"1\" rowspan=\"1\">\n<div class=\"magic-13\">Coefficient de dilatation \u00e0 l'humidit\u00e9<\/div>\n<\/td>\n<td colspan=\"1\" rowspan=\"1\">\n<div class=\"magic-14\">\u22640.20%<\/div>\n<\/td>\n<td colspan=\"1\" rowspan=\"1\">\n<div class=\"magic-15\">Poids unitaire<\/div>\n<\/td>\n<td colspan=\"1\" rowspan=\"1\">\n<div class=\"magic-19\">\u22647kg\/sqm<\/div>\n<\/td>\n<\/tr>\n<tr>\n<td colspan=\"1\" rowspan=\"1\">\n<div class=\"magic-11\">Non-uniformit\u00e9 de l'\u00e9paisseur<\/div>\n<\/td>\n<td colspan=\"1\" rowspan=\"1\">\n<div class=\"magic-12\">\u22648%<\/div>\n<\/td>\n<td colspan=\"1\" rowspan=\"1\">\n<div class=\"magic-13\">Coefficient d'expansion au s\u00e9chage<\/div>\n<\/td>\n<td colspan=\"1\" rowspan=\"1\">\n<div class=\"magic-14\">\u22646*106<\/div>\n<\/td>\n<td colspan=\"1\" rowspan=\"1\">\n<div class=\"magic-15\">Emballage<\/div>\n<\/td>\n<td colspan=\"1\" rowspan=\"1\">\n<div class=\"magic-19\">6, 8 ou 10 pi\u00e8ces par carton avec film<\/div>\n<\/td>\n<\/tr>\n<tr>\n<td colspan=\"1\" rowspan=\"1\">\n<div class=\"magic-11\">Rectitude des bords<\/div>\n<\/td>\n<td colspan=\"1\" rowspan=\"1\">\n<div class=\"magic-12\">\u22641.5mm<\/div>\n<\/td>\n<td colspan=\"1\" rowspan=\"1\">\n<div class=\"magic-13\">Conductivit\u00e9 thermique<\/div>\n<\/td>\n<td colspan=\"1\" rowspan=\"1\">\n<div class=\"magic-14\">\u22640.1%<\/div>\n<\/td>\n<td colspan=\"1\" rowspan=\"1\">\n<div class=\"magic-15\">Propri\u00e9t\u00e9s de r\u00e9sistance \u00e0 l'affaissement<\/div>\n<\/td>\n<td colspan=\"1\" rowspan=\"1\">\n<div class=\"magic-19\">Garantie contre l'affaissement visible<\/div>\n<\/td>\n<\/tr>\n<tr>\n<td colspan=\"1\" rowspan=\"1\">\n<div class=\"magic-11\">Plan\u00e9it\u00e9 de la surface<\/div>\n<\/td>\n<td colspan=\"1\" rowspan=\"1\">\n<div class=\"magic-12\">\u22642mm<\/div>\n<\/td>\n<td colspan=\"1\" rowspan=\"1\">\n<div class=\"magic-13\">Radioactivit\u00e9<\/div>\n<\/td>\n<td colspan=\"1\" rowspan=\"1\">\n<div class=\"magic-14\">&lt;1.0L<\/div>\n<\/td>\n<td colspan=\"1\" rowspan=\"1\">\n<div class=\"magic-15\">Coefficient de r\u00e9duction du bruit<\/div>\n<\/td>\n<td colspan=\"1\" rowspan=\"1\">\n<div class=\"magic-19\">0.1-0.3<\/div>\n<\/td>\n<\/tr>\n<tr>\n<td colspan=\"1\" rowspan=\"1\">\n<div class=\"magic-11\">La quadrature du cercle<\/div>\n<\/td>\n<td colspan=\"1\" rowspan=\"1\">\n<div class=\"magic-12\">\u22642mm<\/div>\n<\/td>\n<td colspan=\"1\" rowspan=\"1\">\n<div class=\"magic-13\">Ininflammable<\/div>\n<\/td>\n<td colspan=\"1\" rowspan=\"1\">\n<div class=\"magic-14\">Classe A<\/div>\n<\/td>\n<td colspan=\"1\" rowspan=\"1\">\n<div class=\"magic-15\">Conductivit\u00e9 thermique<\/div>\n<\/td>\n<td colspan=\"1\" rowspan=\"1\">\n<div class=\"magic-19\">R\u00e9sistance \u00e0 l'humidit\u00e9 95% et \u00e0 l'eau stagnante<\/div>\n<\/td>\n<\/tr>\n<tr>\n<td colspan=\"5\" rowspan=\"1\">\n<div class=\"magic-20\">100% sans amiante<\/div>\n<\/td>\n<td colspan=\"1\" rowspan=\"1\">\n<div class=\"magic-15\">R\u00e9flexion de la lumi\u00e8re<\/div>\n<\/td>\n<td colspan=\"1\" rowspan=\"1\">\n<div class=\"magic-19\">0.75<\/div>\n<\/td>\n<\/tr>\n<\/tbody>\n<\/table>\n<p><img loading=\"lazy\" decoding=\"async\" class=\"alignnone wp-image-6030\" src=\"https:\/\/chinagxbm.com\/wp-content\/uploads\/2025\/02\/H0d5338629b75433c8c13f5a6ff1fde2dH.jpeg\" alt=\"\" width=\"700\" height=\"700\" srcset=\"https:\/\/chinagxbm.com\/wp-content\/uploads\/2025\/02\/H0d5338629b75433c8c13f5a6ff1fde2dH.jpeg 1080w, https:\/\/chinagxbm.com\/wp-content\/uploads\/2025\/02\/H0d5338629b75433c8c13f5a6ff1fde2dH-300x300.jpeg 300w, https:\/\/chinagxbm.com\/wp-content\/uploads\/2025\/02\/H0d5338629b75433c8c13f5a6ff1fde2dH-1024x1024.jpeg 1024w, https:\/\/chinagxbm.com\/wp-content\/uploads\/2025\/02\/H0d5338629b75433c8c13f5a6ff1fde2dH-150x150.jpeg 150w, https:\/\/chinagxbm.com\/wp-content\/uploads\/2025\/02\/H0d5338629b75433c8c13f5a6ff1fde2dH-768x768.jpeg 768w, https:\/\/chinagxbm.com\/wp-content\/uploads\/2025\/02\/H0d5338629b75433c8c13f5a6ff1fde2dH-600x600.jpeg 600w, https:\/\/chinagxbm.com\/wp-content\/uploads\/2025\/02\/H0d5338629b75433c8c13f5a6ff1fde2dH-100x100.jpeg 100w\" sizes=\"auto, (max-width: 700px) 100vw, 700px\" \/> <img loading=\"lazy\" decoding=\"async\" class=\"alignnone wp-image-6031\" src=\"https:\/\/chinagxbm.com\/wp-content\/uploads\/2025\/02\/1dd88f28-4599-4040-a95d-15e5cb6456e7.jpeg\" alt=\"\" width=\"700\" height=\"525\" srcset=\"https:\/\/chinagxbm.com\/wp-content\/uploads\/2025\/02\/1dd88f28-4599-4040-a95d-15e5cb6456e7.jpeg 782w, https:\/\/chinagxbm.com\/wp-content\/uploads\/2025\/02\/1dd88f28-4599-4040-a95d-15e5cb6456e7-300x225.jpeg 300w, https:\/\/chinagxbm.com\/wp-content\/uploads\/2025\/02\/1dd88f28-4599-4040-a95d-15e5cb6456e7-768x576.jpeg 768w, https:\/\/chinagxbm.com\/wp-content\/uploads\/2025\/02\/1dd88f28-4599-4040-a95d-15e5cb6456e7-600x450.jpeg 600w\" sizes=\"auto, (max-width: 700px) 100vw, 700px\" \/> <img loading=\"lazy\" decoding=\"async\" class=\"alignnone wp-image-6032\" src=\"https:\/\/chinagxbm.com\/wp-content\/uploads\/2025\/02\/H49ecc88470a34ee0900dcf6d07966f9av.jpeg\" alt=\"\" width=\"700\" height=\"700\" srcset=\"https:\/\/chinagxbm.com\/wp-content\/uploads\/2025\/02\/H49ecc88470a34ee0900dcf6d07966f9av.jpeg 1368w, https:\/\/chinagxbm.com\/wp-content\/uploads\/2025\/02\/H49ecc88470a34ee0900dcf6d07966f9av-300x300.jpeg 300w, https:\/\/chinagxbm.com\/wp-content\/uploads\/2025\/02\/H49ecc88470a34ee0900dcf6d07966f9av-1024x1024.jpeg 1024w, https:\/\/chinagxbm.com\/wp-content\/uploads\/2025\/02\/H49ecc88470a34ee0900dcf6d07966f9av-150x150.jpeg 150w, https:\/\/chinagxbm.com\/wp-content\/uploads\/2025\/02\/H49ecc88470a34ee0900dcf6d07966f9av-768x768.jpeg 768w, https:\/\/chinagxbm.com\/wp-content\/uploads\/2025\/02\/H49ecc88470a34ee0900dcf6d07966f9av-600x600.jpeg 600w, https:\/\/chinagxbm.com\/wp-content\/uploads\/2025\/02\/H49ecc88470a34ee0900dcf6d07966f9av-100x100.jpeg 100w\" sizes=\"auto, (max-width: 700px) 100vw, 700px\" \/> <img loading=\"lazy\" decoding=\"async\" class=\"alignnone wp-image-6033\" src=\"https:\/\/chinagxbm.com\/wp-content\/uploads\/2025\/02\/H44fb6311d16b4ebc90892ed4a22dfe2co.jpeg\" alt=\"\" width=\"700\" height=\"700\" srcset=\"https:\/\/chinagxbm.com\/wp-content\/uploads\/2025\/02\/H44fb6311d16b4ebc90892ed4a22dfe2co.jpeg 1280w, https:\/\/chinagxbm.com\/wp-content\/uploads\/2025\/02\/H44fb6311d16b4ebc90892ed4a22dfe2co-300x300.jpeg 300w, https:\/\/chinagxbm.com\/wp-content\/uploads\/2025\/02\/H44fb6311d16b4ebc90892ed4a22dfe2co-1024x1024.jpeg 1024w, https:\/\/chinagxbm.com\/wp-content\/uploads\/2025\/02\/H44fb6311d16b4ebc90892ed4a22dfe2co-150x150.jpeg 150w, https:\/\/chinagxbm.com\/wp-content\/uploads\/2025\/02\/H44fb6311d16b4ebc90892ed4a22dfe2co-768x768.jpeg 768w, https:\/\/chinagxbm.com\/wp-content\/uploads\/2025\/02\/H44fb6311d16b4ebc90892ed4a22dfe2co-600x600.jpeg 600w, https:\/\/chinagxbm.com\/wp-content\/uploads\/2025\/02\/H44fb6311d16b4ebc90892ed4a22dfe2co-100x100.jpeg 100w\" sizes=\"auto, (max-width: 700px) 100vw, 700px\" \/><\/p>\n<p>Si vous avez besoin d'autres mod\u00e8les, n'h\u00e9sitez pas \u00e0 nous contacter !<\/p>","protected":false},"excerpt":{"rendered":"<p>Les dalles de plafond en pl\u00e2tre stratifi\u00e9 PVC sont des dalles de plafond d\u00e9coratives durables, l\u00e9g\u00e8res et de haute qualit\u00e9. Fabriqu\u00e9es \u00e0 partir de plaques de pl\u00e2tre de premi\u00e8re qualit\u00e9 rev\u00eatues d'une couche de PVC en surface et d'une feuille d'aluminium \u00e0 l'arri\u00e8re, elles offrent une excellente r\u00e9sistance au feu, \u00e0 l'eau et \u00e0 la corrosion, ce qui en fait un choix id\u00e9al pour les solutions modernes en mati\u00e8re de plafonds.<\/p>","protected":false},"featured_media":6027,"template":"","meta":{"_joinchat":[]},"product_brand":[],"product_cat":[125],"product_tag":[],"class_list":{"0":"post-1214","1":"product","2":"type-product","3":"status-publish","4":"has-post-thumbnail","6":"product_cat-vinyl-gypsum-ceilingspvc-laminated-gypsum-ceiling-tiles","8":"first","9":"instock","10":"sale","11":"shipping-taxable","12":"purchasable","13":"product-type-simple"},"_links":{"self":[{"href":"https:\/\/chinagxbm.com\/fr\/wp-json\/wp\/v2\/product\/1214","targetHints":{"allow":["GET"]}}],"collection":[{"href":"https:\/\/chinagxbm.com\/fr\/wp-json\/wp\/v2\/product"}],"about":[{"href":"https:\/\/chinagxbm.com\/fr\/wp-json\/wp\/v2\/types\/product"}],"wp:featuredmedia":[{"embeddable":true,"href":"https:\/\/chinagxbm.com\/fr\/wp-json\/wp\/v2\/media\/6027"}],"wp:attachment":[{"href":"https:\/\/chinagxbm.com\/fr\/wp-json\/wp\/v2\/media?parent=1214"}],"wp:term":[{"taxonomy":"product_brand","embeddable":true,"href":"https:\/\/chinagxbm.com\/fr\/wp-json\/wp\/v2\/product_brand?post=1214"},{"taxonomy":"product_cat","embeddable":true,"href":"https:\/\/chinagxbm.com\/fr\/wp-json\/wp\/v2\/product_cat?post=1214"},{"taxonomy":"product_tag","embeddable":true,"href":"https:\/\/chinagxbm.com\/fr\/wp-json\/wp\/v2\/product_tag?post=1214"}],"curies":[{"name":"wp","href":"https:\/\/api.w.org\/{rel}","templated":true}]}}