{"id":1215,"date":"2025-02-09T11:30:18","date_gmt":"2025-02-09T11:30:18","guid":{"rendered":"https:\/\/chinagxbm.com\/product\/dnk-black-shoes\/"},"modified":"2025-02-12T11:26:51","modified_gmt":"2025-02-12T11:26:51","slug":"carreaux-de-gypse-en-vinyle","status":"publish","type":"product","link":"https:\/\/chinagxbm.com\/fr\/product\/carreaux-de-gypse-en-vinyle\/","title":{"rendered":"Dalles de plafond en pl\u00e2tre en PVC"},"content":{"rendered":"<p data-start=\"410\" data-end=\"802\">Les dalles de plafond en pl\u00e2tre stratifi\u00e9es en PVC constituent une solution polyvalente et durable, con\u00e7ue pour am\u00e9liorer \u00e0 la fois l'esth\u00e9tique et la fonctionnalit\u00e9 de divers espaces int\u00e9rieurs. Ces dalles sont fabriqu\u00e9es \u00e0 partir de plaques de pl\u00e2tre de haute qualit\u00e9 rev\u00eatues de papier, lamin\u00e9es avec un film PVC sur la surface pour une finition \u00e9l\u00e9gante, tandis que le support en feuille d'aluminium am\u00e9liore l'isolation thermique et la r\u00e9sistance \u00e0 l'humidit\u00e9.<\/p>\n<h4 data-start=\"804\" data-end=\"830\"><strong data-start=\"809\" data-end=\"828\">Sp\u00e9cifications :<\/strong><\/h4>\n<ul data-start=\"831\" data-end=\"976\">\n<li data-start=\"831\" data-end=\"877\"><strong data-start=\"833\" data-end=\"855\">Options d'\u00e9paisseur :<\/strong> 7mm, 8mm, 9mm, 12mm<\/li>\n<li data-start=\"878\" data-end=\"976\"><strong data-start=\"880\" data-end=\"900\">Tailles disponibles :<\/strong>\n<ul data-start=\"905\" data-end=\"976\">\n<li data-start=\"905\" data-end=\"920\">595 \u00d7 595mm<\/li>\n<li data-start=\"923\" data-end=\"938\">603 \u00d7 603mm<\/li>\n<li data-start=\"941\" data-end=\"957\">595 \u00d7 1195 mm<\/li>\n<li data-start=\"960\" data-end=\"976\">603 \u00d7 1213mm<\/li>\n<\/ul>\n<\/li>\n<\/ul>\n<h4 data-start=\"978\" data-end=\"1002\"><strong data-start=\"983\" data-end=\"1000\">Caract\u00e9ristiques principales :<\/strong><\/h4>\n<p data-start=\"1003\" data-end=\"1434\">\u2705 <strong data-start=\"1005\" data-end=\"1037\">R\u00e9sistant au feu et \u00e0 l'eau :<\/strong> Garantit une durabilit\u00e9 \u00e0 long terme dans les environnements humides.<br data-start=\"1089\" data-end=\"1092\" \/>\u2705 <strong data-start=\"1094\" data-end=\"1125\">R\u00e9sistant \u00e0 la corrosion et \u00e0 la moisissure :<\/strong> Id\u00e9al pour les applications commerciales et r\u00e9sidentielles.<br data-start=\"1176\" data-end=\"1179\" \/>\u2705 <strong data-start=\"1181\" data-end=\"1215\">L\u00e9ger et facile \u00e0 installer :<\/strong> R\u00e9duit le temps d'installation et les co\u00fbts de main-d'\u0153uvre.<br data-start=\"1258\" data-end=\"1261\" \/>\u2705 <strong data-start=\"1263\" data-end=\"1290\">Mat\u00e9riaux \u00e9cologiques :<\/strong> Non toxique et sans danger pour l'int\u00e9rieur.<br data-start=\"1325\" data-end=\"1328\" \/>\u2705 <strong data-start=\"1330\" data-end=\"1361\">Diff\u00e9rents mod\u00e8les et motifs :<\/strong> Disponible en plusieurs couleurs et textures pour s'adapter \u00e0 diff\u00e9rents int\u00e9rieurs.<\/p>\n<p data-start=\"1003\" data-end=\"1434\">\u2705 <strong data-start=\"947\" data-end=\"978\">Diff\u00e9rents mod\u00e8les et motifs :<\/strong> Les mod\u00e8les de PVC les plus courants sont les suivants <strong data-start=\"1006\" data-end=\"1028\">154, 996, 995, 238<\/strong>et bien d'autres encore pour s'adapter aux diff\u00e9rents styles d'int\u00e9rieur.<\/p>\n<h3 data-start=\"1436\" data-end=\"1459\"><strong data-start=\"1440\" data-end=\"1457\">Applications :<\/strong><\/h3>\n<p data-start=\"1460\" data-end=\"1710\">Les dalles de plafond en pl\u00e2tre stratifi\u00e9 PVC sont largement utilis\u00e9es dans les bureaux, les h\u00f4pitaux, les centres commerciaux, les h\u00f4tels, les \u00e9coles et les b\u00e2timents r\u00e9sidentiels. La combinaison de leur attrait esth\u00e9tique et de leurs performances sup\u00e9rieures en fait un choix de premier ordre pour les conceptions de plafonds modernes.<\/p>\n<p data-start=\"1460\" data-end=\"1710\"><img loading=\"lazy\" decoding=\"async\" class=\"alignnone size-full wp-image-6017\" src=\"https:\/\/chinagxbm.com\/wp-content\/uploads\/2025\/02\/screenshot_1737381147.png\" alt=\"\" width=\"976\" height=\"365\" srcset=\"https:\/\/chinagxbm.com\/wp-content\/uploads\/2025\/02\/screenshot_1737381147.png 976w, https:\/\/chinagxbm.com\/wp-content\/uploads\/2025\/02\/screenshot_1737381147-300x112.png 300w, https:\/\/chinagxbm.com\/wp-content\/uploads\/2025\/02\/screenshot_1737381147-768x287.png 768w, https:\/\/chinagxbm.com\/wp-content\/uploads\/2025\/02\/screenshot_1737381147-600x224.png 600w\" sizes=\"auto, (max-width: 976px) 100vw, 976px\" \/><img loading=\"lazy\" decoding=\"async\" class=\"alignnone wp-image-6014\" src=\"https:\/\/chinagxbm.com\/wp-content\/uploads\/2025\/02\/996.png\" alt=\"\" width=\"700\" height=\"690\" srcset=\"https:\/\/chinagxbm.com\/wp-content\/uploads\/2025\/02\/996.png 800w, https:\/\/chinagxbm.com\/wp-content\/uploads\/2025\/02\/996-300x296.png 300w, https:\/\/chinagxbm.com\/wp-content\/uploads\/2025\/02\/996-768x756.png 768w, https:\/\/chinagxbm.com\/wp-content\/uploads\/2025\/02\/996-600x591.png 600w, https:\/\/chinagxbm.com\/wp-content\/uploads\/2025\/02\/996-100x100.png 100w\" sizes=\"auto, (max-width: 700px) 100vw, 700px\" \/><\/p>\n<p data-start=\"1460\" data-end=\"1710\"><img loading=\"lazy\" decoding=\"async\" class=\"alignnone wp-image-6016\" src=\"https:\/\/chinagxbm.com\/wp-content\/uploads\/2025\/02\/\u5fae\u4fe1\u56fe\u7247_20221216171055.jpg\" alt=\"\" width=\"700\" height=\"525\" srcset=\"https:\/\/chinagxbm.com\/wp-content\/uploads\/2025\/02\/\u5fae\u4fe1\u56fe\u7247_20221216171055.jpg 992w, https:\/\/chinagxbm.com\/wp-content\/uploads\/2025\/02\/\u5fae\u4fe1\u56fe\u7247_20221216171055-300x225.jpg 300w, https:\/\/chinagxbm.com\/wp-content\/uploads\/2025\/02\/\u5fae\u4fe1\u56fe\u7247_20221216171055-768x576.jpg 768w, https:\/\/chinagxbm.com\/wp-content\/uploads\/2025\/02\/\u5fae\u4fe1\u56fe\u7247_20221216171055-600x450.jpg 600w\" sizes=\"auto, (max-width: 700px) 100vw, 700px\" \/><\/p>\n<p data-start=\"1460\" data-end=\"1710\"><img loading=\"lazy\" decoding=\"async\" class=\"alignnone wp-image-6018\" src=\"https:\/\/chinagxbm.com\/wp-content\/uploads\/2025\/02\/154PVC.jpg\" alt=\"\" width=\"700\" height=\"394\" srcset=\"https:\/\/chinagxbm.com\/wp-content\/uploads\/2025\/02\/154PVC.jpg 1920w, https:\/\/chinagxbm.com\/wp-content\/uploads\/2025\/02\/154PVC-300x169.jpg 300w, https:\/\/chinagxbm.com\/wp-content\/uploads\/2025\/02\/154PVC-1024x576.jpg 1024w, https:\/\/chinagxbm.com\/wp-content\/uploads\/2025\/02\/154PVC-768x432.jpg 768w, https:\/\/chinagxbm.com\/wp-content\/uploads\/2025\/02\/154PVC-1536x864.jpg 1536w, https:\/\/chinagxbm.com\/wp-content\/uploads\/2025\/02\/154PVC-600x338.jpg 600w\" sizes=\"auto, (max-width: 700px) 100vw, 700px\" \/> <img loading=\"lazy\" decoding=\"async\" class=\"alignnone wp-image-6019\" src=\"https:\/\/chinagxbm.com\/wp-content\/uploads\/2025\/02\/600PVC.jpg\" alt=\"\" width=\"700\" height=\"394\" srcset=\"https:\/\/chinagxbm.com\/wp-content\/uploads\/2025\/02\/600PVC.jpg 1920w, https:\/\/chinagxbm.com\/wp-content\/uploads\/2025\/02\/600PVC-300x169.jpg 300w, https:\/\/chinagxbm.com\/wp-content\/uploads\/2025\/02\/600PVC-1024x576.jpg 1024w, https:\/\/chinagxbm.com\/wp-content\/uploads\/2025\/02\/600PVC-768x432.jpg 768w, https:\/\/chinagxbm.com\/wp-content\/uploads\/2025\/02\/600PVC-1536x864.jpg 1536w, https:\/\/chinagxbm.com\/wp-content\/uploads\/2025\/02\/600PVC-600x338.jpg 600w\" sizes=\"auto, (max-width: 700px) 100vw, 700px\" \/> <img loading=\"lazy\" decoding=\"async\" class=\"alignnone wp-image-6020\" src=\"https:\/\/chinagxbm.com\/wp-content\/uploads\/2025\/02\/pvc-pack.png\" alt=\"\" width=\"700\" height=\"575\" srcset=\"https:\/\/chinagxbm.com\/wp-content\/uploads\/2025\/02\/pvc-pack.png 567w, https:\/\/chinagxbm.com\/wp-content\/uploads\/2025\/02\/pvc-pack-300x247.png 300w\" sizes=\"auto, (max-width: 700px) 100vw, 700px\" \/><\/p>","protected":false},"excerpt":{"rendered":"<p>Les dalles de plafond en pl\u00e2tre stratifi\u00e9 PVC sont des dalles de plafond d\u00e9coratives durables, l\u00e9g\u00e8res et de haute qualit\u00e9. Fabriqu\u00e9es \u00e0 partir de plaques de pl\u00e2tre de premi\u00e8re qualit\u00e9 rev\u00eatues d'une couche de PVC en surface et d'une feuille d'aluminium \u00e0 l'arri\u00e8re, elles offrent une excellente r\u00e9sistance au feu, \u00e0 l'eau et \u00e0 la corrosion, ce qui en fait un choix id\u00e9al pour les solutions modernes en mati\u00e8re de plafonds.<\/p>","protected":false},"featured_media":6022,"template":"","meta":{"_joinchat":[]},"product_brand":[],"product_cat":[125],"product_tag":[],"class_list":{"0":"post-1215","1":"product","2":"type-product","3":"status-publish","4":"has-post-thumbnail","6":"product_cat-vinyl-gypsum-ceilingspvc-laminated-gypsum-ceiling-tiles","8":"first","9":"instock","10":"featured","11":"shipping-taxable","12":"purchasable","13":"product-type-simple"},"_links":{"self":[{"href":"https:\/\/chinagxbm.com\/fr\/wp-json\/wp\/v2\/product\/1215","targetHints":{"allow":["GET"]}}],"collection":[{"href":"https:\/\/chinagxbm.com\/fr\/wp-json\/wp\/v2\/product"}],"about":[{"href":"https:\/\/chinagxbm.com\/fr\/wp-json\/wp\/v2\/types\/product"}],"wp:featuredmedia":[{"embeddable":true,"href":"https:\/\/chinagxbm.com\/fr\/wp-json\/wp\/v2\/media\/6022"}],"wp:attachment":[{"href":"https:\/\/chinagxbm.com\/fr\/wp-json\/wp\/v2\/media?parent=1215"}],"wp:term":[{"taxonomy":"product_brand","embeddable":true,"href":"https:\/\/chinagxbm.com\/fr\/wp-json\/wp\/v2\/product_brand?post=1215"},{"taxonomy":"product_cat","embeddable":true,"href":"https:\/\/chinagxbm.com\/fr\/wp-json\/wp\/v2\/product_cat?post=1215"},{"taxonomy":"product_tag","embeddable":true,"href":"https:\/\/chinagxbm.com\/fr\/wp-json\/wp\/v2\/product_tag?post=1215"}],"curies":[{"name":"wp","href":"https:\/\/api.w.org\/{rel}","templated":true}]}}