{"id":579,"date":"2021-04-13T21:13:24","date_gmt":"2021-04-13T21:13:24","guid":{"rendered":"https:\/\/startersites.io\/blocksy\/homi\/?post_type=product&#038;p=579"},"modified":"2025-02-14T08:28:47","modified_gmt":"2025-02-14T08:28:47","slug":"plafond-plat-systeme-dossature-en-t","status":"publish","type":"product","link":"https:\/\/chinagxbm.com\/fr\/product\/plafond-plat-systeme-dossature-en-t\/","title":{"rendered":"Syst\u00e8me de grille en T plat"},"content":{"rendered":"<p>Le syst\u00e8me d'ossature plate en T est une ossature en acier l\u00e9g\u00e8re mais robuste, con\u00e7ue pour soutenir les plafonds en pl\u00e2tre PVC. Avec des composants pr\u00e9-galvanis\u00e9s pour r\u00e9sister \u00e0 la rouille, il assure une installation rapide et une durabilit\u00e9 \u00e0 long terme. Id\u00e9al pour les bureaux, les h\u00f4pitaux, les centres commerciaux et les salles blanches.<\/p>\n<hr \/>\n<h4><strong>Composants et sp\u00e9cifications<\/strong><\/h4>\n<table>\n<thead>\n<tr>\n<th><strong>Composant<\/strong><\/th>\n<th><strong>Dimensions (mm)<\/strong><\/th>\n<th><strong>Utilisation par m\u00b2<\/strong><\/th>\n<th><strong>Fonction<\/strong><\/th>\n<\/tr>\n<\/thead>\n<tbody>\n<tr>\n<td><strong>Barre principale en T<\/strong><\/td>\n<td>24\u00d738\u00d73600(3630\/3660)\u00d70.3mm<\/td>\n<td>0.225 pi\u00e8ces<\/td>\n<td>Rails porteurs primaires pour le soutien longitudinal<\/td>\n<\/tr>\n<tr>\n<td><\/td>\n<td>24\u00d732\u00d73600(3630\/3660)\u00d70.3mm<\/td>\n<td><\/td>\n<td><\/td>\n<\/tr>\n<tr>\n<td><strong>Barre transversale longue<\/strong><\/td>\n<td>24\u00d738\u00d71200(1205\/1210)\u00d70.3mm<\/td>\n<td>1.35 pi\u00e8ces<\/td>\n<td>Connecte les barres en T principales horizontalement pour la stabilit\u00e9 du r\u00e9seau<\/td>\n<\/tr>\n<tr>\n<td><\/td>\n<td>24\u00d732\u00d71200(1205\/1210)\u00d70.3mm<\/td>\n<td><\/td>\n<td><\/td>\n<\/tr>\n<tr>\n<td><strong>Barre transversale courte<\/strong><\/td>\n<td>24\u00d738\u00d7600(605\/610)\u00d70.3mm<\/td>\n<td>1.35 pi\u00e8ces<\/td>\n<td>Renforce la densit\u00e9 de la grille pour les am\u00e9nagements irr\u00e9guliers<\/td>\n<\/tr>\n<tr>\n<td><\/td>\n<td>24\u00d732\u00d7600(605\/610)\u00d70.3mm<\/td>\n<td><\/td>\n<td><\/td>\n<\/tr>\n<tr>\n<td><strong>Angle du mur<\/strong><\/td>\n<td>22\u00d722\u00d73000(3050)\u00d70.3\/0.35\/0.4mm<\/td>\n<td>0.2 pi\u00e8ces<\/td>\n<td>Fixe les bords du p\u00e9rim\u00e8tre aux murs pour un alignement sans faille<\/td>\n<\/tr>\n<tr>\n<td><\/td>\n<td>22\u00d719\u00d73000(3050)\u00d70.3\/0.35\/0.4mm<\/td>\n<td><\/td>\n<td><\/td>\n<\/tr>\n<tr>\n<td><\/td>\n<td>20\u00d720\u00d73000(3050)\u00d70.3\/0.35\/0.4mm<\/td>\n<td><\/td>\n<td><\/td>\n<\/tr>\n<\/tbody>\n<\/table>\n<hr \/>\n<h4><strong>Caract\u00e9ristiques principales<\/strong><\/h4>\n<p>\u2705\u00a0<strong>Personnalisable<\/strong><\/p>\n<ul>\n<li>Longueurs (ajustement \u00b150mm) et \u00e9paisseurs (<strong>0,23-0,4 mm<\/strong>) disponible.<\/li>\n<li>Compatible avec les plaques de pl\u00e2tre en PVC de toutes marques.<br \/>\n\u2705\u00a0<strong>Installation facile<\/strong><\/li>\n<li>La conception \u00e0 clipser \u00e9limine le soudage ; outils n\u00e9cessaires : cutter, ruban \u00e0 mesurer.<\/li>\n<li>Tol\u00e9rance : \u00b12mm pour la flexibilit\u00e9 de l'alignement du panneau.<br \/>\n\u2705\u00a0<strong>Durabilit\u00e9<\/strong><\/li>\n<li>Rev\u00eatement pr\u00e9-galvanis\u00e9 (<strong>\u226520\u03bcm<\/strong>(norme ASTM A653).<\/li>\n<li>Classement au feu :\u00a0<strong>Classe A2-s1,d0<\/strong>\u00a0(certifi\u00e9 EN 13501-1).<\/li>\n<\/ul>\n<hr \/>\n<h4><strong>Capacit\u00e9 de charge<\/strong><\/h4>\n<table>\n<thead>\n<tr>\n<th><strong>\u00c9paisseur<\/strong><\/th>\n<th><strong>Port\u00e9e maximale<\/strong><\/th>\n<th><strong>Capacit\u00e9 de charge<\/strong><\/th>\n<\/tr>\n<\/thead>\n<tbody>\n<tr>\n<td>0,3 mm<\/td>\n<td>1.2m<\/td>\n<td>15kg\/m\u00b2<\/td>\n<\/tr>\n<tr>\n<td>0,4 mm<\/td>\n<td>1.5m<\/td>\n<td>25kg\/m\u00b2<\/td>\n<\/tr>\n<\/tbody>\n<\/table>\n<hr \/>\n<h4><strong>D\u00e9tails de l'emballage<\/strong><\/h4>\n<ul>\n<li><strong>Barre principale en T<\/strong>Nombre de pi\u00e8ces : 25 pi\u00e8ces\/carton (emball\u00e9es dans un film PE anti-rayures).<\/li>\n<li><strong>Long\/Short Cross T-Bars<\/strong>75 pi\u00e8ces\/carton.<\/li>\n<li><strong>Angle du mur<\/strong>: 50 pi\u00e8ces\/carton.<\/li>\n<\/ul>\n<hr \/>\n<h4><strong>Applications<\/strong><\/h4>\n<ul>\n<li><strong>Commercial<\/strong>: Plafonds de bureaux, cloisons de magasins.<\/li>\n<li><strong>Industriel<\/strong>: Salles blanches, entrep\u00f4ts.<\/li>\n<li><strong>Infrastructures publiques<\/strong>: H\u00f4pitaux, \u00e9coles, stations de m\u00e9tro.<\/li>\n<\/ul>\n<hr \/>\n<h4><strong>Services sur mesure<\/strong><\/h4>\n<ul>\n<li><strong>L'image de marque<\/strong>: Possibilit\u00e9 de marquage du logo.<\/li>\n<li><strong>Kits pr\u00e9-assembl\u00e9s<\/strong>: Adapt\u00e9 aux sp\u00e9cifications du projet.<\/li>\n<\/ul>\n<hr \/>\n<p><strong>Note<\/strong>: Le prix varie en fonction de l'\u00e9paisseur (0,23-0,4 mm) et du volume de la commande. Des dessins techniques gratuits sont fournis pour les commandes en gros.<\/p>\n<p>&nbsp;<\/p>\n<hr \/>\n<p>Cette version garantit la clart\u00e9 pour les acheteurs internationaux tout en mettant l'accent sur la personnalisation et la conformit\u00e9 aux normes internationales. Faites-moi savoir si vous avez besoin d'autres ajustements !<\/p>\n<p>&nbsp;<\/p>\n<p><img loading=\"lazy\" decoding=\"async\" class=\"alignleft wp-image-6098\" src=\"https:\/\/chinagxbm.com\/wp-content\/uploads\/2021\/04\/\u5fae\u4fe1\u56fe\u7247_20250214162336.jpg\" alt=\"\" width=\"700\" height=\"526\" srcset=\"https:\/\/chinagxbm.com\/wp-content\/uploads\/2021\/04\/\u5fae\u4fe1\u56fe\u7247_20250214162336.jpg 1438w, https:\/\/chinagxbm.com\/wp-content\/uploads\/2021\/04\/\u5fae\u4fe1\u56fe\u7247_20250214162336-300x225.jpg 300w, https:\/\/chinagxbm.com\/wp-content\/uploads\/2021\/04\/\u5fae\u4fe1\u56fe\u7247_20250214162336-1024x769.jpg 1024w, https:\/\/chinagxbm.com\/wp-content\/uploads\/2021\/04\/\u5fae\u4fe1\u56fe\u7247_20250214162336-768x577.jpg 768w, https:\/\/chinagxbm.com\/wp-content\/uploads\/2021\/04\/\u5fae\u4fe1\u56fe\u7247_20250214162336-600x451.jpg 600w\" sizes=\"auto, (max-width: 700px) 100vw, 700px\" \/> <img loading=\"lazy\" decoding=\"async\" class=\"alignleft wp-image-6100\" src=\"https:\/\/chinagxbm.com\/wp-content\/uploads\/2021\/04\/\u5fae\u4fe1\u56fe\u7247_20250214162345.jpg\" alt=\"\" width=\"700\" height=\"525\" srcset=\"https:\/\/chinagxbm.com\/wp-content\/uploads\/2021\/04\/\u5fae\u4fe1\u56fe\u7247_20250214162345.jpg 1440w, https:\/\/chinagxbm.com\/wp-content\/uploads\/2021\/04\/\u5fae\u4fe1\u56fe\u7247_20250214162345-300x225.jpg 300w, https:\/\/chinagxbm.com\/wp-content\/uploads\/2021\/04\/\u5fae\u4fe1\u56fe\u7247_20250214162345-1024x768.jpg 1024w, https:\/\/chinagxbm.com\/wp-content\/uploads\/2021\/04\/\u5fae\u4fe1\u56fe\u7247_20250214162345-768x576.jpg 768w, https:\/\/chinagxbm.com\/wp-content\/uploads\/2021\/04\/\u5fae\u4fe1\u56fe\u7247_20250214162345-600x450.jpg 600w\" sizes=\"auto, (max-width: 700px) 100vw, 700px\" \/> <img loading=\"lazy\" decoding=\"async\" class=\"alignleft wp-image-6101\" src=\"https:\/\/chinagxbm.com\/wp-content\/uploads\/2021\/04\/\u5fae\u4fe1\u56fe\u7247_20250214162350.jpg\" alt=\"\" width=\"700\" height=\"933\" srcset=\"https:\/\/chinagxbm.com\/wp-content\/uploads\/2021\/04\/\u5fae\u4fe1\u56fe\u7247_20250214162350.jpg 810w, https:\/\/chinagxbm.com\/wp-content\/uploads\/2021\/04\/\u5fae\u4fe1\u56fe\u7247_20250214162350-225x300.jpg 225w, https:\/\/chinagxbm.com\/wp-content\/uploads\/2021\/04\/\u5fae\u4fe1\u56fe\u7247_20250214162350-768x1024.jpg 768w, https:\/\/chinagxbm.com\/wp-content\/uploads\/2021\/04\/\u5fae\u4fe1\u56fe\u7247_20250214162350-300x400.jpg 300w, https:\/\/chinagxbm.com\/wp-content\/uploads\/2021\/04\/\u5fae\u4fe1\u56fe\u7247_20250214162350-600x800.jpg 600w\" sizes=\"auto, (max-width: 700px) 100vw, 700px\" \/> <img loading=\"lazy\" decoding=\"async\" class=\"alignnone wp-image-6102\" src=\"https:\/\/chinagxbm.com\/wp-content\/uploads\/2021\/04\/\u5fae\u4fe1\u56fe\u7247_20250214162400.jpg\" alt=\"\" width=\"700\" height=\"525\" srcset=\"https:\/\/chinagxbm.com\/wp-content\/uploads\/2021\/04\/\u5fae\u4fe1\u56fe\u7247_20250214162400.jpg 1440w, https:\/\/chinagxbm.com\/wp-content\/uploads\/2021\/04\/\u5fae\u4fe1\u56fe\u7247_20250214162400-300x225.jpg 300w, https:\/\/chinagxbm.com\/wp-content\/uploads\/2021\/04\/\u5fae\u4fe1\u56fe\u7247_20250214162400-1024x768.jpg 1024w, https:\/\/chinagxbm.com\/wp-content\/uploads\/2021\/04\/\u5fae\u4fe1\u56fe\u7247_20250214162400-768x576.jpg 768w, https:\/\/chinagxbm.com\/wp-content\/uploads\/2021\/04\/\u5fae\u4fe1\u56fe\u7247_20250214162400-600x450.jpg 600w\" sizes=\"auto, (max-width: 700px) 100vw, 700px\" \/><\/p>\n<p><img loading=\"lazy\" decoding=\"async\" class=\"alignleft wp-image-6096\" src=\"https:\/\/chinagxbm.com\/wp-content\/uploads\/2021\/04\/HTB1FGEGU3HqK1RjSZFPq6AwapXai.jpeg\" alt=\"\" width=\"700\" height=\"700\" srcset=\"https:\/\/chinagxbm.com\/wp-content\/uploads\/2021\/04\/HTB1FGEGU3HqK1RjSZFPq6AwapXai.jpeg 1080w, https:\/\/chinagxbm.com\/wp-content\/uploads\/2021\/04\/HTB1FGEGU3HqK1RjSZFPq6AwapXai-300x300.jpeg 300w, https:\/\/chinagxbm.com\/wp-content\/uploads\/2021\/04\/HTB1FGEGU3HqK1RjSZFPq6AwapXai-1024x1024.jpeg 1024w, https:\/\/chinagxbm.com\/wp-content\/uploads\/2021\/04\/HTB1FGEGU3HqK1RjSZFPq6AwapXai-150x150.jpeg 150w, https:\/\/chinagxbm.com\/wp-content\/uploads\/2021\/04\/HTB1FGEGU3HqK1RjSZFPq6AwapXai-768x768.jpeg 768w, https:\/\/chinagxbm.com\/wp-content\/uploads\/2021\/04\/HTB1FGEGU3HqK1RjSZFPq6AwapXai-600x600.jpeg 600w, https:\/\/chinagxbm.com\/wp-content\/uploads\/2021\/04\/HTB1FGEGU3HqK1RjSZFPq6AwapXai-100x100.jpeg 100w\" sizes=\"auto, (max-width: 700px) 100vw, 700px\" \/> <img loading=\"lazy\" decoding=\"async\" class=\"alignleft wp-image-6097\" src=\"https:\/\/chinagxbm.com\/wp-content\/uploads\/2021\/04\/H52cab55c48b948b9b8bc2549639ba044A.jpeg\" alt=\"\" width=\"700\" height=\"700\" srcset=\"https:\/\/chinagxbm.com\/wp-content\/uploads\/2021\/04\/H52cab55c48b948b9b8bc2549639ba044A.jpeg 1000w, https:\/\/chinagxbm.com\/wp-content\/uploads\/2021\/04\/H52cab55c48b948b9b8bc2549639ba044A-300x300.jpeg 300w, https:\/\/chinagxbm.com\/wp-content\/uploads\/2021\/04\/H52cab55c48b948b9b8bc2549639ba044A-150x150.jpeg 150w, https:\/\/chinagxbm.com\/wp-content\/uploads\/2021\/04\/H52cab55c48b948b9b8bc2549639ba044A-768x768.jpeg 768w, https:\/\/chinagxbm.com\/wp-content\/uploads\/2021\/04\/H52cab55c48b948b9b8bc2549639ba044A-600x600.jpeg 600w, https:\/\/chinagxbm.com\/wp-content\/uploads\/2021\/04\/H52cab55c48b948b9b8bc2549639ba044A-100x100.jpeg 100w\" sizes=\"auto, (max-width: 700px) 100vw, 700px\" \/><\/p>","protected":false},"excerpt":{"rendered":"<p><strong>Syst\u00e8me de grille en T plat<\/strong><br \/>\nUne ossature en acier modulaire et durable con\u00e7ue pour des installations de plafonds en gypse PVC sans joints. Pr\u00e9-galvanis\u00e9e, l\u00e9g\u00e8re et personnalisable pour les projets commerciaux, industriels et r\u00e9sidentiels.<\/p>","protected":false},"featured_media":6094,"template":"","meta":{"_joinchat":[]},"product_brand":[],"product_cat":[126],"product_tag":[],"class_list":{"0":"post-579","1":"product","2":"type-product","3":"status-publish","4":"has-post-thumbnail","6":"product_cat-drywall-accessories","8":"first","9":"instock","10":"featured","11":"shipping-taxable","12":"purchasable","13":"product-type-simple"},"_links":{"self":[{"href":"https:\/\/chinagxbm.com\/fr\/wp-json\/wp\/v2\/product\/579","targetHints":{"allow":["GET"]}}],"collection":[{"href":"https:\/\/chinagxbm.com\/fr\/wp-json\/wp\/v2\/product"}],"about":[{"href":"https:\/\/chinagxbm.com\/fr\/wp-json\/wp\/v2\/types\/product"}],"wp:featuredmedia":[{"embeddable":true,"href":"https:\/\/chinagxbm.com\/fr\/wp-json\/wp\/v2\/media\/6094"}],"wp:attachment":[{"href":"https:\/\/chinagxbm.com\/fr\/wp-json\/wp\/v2\/media?parent=579"}],"wp:term":[{"taxonomy":"product_brand","embeddable":true,"href":"https:\/\/chinagxbm.com\/fr\/wp-json\/wp\/v2\/product_brand?post=579"},{"taxonomy":"product_cat","embeddable":true,"href":"https:\/\/chinagxbm.com\/fr\/wp-json\/wp\/v2\/product_cat?post=579"},{"taxonomy":"product_tag","embeddable":true,"href":"https:\/\/chinagxbm.com\/fr\/wp-json\/wp\/v2\/product_tag?post=579"}],"curies":[{"name":"wp","href":"https:\/\/api.w.org\/{rel}","templated":true}]}}