{"id":596,"date":"2021-04-14T11:49:26","date_gmt":"2021-04-14T11:49:26","guid":{"rendered":"https:\/\/startersites.io\/blocksy\/homi\/?post_type=product&#038;p=596"},"modified":"2025-02-16T16:18:17","modified_gmt":"2025-02-16T16:18:17","slug":"profile-de-fourrure-double-en-metal-pour-plafond","status":"publish","type":"product","link":"https:\/\/chinagxbm.com\/fr\/product\/profile-de-fourrure-double-en-metal-pour-plafond\/","title":{"rendered":"Plafond M\u00e9tallique Double Fourrure"},"content":{"rendered":"<p data-spm-anchor-id=\"a2700.details.0.i84.355656baIeAgnT\"><img loading=\"lazy\" decoding=\"async\" class=\"alignnone size-full wp-image-6148\" src=\"https:\/\/chinagxbm.com\/wp-content\/uploads\/2021\/04\/HTB1fk_iSFXXXXb1XVXXq6xXFXXXv.jpeg\" alt=\"\" width=\"700\" height=\"700\" srcset=\"https:\/\/chinagxbm.com\/wp-content\/uploads\/2021\/04\/HTB1fk_iSFXXXXb1XVXXq6xXFXXXv.jpeg 700w, https:\/\/chinagxbm.com\/wp-content\/uploads\/2021\/04\/HTB1fk_iSFXXXXb1XVXXq6xXFXXXv-300x300.jpeg 300w, https:\/\/chinagxbm.com\/wp-content\/uploads\/2021\/04\/HTB1fk_iSFXXXXb1XVXXq6xXFXXXv-150x150.jpeg 150w, https:\/\/chinagxbm.com\/wp-content\/uploads\/2021\/04\/HTB1fk_iSFXXXXb1XVXXq6xXFXXXv-600x600.jpeg 600w, https:\/\/chinagxbm.com\/wp-content\/uploads\/2021\/04\/HTB1fk_iSFXXXXb1XVXXq6xXFXXXv-100x100.jpeg 100w\" sizes=\"auto, (max-width: 700px) 100vw, 700px\" \/><\/p>\n<p class=\"magic-5\" data-spm-anchor-id=\"a2700.details.0.i84.355656baIeAgnT\">Taille du canal de fourrure : 50\u00d719<\/p>\n<p class=\"magic-5\" data-spm-anchor-id=\"a2700.details.0.i84.355656baIeAgnT\">Produits connexes \u00e0 installer : Canal \u00e0 crochets, Canal principal<\/p>\n<p class=\"magic-5\" data-spm-anchor-id=\"a2700.details.0.i85.355656baIeAgnT\">Longueur et \u00e9paisseur : selon les besoins<\/p>\n<p class=\"magic-5\">Emballage :10 PCS\/Bundle<\/p>\n<p class=\"magic-5\">Rev\u00eatement de zinc : 40g\/m2-275g\/m2<\/p>\n<p class=\"magic-5\">MOQ : 2 tonnes<\/p>\n<p><img loading=\"lazy\" decoding=\"async\" class=\"alignnone wp-image-6149\" src=\"https:\/\/chinagxbm.com\/wp-content\/uploads\/2021\/04\/HTB1iUGyXu7JL1JjSZFvq6AcYFXau.jpeg\" alt=\"\" width=\"700\" height=\"648\" srcset=\"https:\/\/chinagxbm.com\/wp-content\/uploads\/2021\/04\/HTB1iUGyXu7JL1JjSZFvq6AcYFXau.jpeg 364w, https:\/\/chinagxbm.com\/wp-content\/uploads\/2021\/04\/HTB1iUGyXu7JL1JjSZFvq6AcYFXau-300x278.jpeg 300w\" sizes=\"auto, (max-width: 700px) 100vw, 700px\" \/><\/p>\n<p>Taille du canal de fourrure : 47\u00d719<br \/>\nProduit connexe \u00e0 installer : F47 Clip<br \/>\nLongueur et \u00e9paisseur : selon les besoins<br \/>\nEmballage :10 PCS\/Bundle<br \/>\nRev\u00eatement de zinc : 40g\/m2-275g\/m2<br \/>\nMOQ : 2 tonnes<\/p>\n<p>&nbsp;<\/p>\n<figure id=\"attachment_6150\" aria-describedby=\"caption-attachment-6150\" style=\"width: 700px\" class=\"wp-caption alignnone\"><img loading=\"lazy\" decoding=\"async\" class=\"wp-image-6150\" src=\"https:\/\/chinagxbm.com\/wp-content\/uploads\/2021\/04\/H3d71c2b7f19c497bbb425912151ff443p.jpeg\" alt=\"\" width=\"700\" height=\"700\" srcset=\"https:\/\/chinagxbm.com\/wp-content\/uploads\/2021\/04\/H3d71c2b7f19c497bbb425912151ff443p.jpeg 800w, https:\/\/chinagxbm.com\/wp-content\/uploads\/2021\/04\/H3d71c2b7f19c497bbb425912151ff443p-300x300.jpeg 300w, https:\/\/chinagxbm.com\/wp-content\/uploads\/2021\/04\/H3d71c2b7f19c497bbb425912151ff443p-150x150.jpeg 150w, https:\/\/chinagxbm.com\/wp-content\/uploads\/2021\/04\/H3d71c2b7f19c497bbb425912151ff443p-768x768.jpeg 768w, https:\/\/chinagxbm.com\/wp-content\/uploads\/2021\/04\/H3d71c2b7f19c497bbb425912151ff443p-600x600.jpeg 600w, https:\/\/chinagxbm.com\/wp-content\/uploads\/2021\/04\/H3d71c2b7f19c497bbb425912151ff443p-100x100.jpeg 100w\" sizes=\"auto, (max-width: 700px) 100vw, 700px\" \/><figcaption id=\"caption-attachment-6150\" class=\"wp-caption-text\">Dimensions des profil\u00e9s de fourrure : 35x22x68<br \/>Produit connexe \u00e0 installer : Main Channel<br \/>Longueur et \u00e9paisseur : selon les besoins <br \/>Emballage :10 PCS\/Bundle<br \/>Rev\u00eatement de zinc : 40g\/m2-275g\/m2<br \/>MOQ : 2 tonnes<\/figcaption><\/figure>\n<table class=\"all magic-6\" style=\"height: 112px;\" width=\"713\">\n<tbody>\n<tr>\n<td>\n<div class=\"magic-7\" data-spm-anchor-id=\"a2700.details.0.i87.355656baIeAgnT\">Sp\u00e9cifications<\/div>\n<\/td>\n<td>\n<div class=\"magic-8\">\u00c9paisseur<\/div>\n<\/td>\n<td>\n<div class=\"magic-9\">Longueur<\/div>\n<\/td>\n<\/tr>\n<tr>\n<td>\n<div class=\"magic-7\">Canal de fourrure 68*35*22<\/div>\n<\/td>\n<td>\n<div class=\"magic-8\" data-spm-anchor-id=\"a2700.details.0.i83.355656baIeAgnT\">0,35-0,6 mm<\/div>\n<\/td>\n<td>\n<div class=\"magic-9\">3m<\/div>\n<\/td>\n<\/tr>\n<tr>\n<td>\n<div class=\"magic-7\" data-spm-anchor-id=\"a2700.details.0.i79.355656baIeAgnT\">Canal de fourrure 50*19<\/div>\n<\/td>\n<td>\n<div class=\"magic-8\">0,35-0,6 mm<\/div>\n<\/td>\n<td>\n<div class=\"magic-9\">3m<\/div>\n<\/td>\n<\/tr>\n<tr>\n<td>\n<div class=\"magic-7\">Canal de fourrure 47*19<\/div>\n<\/td>\n<td>\n<div class=\"magic-8\">0,35-0,6 mm<\/div>\n<\/td>\n<td>\n<div class=\"magic-9\">3m<\/div>\n<\/td>\n<\/tr>\n<\/tbody>\n<\/table>\n<p>&nbsp;<\/p>\n<p><img loading=\"lazy\" decoding=\"async\" class=\"alignleft wp-image-6153\" src=\"https:\/\/chinagxbm.com\/wp-content\/uploads\/2021\/04\/\u5fae\u4fe1\u56fe\u7247_20250215220536.jpg\" alt=\"\" width=\"700\" height=\"394\" srcset=\"https:\/\/chinagxbm.com\/wp-content\/uploads\/2021\/04\/\u5fae\u4fe1\u56fe\u7247_20250215220536.jpg 1920w, https:\/\/chinagxbm.com\/wp-content\/uploads\/2021\/04\/\u5fae\u4fe1\u56fe\u7247_20250215220536-300x169.jpg 300w, https:\/\/chinagxbm.com\/wp-content\/uploads\/2021\/04\/\u5fae\u4fe1\u56fe\u7247_20250215220536-1024x576.jpg 1024w, https:\/\/chinagxbm.com\/wp-content\/uploads\/2021\/04\/\u5fae\u4fe1\u56fe\u7247_20250215220536-768x432.jpg 768w, https:\/\/chinagxbm.com\/wp-content\/uploads\/2021\/04\/\u5fae\u4fe1\u56fe\u7247_20250215220536-1536x864.jpg 1536w, https:\/\/chinagxbm.com\/wp-content\/uploads\/2021\/04\/\u5fae\u4fe1\u56fe\u7247_20250215220536-600x338.jpg 600w\" sizes=\"auto, (max-width: 700px) 100vw, 700px\" \/><\/p>\n<p><img loading=\"lazy\" decoding=\"async\" class=\"alignleft wp-image-6151\" src=\"https:\/\/chinagxbm.com\/wp-content\/uploads\/2021\/04\/HTB1Dtktb6uhSKJjSspa760FgFXaI.png\" alt=\"\" width=\"700\" height=\"700\" srcset=\"https:\/\/chinagxbm.com\/wp-content\/uploads\/2021\/04\/HTB1Dtktb6uhSKJjSspa760FgFXaI.png 626w, https:\/\/chinagxbm.com\/wp-content\/uploads\/2021\/04\/HTB1Dtktb6uhSKJjSspa760FgFXaI-300x300.png 300w, https:\/\/chinagxbm.com\/wp-content\/uploads\/2021\/04\/HTB1Dtktb6uhSKJjSspa760FgFXaI-150x150.png 150w, https:\/\/chinagxbm.com\/wp-content\/uploads\/2021\/04\/HTB1Dtktb6uhSKJjSspa760FgFXaI-600x600.png 600w, https:\/\/chinagxbm.com\/wp-content\/uploads\/2021\/04\/HTB1Dtktb6uhSKJjSspa760FgFXaI-100x100.png 100w\" sizes=\"auto, (max-width: 700px) 100vw, 700px\" \/> <img loading=\"lazy\" decoding=\"async\" class=\"alignleft wp-image-6152\" src=\"https:\/\/chinagxbm.com\/wp-content\/uploads\/2021\/04\/C-Metal-Stud-Cw75-Gypsum-Drywall-Profile-Frame-Interior-Partition-Wall.png\" alt=\"\" width=\"700\" height=\"700\" srcset=\"https:\/\/chinagxbm.com\/wp-content\/uploads\/2021\/04\/C-Metal-Stud-Cw75-Gypsum-Drywall-Profile-Frame-Interior-Partition-Wall.png 1060w, https:\/\/chinagxbm.com\/wp-content\/uploads\/2021\/04\/C-Metal-Stud-Cw75-Gypsum-Drywall-Profile-Frame-Interior-Partition-Wall-300x300.png 300w, https:\/\/chinagxbm.com\/wp-content\/uploads\/2021\/04\/C-Metal-Stud-Cw75-Gypsum-Drywall-Profile-Frame-Interior-Partition-Wall-1024x1024.png 1024w, https:\/\/chinagxbm.com\/wp-content\/uploads\/2021\/04\/C-Metal-Stud-Cw75-Gypsum-Drywall-Profile-Frame-Interior-Partition-Wall-150x150.png 150w, https:\/\/chinagxbm.com\/wp-content\/uploads\/2021\/04\/C-Metal-Stud-Cw75-Gypsum-Drywall-Profile-Frame-Interior-Partition-Wall-768x768.png 768w, https:\/\/chinagxbm.com\/wp-content\/uploads\/2021\/04\/C-Metal-Stud-Cw75-Gypsum-Drywall-Profile-Frame-Interior-Partition-Wall-600x600.png 600w, https:\/\/chinagxbm.com\/wp-content\/uploads\/2021\/04\/C-Metal-Stud-Cw75-Gypsum-Drywall-Profile-Frame-Interior-Partition-Wall-100x100.png 100w\" sizes=\"auto, (max-width: 700px) 100vw, 700px\" \/><\/p>","protected":false},"excerpt":{"rendered":"<p><strong>Une ossature en acier de premi\u00e8re qualit\u00e9 pour des plafonds durables<\/strong><br \/>\nNos doubles fourrures m\u00e9talliques combinent\u00a0<strong>acier \u00e0 haute r\u00e9sistance<\/strong>La conception l\u00e9g\u00e8re et la galvanisation r\u00e9sistante \u00e0 la rouille offrent un support fiable pour les cloisons s\u00e8ches, les panneaux acoustiques et les plafonds suspendus. Con\u00e7u pour les projets commerciaux et r\u00e9sidentiels.<\/p>","protected":false},"featured_media":6145,"template":"","meta":{"_joinchat":[]},"product_brand":[],"product_cat":[72,126],"product_tag":[],"class_list":{"0":"post-596","1":"product","2":"type-product","3":"status-publish","4":"has-post-thumbnail","6":"product_cat-accessories","7":"product_cat-drywall-accessories","9":"first","10":"instock","11":"sale","12":"shipping-taxable","13":"purchasable","14":"product-type-simple"},"_links":{"self":[{"href":"https:\/\/chinagxbm.com\/fr\/wp-json\/wp\/v2\/product\/596","targetHints":{"allow":["GET"]}}],"collection":[{"href":"https:\/\/chinagxbm.com\/fr\/wp-json\/wp\/v2\/product"}],"about":[{"href":"https:\/\/chinagxbm.com\/fr\/wp-json\/wp\/v2\/types\/product"}],"wp:featuredmedia":[{"embeddable":true,"href":"https:\/\/chinagxbm.com\/fr\/wp-json\/wp\/v2\/media\/6145"}],"wp:attachment":[{"href":"https:\/\/chinagxbm.com\/fr\/wp-json\/wp\/v2\/media?parent=596"}],"wp:term":[{"taxonomy":"product_brand","embeddable":true,"href":"https:\/\/chinagxbm.com\/fr\/wp-json\/wp\/v2\/product_brand?post=596"},{"taxonomy":"product_cat","embeddable":true,"href":"https:\/\/chinagxbm.com\/fr\/wp-json\/wp\/v2\/product_cat?post=596"},{"taxonomy":"product_tag","embeddable":true,"href":"https:\/\/chinagxbm.com\/fr\/wp-json\/wp\/v2\/product_tag?post=596"}],"curies":[{"name":"wp","href":"https:\/\/api.w.org\/{rel}","templated":true}]}}