{"id":88,"date":"2021-04-09T16:52:26","date_gmt":"2021-04-09T16:52:26","guid":{"rendered":"https:\/\/startersites.io\/blocksy\/homi\/?post_type=product&#038;p=88"},"modified":"2025-02-15T13:22:54","modified_gmt":"2025-02-15T13:22:54","slug":"plaque-de-platre-resistante-au-feu","status":"publish","type":"product","link":"https:\/\/chinagxbm.com\/fr\/product\/plaque-de-platre-resistante-au-feu\/","title":{"rendered":"Plaque de pl\u00e2tre r\u00e9sistante au feu"},"content":{"rendered":"<p data-start=\"382\" data-end=\"785\">La plaque de pl\u00e2tre ignifug\u00e9e est un mat\u00e9riau de construction haute performance sp\u00e9cialement con\u00e7u pour les applications r\u00e9sistantes au feu. Elles sont fabriqu\u00e9es \u00e0 partir de gypse de haute qualit\u00e9 et renforc\u00e9es par de la fibre de verre afin d'am\u00e9liorer leur r\u00e9sistance au feu. Ce type de plaque de pl\u00e2tre est largement utilis\u00e9 dans les b\u00e2timents commerciaux et r\u00e9sidentiels, en particulier dans les zones o\u00f9 une protection accrue contre le feu est n\u00e9cessaire, comme les murs, les plafonds et les cloisons.<\/p>\n<h4 data-start=\"787\" data-end=\"811\"><strong data-start=\"792\" data-end=\"809\">Caract\u00e9ristiques principales :<\/strong><\/h4>\n<p data-start=\"812\" data-end=\"1230\">\u2714 <strong data-start=\"814\" data-end=\"833\">R\u00e9sistance au feu<\/strong> - Performance ignifuge am\u00e9lior\u00e9e gr\u00e2ce au renforcement en fibre de verre.<br data-start=\"899\" data-end=\"902\" \/>\u2714 <strong data-start=\"904\" data-end=\"921\">Haute r\u00e9sistance<\/strong> - Structure durable et r\u00e9sistante aux chocs.<br data-start=\"963\" data-end=\"966\" \/>\u2714 <strong data-start=\"968\" data-end=\"986\">Surface lisse<\/strong> - Convient pour la peinture et la finition.<br data-start=\"1025\" data-end=\"1028\" \/>\u2714 <strong data-start=\"1030\" data-end=\"1051\">Installation facile<\/strong> - Peut \u00eatre coup\u00e9, clou\u00e9 et viss\u00e9 comme une plaque de pl\u00e2tre standard.<br data-start=\"1113\" data-end=\"1116\" \/>\u2714 <strong data-start=\"1118\" data-end=\"1139\">Qualit\u00e9 certifi\u00e9e<\/strong> - Conforme aux normes de s\u00e9curit\u00e9 internationales, y compris <strong data-start=\"1198\" data-end=\"1227\">FDS et certification CE<\/strong>.<\/p>\n<h4 data-start=\"1232\" data-end=\"1259\"><strong data-start=\"1237\" data-end=\"1257\">Tailles disponibles :<\/strong><\/h4>\n<p data-start=\"1260\" data-end=\"1284\">\ud83d\udccc <strong data-start=\"1263\" data-end=\"1282\">Largeur \u00d7 Longueur :<\/strong><\/p>\n<ul data-start=\"1285\" data-end=\"1379\">\n<li data-start=\"1285\" data-end=\"1303\">1200 \u00d7 2000 mm<\/li>\n<li data-start=\"1304\" data-end=\"1322\">1200 \u00d7 2400 mm<\/li>\n<li data-start=\"1323\" data-end=\"1341\">1220 \u00d7 2440 mm<\/li>\n<li data-start=\"1342\" data-end=\"1360\">1200 \u00d7 2700 mm<\/li>\n<li data-start=\"1361\" data-end=\"1379\">1200 \u00d7 3000 mm<\/li>\n<\/ul>\n<p data-start=\"1381\" data-end=\"1408\">\ud83d\udccc <strong data-start=\"1384\" data-end=\"1406\">Options d'\u00e9paisseur :<\/strong><\/p>\n<ul data-start=\"1409\" data-end=\"1459\">\n<li data-start=\"1409\" data-end=\"1459\">7mm, 8mm, 9mm, 9.5mm, 10mm, 12mm, 12.5mm, 15mm<\/li>\n<\/ul>\n<h4 data-start=\"1461\" data-end=\"1485\"><strong data-start=\"1466\" data-end=\"1483\">Applications :<\/strong><\/h4>\n<p data-start=\"1486\" data-end=\"1726\">\ud83c\udfe2 <strong data-start=\"1489\" data-end=\"1527\">B\u00e2timents commerciaux et r\u00e9sidentiels<\/strong> - Utilis\u00e9 pour les murs et les plafonds ignifug\u00e9s.<br data-start=\"1569\" data-end=\"1572\" \/>\ud83c\udfed <strong data-start=\"1575\" data-end=\"1600\">Installations industrielles<\/strong> - Convient aux zones n\u00e9cessitant une protection contre l'incendie.<br data-start=\"1648\" data-end=\"1651\" \/>\ud83c\udfe5 <strong data-start=\"1654\" data-end=\"1677\">H\u00f4pitaux et \u00e9coles<\/strong> - Assurer la s\u00e9curit\u00e9 dans des environnements tr\u00e8s fr\u00e9quent\u00e9s.<\/p>\n<p data-start=\"1728\" data-end=\"1902\" data-is-last-node=\"\">En tant qu'exportateur et fabricant leader de plaques de pl\u00e2tre en Chine, nous fournissons des produits de la meilleure qualit\u00e9 \u00e0 des prix comp\u00e9titifs.<\/p>\n<p data-start=\"1728\" data-end=\"1902\" data-is-last-node=\"\"><img loading=\"lazy\" decoding=\"async\" class=\"alignnone size-full wp-image-6140\" src=\"https:\/\/chinagxbm.com\/wp-content\/uploads\/2021\/04\/fireproof-11.jpg\" alt=\"\" width=\"750\" height=\"511\" srcset=\"https:\/\/chinagxbm.com\/wp-content\/uploads\/2021\/04\/fireproof-11.jpg 750w, https:\/\/chinagxbm.com\/wp-content\/uploads\/2021\/04\/fireproof-11-300x204.jpg 300w, https:\/\/chinagxbm.com\/wp-content\/uploads\/2021\/04\/fireproof-11-600x409.jpg 600w\" sizes=\"auto, (max-width: 750px) 100vw, 750px\" \/> <img loading=\"lazy\" decoding=\"async\" class=\"alignnone size-full wp-image-6141\" src=\"https:\/\/chinagxbm.com\/wp-content\/uploads\/2021\/04\/fireproof22.jpg\" alt=\"\" width=\"750\" height=\"422\" srcset=\"https:\/\/chinagxbm.com\/wp-content\/uploads\/2021\/04\/fireproof22.jpg 750w, https:\/\/chinagxbm.com\/wp-content\/uploads\/2021\/04\/fireproof22-300x169.jpg 300w, https:\/\/chinagxbm.com\/wp-content\/uploads\/2021\/04\/fireproof22-600x338.jpg 600w\" sizes=\"auto, (max-width: 750px) 100vw, 750px\" \/> <img loading=\"lazy\" decoding=\"async\" class=\"alignnone size-full wp-image-6142\" src=\"https:\/\/chinagxbm.com\/wp-content\/uploads\/2021\/04\/fireproof33.jpg\" alt=\"\" width=\"750\" height=\"559\" srcset=\"https:\/\/chinagxbm.com\/wp-content\/uploads\/2021\/04\/fireproof33.jpg 750w, https:\/\/chinagxbm.com\/wp-content\/uploads\/2021\/04\/fireproof33-300x224.jpg 300w, https:\/\/chinagxbm.com\/wp-content\/uploads\/2021\/04\/fireproof33-600x447.jpg 600w\" sizes=\"auto, (max-width: 750px) 100vw, 750px\" \/> <img loading=\"lazy\" decoding=\"async\" class=\"alignnone size-full wp-image-6143\" src=\"https:\/\/chinagxbm.com\/wp-content\/uploads\/2021\/04\/fireproof44.jpg\" alt=\"\" width=\"750\" height=\"422\" srcset=\"https:\/\/chinagxbm.com\/wp-content\/uploads\/2021\/04\/fireproof44.jpg 750w, https:\/\/chinagxbm.com\/wp-content\/uploads\/2021\/04\/fireproof44-300x169.jpg 300w, https:\/\/chinagxbm.com\/wp-content\/uploads\/2021\/04\/fireproof44-600x338.jpg 600w\" sizes=\"auto, (max-width: 750px) 100vw, 750px\" \/><\/p>","protected":false},"excerpt":{"rendered":"<p>Les plaques de pl\u00e2tre ignifug\u00e9es sont con\u00e7ues pour offrir une meilleure r\u00e9sistance au feu dans diverses applications. Elle est fabriqu\u00e9e \u00e0 partir d'un noyau ignifuge sp\u00e9cial renforc\u00e9 par de la fibre de verre, ce qui en fait un choix id\u00e9al pour les zones n\u00e9cessitant une meilleure protection contre le feu.<\/p>","protected":false},"featured_media":6138,"template":"","meta":{"_joinchat":[]},"product_brand":[],"product_cat":[124],"product_tag":[],"class_list":{"0":"post-88","1":"product","2":"type-product","3":"status-publish","4":"has-post-thumbnail","6":"product_cat-plasterboard","8":"first","9":"instock","10":"shipping-taxable","11":"purchasable","12":"product-type-simple"},"_links":{"self":[{"href":"https:\/\/chinagxbm.com\/fr\/wp-json\/wp\/v2\/product\/88","targetHints":{"allow":["GET"]}}],"collection":[{"href":"https:\/\/chinagxbm.com\/fr\/wp-json\/wp\/v2\/product"}],"about":[{"href":"https:\/\/chinagxbm.com\/fr\/wp-json\/wp\/v2\/types\/product"}],"wp:featuredmedia":[{"embeddable":true,"href":"https:\/\/chinagxbm.com\/fr\/wp-json\/wp\/v2\/media\/6138"}],"wp:attachment":[{"href":"https:\/\/chinagxbm.com\/fr\/wp-json\/wp\/v2\/media?parent=88"}],"wp:term":[{"taxonomy":"product_brand","embeddable":true,"href":"https:\/\/chinagxbm.com\/fr\/wp-json\/wp\/v2\/product_brand?post=88"},{"taxonomy":"product_cat","embeddable":true,"href":"https:\/\/chinagxbm.com\/fr\/wp-json\/wp\/v2\/product_cat?post=88"},{"taxonomy":"product_tag","embeddable":true,"href":"https:\/\/chinagxbm.com\/fr\/wp-json\/wp\/v2\/product_tag?post=88"}],"curies":[{"name":"wp","href":"https:\/\/api.w.org\/{rel}","templated":true}]}}